{"id":31888,"date":"2024-01-02T17:36:10","date_gmt":"2024-01-02T16:36:10","guid":{"rendered":"https:\/\/atelierkhanrenew.ch\/?post_type=product&#038;p=31888"},"modified":"2024-01-02T18:39:50","modified_gmt":"2024-01-02T17:39:50","slug":"carnet-de-note-reliure-carre-colle-de-150-pages-format-a5-creation-par-sha-autour-dun-cafe","status":"publish","type":"product","link":"https:\/\/atelierkhanrenew.ch\/en\/product\/carnet-de-note-reliure-carre-colle-de-150-pages-format-a5-creation-par-sha-autour-dun-cafe\/","title":{"rendered":"Carnet de notes reliure carr\u00e9 coll\u00e9 \u2013 de 150 pages \u2013 format A5 -cr\u00e9ation par Sha \u2013 \u00ab\u00a0Autour d&#8217;un caf\u00e9\u00bb"},"content":{"rendered":"<p style=\"text-align: center;\"><strong>**Caract\u00e9ristiques Principales:**<\/strong><\/p>\n<p><strong>1. **Couverte d&#8217;Art:**<\/strong><br \/>\n&#8211; La couverture rigide met en valeur l&#8217;\u0153uvre captivante &#8220;Autour d&#8217;un caf\u00e9&#8221; de l&#8217;artiste Sha. Chaque carnet devient une pi\u00e8ce artistique unique.<\/p>\n<p>&nbsp;<\/p>\n<p><strong>2. **Illustrations en Noir et Blanc:**<\/strong><br \/>\n&#8211; L&#8217;int\u00e9rieur du carnet pr\u00e9sente des illustrations en noir et blanc exclusives de Sha, magnifi\u00e9es par notre designer. Chaque page invite \u00e0 l&#8217;inspiration artistique.<\/p>\n<p>&nbsp;<\/p>\n<p><strong>3. **Planifiez Votre Journ\u00e9e avec Style:**<\/strong><br \/>\n&#8211; Int\u00e9gr\u00e9 avec des &#8220;to-do lists&#8221; pour vous aider \u00e0 rester organis\u00e9 et \u00e0 ne rien oublier.<\/p>\n<p>&nbsp;<\/p>\n<p><strong>4. **150 Pages pour une Cr\u00e9ativit\u00e9 Illimit\u00e9e:**<\/strong><br \/>\n&#8211; Offrant g\u00e9n\u00e9reusement 150 pages, ce carnet lib\u00e8re votre cr\u00e9ativit\u00e9 sans limites. Chaque page est un espace d\u00e9di\u00e9 \u00e0 vos pens\u00e9es, concepts, dessins, et plus encore.<\/p>\n<p>&nbsp;<\/p>\n<p><strong>5. **Pages Cr\u00e8mes Apaisantes:**<\/strong><\/p>\n<p>&#8211; Les pages couleur cr\u00e8me offrent une alternative douce au blanc traditionnel, m\u00e9nageant vos yeux et cr\u00e9ant une ambiance chaleureuse.<\/p>\n<p>&nbsp;<\/p>\n<p><strong>6. **Robuste, Esth\u00e9tique, Fonctionnel, Cr\u00e9atif:**<\/strong><br \/>\n&#8211; Fusionnant robustesse pour un usage quotidien, esth\u00e9tisme pour stimuler la cr\u00e9ativit\u00e9, fonctionnalit\u00e9 pour rester organis\u00e9, et cr\u00e9ativit\u00e9 pour inspirer.<\/p>\n<p>&nbsp;<\/p>\n<p><strong>7. **Polyvalent:**<\/strong><br \/>\nCon\u00e7u pour r\u00e9pondre \u00e0 divers besoins, le carnet &#8220;Autour d&#8217;un caf\u00e9&#8221; se pr\u00eate parfaitement \u00e0 une multitude d&#8217;utilisations, tels que carnets de progr\u00e8s professionnels, carnets de souvenirs, carnets de voyage, carnets d&#8217;objectifs, cahiers de recettes, journaux de fitness et bien-\u00eatre, et bien d&#8217;autres encore. Sa flexibilit\u00e9 en fait l&#8217;outil id\u00e9al pour s&#8217;adapter \u00e0 une vari\u00e9t\u00e9 d&#8217;usages selon vos besoins et pr\u00e9f\u00e9rences.<\/p>\n<p>&nbsp;<\/p>\n<p><strong>8. **Prix Abordable:**<\/strong><br \/>\n&#8211; Une qualit\u00e9 exceptionnelle \u00e0 un prix abordable, faisant du carnet &#8220;Autour d&#8217;un caf\u00e9&#8221; le choix judicieux pour les passionn\u00e9s de papeterie recherchant l&#8217;\u00e9quilibre parfait entre qualit\u00e9 et budget.<\/p>\n<p>&nbsp;<\/p>\n<p style=\"text-align: center;\">&nbsp;<\/p>\n<p style=\"text-align: center;\"><strong>**Caract\u00e9ristiques techniques:**<\/strong><\/p>\n<p><strong>Format A5<\/strong> avec spirales: 17,1 par 21,5 cm et sans spirales : 14,8 par 21 cm.<br \/>\nA l&#8217;int\u00e9rieur, <strong>les pages ont un grammage de 90 g de couleur cr\u00e8me.<\/strong><br \/>\nReliure:<strong> carr\u00e9 coll\u00e9<\/strong><br \/>\nCouverture rigide et carton\u00e9e <strong>avec papier couch\u00e9 mat 170 gramme<\/strong><br \/>\n<strong>150 pages&nbsp;<\/strong><\/p>","protected":false},"excerpt":{"rendered":"<p>D\u00e9couvrez le carnet de notes <strong><em>&#8220;Autour d&#8217;un caf\u00e9&#8221;<\/em><\/strong>, une invitation \u00e0 plonger dans l&#8217;univers extraordinaire de Sha.<\/p>\n<p><strong>La couverture offre une repr\u00e9sentation fid\u00e8le du tableau &#8220;Autour d&#8217;un caf\u00e9&#8221; de Sha<\/strong>, vous transportant imm\u00e9diatement dans l&#8217;ambiance unique de l&#8217;artiste.<\/p>\n<p><strong>\u00c0 l&#8217;int\u00e9rieur, laissez-vous s\u00e9duire par des illustrations noir et blanc in\u00e9dites,<\/strong> con\u00e7ues par l&#8217;imagination de Sha et retravaill\u00e9es avec soin par notre talentueux graphiste. Ces images uniques ne manqueront pas de stimuler votre inspiration, votre imagination et votre cr\u00e9ativit\u00e9.<\/p>\n<p><strong>Dot\u00e9 de 150 pages,<\/strong> ce carnet vous offre un espace sans limites pour exprimer vos pens\u00e9es, r\u00e9flexions, dessins et \u00e9crits.<\/p>\n<p>Polyvalent, il peut \u00eatre utilis\u00e9 <strong>comme journal de gratitude, cahier de prises de notes, organiseur, journal intime ou carnet cr\u00e9atif.<\/strong><\/p>\n<p><strong> Les &#8220;to-do lists&#8221; incluses<\/strong> vous permettront de rester organis\u00e9 et de ne rien oublier.<\/p>\n<p>Plongez dans un <strong>univers imaginaire et magnifique<\/strong> \u00e0 chaque page de ce carnet <em>&#8220;Autour d&#8217;un caf\u00e9&#8221;. <\/em><\/p>\n<p>Laissez-vous inspirer et lib\u00e9rez votre cr\u00e9ativit\u00e9 avec<strong> ce compagnon parfait<\/strong> pour accompagner vos moments de r\u00e9flexion et d&#8217;expression personnelle.<\/p>","protected":false},"featured_media":31889,"comment_status":"open","ping_status":"closed","template":"","meta":{"_uag_custom_page_level_css":"","neve_meta_sidebar":"","neve_meta_container":"","neve_meta_enable_content_width":"off","neve_meta_content_width":100,"neve_meta_title_alignment":"","neve_meta_author_avatar":"","neve_post_elements_order":"","neve_meta_disable_header":"","neve_meta_disable_footer":"","neve_meta_disable_title":"","ngg_post_thumbnail":0},"product_cat":[65],"product_tag":[],"class_list":{"0":"post-31888","1":"product","2":"type-product","3":"status-publish","4":"has-post-thumbnail","6":"product_cat-bloc-notes","8":"first","9":"instock","10":"shipping-taxable","11":"purchasable","12":"product-type-simple"},"yoast_head":"<!-- This site is optimized with the Yoast SEO plugin v21.8 - https:\/\/yoast.com\/wordpress\/plugins\/seo\/ -->\n<title>Carnet de notes reliure carr\u00e9 coll\u00e9 \u2013 de 150 pages \u2013 format A5 -cr\u00e9ation par Sha \u2013 \u00ab\u00a0Autour d&#039;un caf\u00e9\u00bb - Atelier Khan Renew<\/title>\n<meta name=\"robots\" content=\"index, follow, max-snippet:-1, max-image-preview:large, max-video-preview:-1\" \/>\n<link rel=\"canonical\" href=\"https:\/\/atelierkhanrenew.ch\/en\/product\/carnet-de-note-reliure-carre-colle-de-150-pages-format-a5-creation-par-sha-autour-dun-cafe\/\" \/>\n<meta property=\"og:locale\" content=\"en_US\" \/>\n<meta property=\"og:type\" content=\"article\" \/>\n<meta property=\"og:title\" content=\"Carnet de notes reliure carr\u00e9 coll\u00e9 \u2013 de 150 pages \u2013 format A5 -cr\u00e9ation par Sha \u2013 \u00ab\u00a0Autour d&#039;un caf\u00e9\u00bb - Atelier Khan Renew\" \/>\n<meta property=\"og:description\" content=\"D\u00e9couvrez le carnet de notes &quot;Autour d&#039;un caf\u00e9&quot;, une invitation \u00e0 plonger dans l&#039;univers extraordinaire de Sha.  La couverture offre une repr\u00e9sentation fid\u00e8le du tableau &quot;Autour d&#039;un caf\u00e9&quot; de Sha, vous transportant imm\u00e9diatement dans l&#039;ambiance unique de l&#039;artiste.  \u00c0 l&#039;int\u00e9rieur, laissez-vous s\u00e9duire par des illustrations noir et blanc in\u00e9dites, con\u00e7ues par l&#039;imagination de Sha et retravaill\u00e9es avec soin par notre talentueux graphiste. Ces images uniques ne manqueront pas de stimuler votre inspiration, votre imagination et votre cr\u00e9ativit\u00e9.  Dot\u00e9 de 150 pages, ce carnet vous offre un espace sans limites pour exprimer vos pens\u00e9es, r\u00e9flexions, dessins et \u00e9crits.  Polyvalent, il peut \u00eatre utilis\u00e9 comme journal de gratitude, cahier de prises de notes, organiseur, journal intime ou carnet cr\u00e9atif.   Les &quot;to-do lists&quot; incluses vous permettront de rester organis\u00e9 et de ne rien oublier.  Plongez dans un univers imaginaire et magnifique \u00e0 chaque page de ce carnet &quot;Autour d&#039;un caf\u00e9&quot;.   Laissez-vous inspirer et lib\u00e9rez votre cr\u00e9ativit\u00e9 avec ce compagnon parfait pour accompagner vos moments de r\u00e9flexion et d&#039;expression personnelle.\" \/>\n<meta property=\"og:url\" content=\"https:\/\/atelierkhanrenew.ch\/en\/product\/carnet-de-note-reliure-carre-colle-de-150-pages-format-a5-creation-par-sha-autour-dun-cafe\/\" \/>\n<meta property=\"og:site_name\" content=\"Atelier Khan Renew\" \/>\n<meta property=\"article:publisher\" content=\"https:\/\/www.facebook.com\/atelierkhanrenew\" \/>\n<meta property=\"article:modified_time\" content=\"2024-01-02T17:39:50+00:00\" \/>\n<meta property=\"og:image\" content=\"https:\/\/atelierkhanrenew.ch\/wp-content\/uploads\/2024\/01\/carnet-autour-du-cafe-vue-de-face-1024x1024.png\" \/>\n\t<meta property=\"og:image:width\" content=\"1024\" \/>\n\t<meta property=\"og:image:height\" content=\"1024\" \/>\n\t<meta property=\"og:image:type\" content=\"image\/png\" \/>\n<meta name=\"twitter:card\" content=\"summary_large_image\" \/>\n<meta name=\"twitter:label1\" content=\"Est. reading time\" \/>\n\t<meta name=\"twitter:data1\" content=\"2 minutes\" \/>\n<script type=\"application\/ld+json\" class=\"yoast-schema-graph\">{\"@context\":\"https:\/\/schema.org\",\"@graph\":[{\"@type\":\"WebPage\",\"@id\":\"https:\/\/atelierkhanrenew.ch\/produit\/carnet-de-note-reliure-carre-colle-de-150-pages-format-a5-creation-par-sha-autour-dun-cafe\/\",\"url\":\"https:\/\/atelierkhanrenew.ch\/produit\/carnet-de-note-reliure-carre-colle-de-150-pages-format-a5-creation-par-sha-autour-dun-cafe\/\",\"name\":\"Carnet de notes reliure carr\u00e9 coll\u00e9 \u2013 de 150 pages \u2013 format A5 -cr\u00e9ation par Sha \u2013 \u00ab\u00a0Autour d'un caf\u00e9\u00bb - Atelier Khan Renew\",\"isPartOf\":{\"@id\":\"https:\/\/atelierkhanrenew.ch\/#website\"},\"datePublished\":\"2024-01-02T16:36:10+00:00\",\"dateModified\":\"2024-01-02T17:39:50+00:00\",\"breadcrumb\":{\"@id\":\"https:\/\/atelierkhanrenew.ch\/produit\/carnet-de-note-reliure-carre-colle-de-150-pages-format-a5-creation-par-sha-autour-dun-cafe\/#breadcrumb\"},\"inLanguage\":\"en-US\",\"potentialAction\":[{\"@type\":\"ReadAction\",\"target\":[\"https:\/\/atelierkhanrenew.ch\/produit\/carnet-de-note-reliure-carre-colle-de-150-pages-format-a5-creation-par-sha-autour-dun-cafe\/\"]}]},{\"@type\":\"BreadcrumbList\",\"@id\":\"https:\/\/atelierkhanrenew.ch\/produit\/carnet-de-note-reliure-carre-colle-de-150-pages-format-a5-creation-par-sha-autour-dun-cafe\/#breadcrumb\",\"itemListElement\":[{\"@type\":\"ListItem\",\"position\":1,\"name\":\"Accueil\",\"item\":\"https:\/\/atelierkhanrenew.ch\/\"},{\"@type\":\"ListItem\",\"position\":2,\"name\":\"e-shop\",\"item\":\"https:\/\/atelierkhanrenew.ch\/boutique\/\"},{\"@type\":\"ListItem\",\"position\":3,\"name\":\"Carnet de notes reliure carr\u00e9 coll\u00e9 \u2013 de 150 pages \u2013 format A5 -cr\u00e9ation par Sha \u2013 \u00ab\u00a0Autour d&#8217;un caf\u00e9\u00bb\"}]},{\"@type\":\"WebSite\",\"@id\":\"https:\/\/atelierkhanrenew.ch\/#website\",\"url\":\"https:\/\/atelierkhanrenew.ch\/\",\"name\":\"Atelier Khan Renew\",\"description\":\"\",\"publisher\":{\"@id\":\"https:\/\/atelierkhanrenew.ch\/#organization\"},\"potentialAction\":[{\"@type\":\"SearchAction\",\"target\":{\"@type\":\"EntryPoint\",\"urlTemplate\":\"https:\/\/atelierkhanrenew.ch\/?s={search_term_string}\"},\"query-input\":\"required name=search_term_string\"}],\"inLanguage\":\"en-US\"},{\"@type\":\"Organization\",\"@id\":\"https:\/\/atelierkhanrenew.ch\/#organization\",\"name\":\"Atelier Khan Renew\",\"url\":\"https:\/\/atelierkhanrenew.ch\/\",\"logo\":{\"@type\":\"ImageObject\",\"inLanguage\":\"en-US\",\"@id\":\"https:\/\/atelierkhanrenew.ch\/#\/schema\/logo\/image\/\",\"url\":\"https:\/\/atelierkhanrenew.ch\/wp-content\/uploads\/2021\/03\/cropped-Logo-Akr-vectorise\u0301-png-1-e1619189313608.png\",\"contentUrl\":\"https:\/\/atelierkhanrenew.ch\/wp-content\/uploads\/2021\/03\/cropped-Logo-Akr-vectorise\u0301-png-1-e1619189313608.png\",\"width\":512,\"height\":479,\"caption\":\"Atelier Khan Renew\"},\"image\":{\"@id\":\"https:\/\/atelierkhanrenew.ch\/#\/schema\/logo\/image\/\"},\"sameAs\":[\"https:\/\/www.facebook.com\/atelierkhanrenew\",\"https:\/\/www.instagram.com\/akr_compteofficiel\/?hl=fr\",\"https:\/\/www.pinterest.fr\/Atelierkhanrenew\"]}]}<\/script>\n<!-- \/ Yoast SEO plugin. -->","yoast_head_json":{"title":"Carnet de notes reliure carr\u00e9 coll\u00e9 \u2013 de 150 pages \u2013 format A5 -cr\u00e9ation par Sha \u2013 \u00ab\u00a0Autour d'un caf\u00e9\u00bb - Atelier Khan Renew","robots":{"index":"index","follow":"follow","max-snippet":"max-snippet:-1","max-image-preview":"max-image-preview:large","max-video-preview":"max-video-preview:-1"},"canonical":"https:\/\/atelierkhanrenew.ch\/en\/product\/carnet-de-note-reliure-carre-colle-de-150-pages-format-a5-creation-par-sha-autour-dun-cafe\/","og_locale":"en_US","og_type":"article","og_title":"Carnet de notes reliure carr\u00e9 coll\u00e9 \u2013 de 150 pages \u2013 format A5 -cr\u00e9ation par Sha \u2013 \u00ab\u00a0Autour d'un caf\u00e9\u00bb - Atelier Khan Renew","og_description":"D\u00e9couvrez le carnet de notes \"Autour d'un caf\u00e9\", une invitation \u00e0 plonger dans l'univers extraordinaire de Sha.  La couverture offre une repr\u00e9sentation fid\u00e8le du tableau \"Autour d'un caf\u00e9\" de Sha, vous transportant imm\u00e9diatement dans l'ambiance unique de l'artiste.  \u00c0 l'int\u00e9rieur, laissez-vous s\u00e9duire par des illustrations noir et blanc in\u00e9dites, con\u00e7ues par l'imagination de Sha et retravaill\u00e9es avec soin par notre talentueux graphiste. Ces images uniques ne manqueront pas de stimuler votre inspiration, votre imagination et votre cr\u00e9ativit\u00e9.  Dot\u00e9 de 150 pages, ce carnet vous offre un espace sans limites pour exprimer vos pens\u00e9es, r\u00e9flexions, dessins et \u00e9crits.  Polyvalent, il peut \u00eatre utilis\u00e9 comme journal de gratitude, cahier de prises de notes, organiseur, journal intime ou carnet cr\u00e9atif.   Les \"to-do lists\" incluses vous permettront de rester organis\u00e9 et de ne rien oublier.  Plongez dans un univers imaginaire et magnifique \u00e0 chaque page de ce carnet \"Autour d'un caf\u00e9\".   Laissez-vous inspirer et lib\u00e9rez votre cr\u00e9ativit\u00e9 avec ce compagnon parfait pour accompagner vos moments de r\u00e9flexion et d'expression personnelle.","og_url":"https:\/\/atelierkhanrenew.ch\/en\/product\/carnet-de-note-reliure-carre-colle-de-150-pages-format-a5-creation-par-sha-autour-dun-cafe\/","og_site_name":"Atelier Khan Renew","article_publisher":"https:\/\/www.facebook.com\/atelierkhanrenew","article_modified_time":"2024-01-02T17:39:50+00:00","og_image":[{"width":1024,"height":1024,"url":"https:\/\/atelierkhanrenew.ch\/wp-content\/uploads\/2024\/01\/carnet-autour-du-cafe-vue-de-face-1024x1024.png","type":"image\/png"}],"twitter_card":"summary_large_image","twitter_misc":{"Est. reading time":"2 minutes"},"schema":{"@context":"https:\/\/schema.org","@graph":[{"@type":"WebPage","@id":"https:\/\/atelierkhanrenew.ch\/produit\/carnet-de-note-reliure-carre-colle-de-150-pages-format-a5-creation-par-sha-autour-dun-cafe\/","url":"https:\/\/atelierkhanrenew.ch\/produit\/carnet-de-note-reliure-carre-colle-de-150-pages-format-a5-creation-par-sha-autour-dun-cafe\/","name":"Carnet de notes reliure carr\u00e9 coll\u00e9 \u2013 de 150 pages \u2013 format A5 -cr\u00e9ation par Sha \u2013 \u00ab\u00a0Autour d'un caf\u00e9\u00bb - Atelier Khan Renew","isPartOf":{"@id":"https:\/\/atelierkhanrenew.ch\/#website"},"datePublished":"2024-01-02T16:36:10+00:00","dateModified":"2024-01-02T17:39:50+00:00","breadcrumb":{"@id":"https:\/\/atelierkhanrenew.ch\/produit\/carnet-de-note-reliure-carre-colle-de-150-pages-format-a5-creation-par-sha-autour-dun-cafe\/#breadcrumb"},"inLanguage":"en-US","potentialAction":[{"@type":"ReadAction","target":["https:\/\/atelierkhanrenew.ch\/produit\/carnet-de-note-reliure-carre-colle-de-150-pages-format-a5-creation-par-sha-autour-dun-cafe\/"]}]},{"@type":"BreadcrumbList","@id":"https:\/\/atelierkhanrenew.ch\/produit\/carnet-de-note-reliure-carre-colle-de-150-pages-format-a5-creation-par-sha-autour-dun-cafe\/#breadcrumb","itemListElement":[{"@type":"ListItem","position":1,"name":"Accueil","item":"https:\/\/atelierkhanrenew.ch\/"},{"@type":"ListItem","position":2,"name":"e-shop","item":"https:\/\/atelierkhanrenew.ch\/boutique\/"},{"@type":"ListItem","position":3,"name":"Carnet de notes reliure carr\u00e9 coll\u00e9 \u2013 de 150 pages \u2013 format A5 -cr\u00e9ation par Sha \u2013 \u00ab\u00a0Autour d&#8217;un caf\u00e9\u00bb"}]},{"@type":"WebSite","@id":"https:\/\/atelierkhanrenew.ch\/#website","url":"https:\/\/atelierkhanrenew.ch\/","name":"Atelier Khan Renew","description":"","publisher":{"@id":"https:\/\/atelierkhanrenew.ch\/#organization"},"potentialAction":[{"@type":"SearchAction","target":{"@type":"EntryPoint","urlTemplate":"https:\/\/atelierkhanrenew.ch\/?s={search_term_string}"},"query-input":"required name=search_term_string"}],"inLanguage":"en-US"},{"@type":"Organization","@id":"https:\/\/atelierkhanrenew.ch\/#organization","name":"Atelier Khan Renew","url":"https:\/\/atelierkhanrenew.ch\/","logo":{"@type":"ImageObject","inLanguage":"en-US","@id":"https:\/\/atelierkhanrenew.ch\/#\/schema\/logo\/image\/","url":"https:\/\/atelierkhanrenew.ch\/wp-content\/uploads\/2021\/03\/cropped-Logo-Akr-vectorise\u0301-png-1-e1619189313608.png","contentUrl":"https:\/\/atelierkhanrenew.ch\/wp-content\/uploads\/2021\/03\/cropped-Logo-Akr-vectorise\u0301-png-1-e1619189313608.png","width":512,"height":479,"caption":"Atelier Khan Renew"},"image":{"@id":"https:\/\/atelierkhanrenew.ch\/#\/schema\/logo\/image\/"},"sameAs":["https:\/\/www.facebook.com\/atelierkhanrenew","https:\/\/www.instagram.com\/akr_compteofficiel\/?hl=fr","https:\/\/www.pinterest.fr\/Atelierkhanrenew"]}]}},"uagb_featured_image_src":{"full":["https:\/\/atelierkhanrenew.ch\/wp-content\/uploads\/2024\/01\/carnet-autour-du-cafe-vue-de-face.png",1080,1080,false],"thumbnail":["https:\/\/atelierkhanrenew.ch\/wp-content\/uploads\/2024\/01\/carnet-autour-du-cafe-vue-de-face-150x150.png",150,150,true],"medium":["https:\/\/atelierkhanrenew.ch\/wp-content\/uploads\/2024\/01\/carnet-autour-du-cafe-vue-de-face-300x300.png",300,300,true],"medium_large":["https:\/\/atelierkhanrenew.ch\/wp-content\/uploads\/2024\/01\/carnet-autour-du-cafe-vue-de-face-768x768.png",768,768,true],"large":["https:\/\/atelierkhanrenew.ch\/wp-content\/uploads\/2024\/01\/carnet-autour-du-cafe-vue-de-face-1024x1024.png",1024,1024,true],"1536x1536":["https:\/\/atelierkhanrenew.ch\/wp-content\/uploads\/2024\/01\/carnet-autour-du-cafe-vue-de-face.png",1080,1080,false],"2048x2048":["https:\/\/atelierkhanrenew.ch\/wp-content\/uploads\/2024\/01\/carnet-autour-du-cafe-vue-de-face.png",1080,1080,false],"trp-custom-language-flag":["https:\/\/atelierkhanrenew.ch\/wp-content\/uploads\/2024\/01\/carnet-autour-du-cafe-vue-de-face-12x12.png",12,12,true],"neve-blog":["https:\/\/atelierkhanrenew.ch\/wp-content\/uploads\/2024\/01\/carnet-autour-du-cafe-vue-de-face-930x620.png",930,620,true],"woocommerce_thumbnail":["https:\/\/atelierkhanrenew.ch\/wp-content\/uploads\/2024\/01\/carnet-autour-du-cafe-vue-de-face-300x300.png",300,300,true],"woocommerce_single":["https:\/\/atelierkhanrenew.ch\/wp-content\/uploads\/2024\/01\/carnet-autour-du-cafe-vue-de-face-600x600.png",600,600,true],"woocommerce_gallery_thumbnail":["https:\/\/atelierkhanrenew.ch\/wp-content\/uploads\/2024\/01\/carnet-autour-du-cafe-vue-de-face-100x100.png",100,100,true]},"uagb_author_info":{"display_name":"shaima.k888@gmail.com","author_link":"https:\/\/atelierkhanrenew.ch\/en\/author\/"},"uagb_comment_info":0,"uagb_excerpt":"D\u00e9couvrez le carnet de notes \"Autour d'un caf\u00e9\", une invitation \u00e0 plonger dans l'univers extraordinaire de Sha. La couverture offre une repr\u00e9sentation fid\u00e8le du tableau \"Autour d'un caf\u00e9\" de Sha, vous transportant imm\u00e9diatement dans l'ambiance unique de l'artiste. \u00c0 l'int\u00e9rieur, laissez-vous s\u00e9duire par des illustrations noir et blanc in\u00e9dites, con\u00e7ues par l'imagination de Sha et&hellip;","_links":{"self":[{"href":"https:\/\/atelierkhanrenew.ch\/en\/wp-json\/wp\/v2\/product\/31888","targetHints":{"allow":["GET"]}}],"collection":[{"href":"https:\/\/atelierkhanrenew.ch\/en\/wp-json\/wp\/v2\/product"}],"about":[{"href":"https:\/\/atelierkhanrenew.ch\/en\/wp-json\/wp\/v2\/types\/product"}],"replies":[{"embeddable":true,"href":"https:\/\/atelierkhanrenew.ch\/en\/wp-json\/wp\/v2\/comments?post=31888"}],"wp:featuredmedia":[{"embeddable":true,"href":"https:\/\/atelierkhanrenew.ch\/en\/wp-json\/wp\/v2\/media\/31889"}],"wp:attachment":[{"href":"https:\/\/atelierkhanrenew.ch\/en\/wp-json\/wp\/v2\/media?parent=31888"}],"wp:term":[{"taxonomy":"product_cat","embeddable":true,"href":"https:\/\/atelierkhanrenew.ch\/en\/wp-json\/wp\/v2\/product_cat?post=31888"},{"taxonomy":"product_tag","embeddable":true,"href":"https:\/\/atelierkhanrenew.ch\/en\/wp-json\/wp\/v2\/product_tag?post=31888"}],"curies":[{"name":"wp","href":"https:\/\/api.w.org\/{rel}","templated":true}]}}