{"id":31878,"date":"2024-01-02T15:27:34","date_gmt":"2024-01-02T14:27:34","guid":{"rendered":"https:\/\/atelierkhanrenew.ch\/?post_type=product&#038;p=31878"},"modified":"2024-01-02T18:40:41","modified_gmt":"2024-01-02T17:40:41","slug":"carnet-de-note-a-spirale-de-150-pages-format-a5-creation-par-nadia-jane-flower-n2","status":"publish","type":"product","link":"https:\/\/atelierkhanrenew.ch\/en\/product\/carnet-de-note-a-spirale-de-150-pages-format-a5-creation-par-nadia-jane-flower-n2\/","title":{"rendered":"Carnet de notes \u00e0 spirale \u2013 de 150 pages \u2013 format A5 -cr\u00e9ation par Nadia Jane \u2013 \u00ab\u00a0Flower n\u00b02\u00bb"},"content":{"rendered":"<p style=\"text-align: center;\"><strong>**Caract\u00e9ristiques Principales:**<\/strong><\/p>\n<p><strong>**Design Floral \u00c9l\u00e9gant:**<\/strong><br \/>\n&#8211; La couverture rigide met en valeur une superbe photographie de fleurs jaunes captur\u00e9e par la talentueuse Nadia Jane, offrant une esth\u00e9tique florale \u00e9l\u00e9gante.<\/p>\n<p>&nbsp;<\/p>\n<p><strong>**Inspiration Naturelle \u00e0 Chaque Page:**<\/strong><br \/>\n&#8211; L&#8217;int\u00e9rieur du carnet &#8220;Flower n\u00b02&#8221; est orn\u00e9 d&#8217;une collection de photographies de fleurs, cr\u00e9ant une source constante d&#8217;inspiration naturelle tout au long de ses 150 pages.<\/p>\n<p>&nbsp;<\/p>\n<p><strong>**150 Pages pour Lib\u00e9rer Votre Cr\u00e9ativit\u00e9:**<\/strong><br \/>\n&#8211; Avec une g\u00e9n\u00e9reuse quantit\u00e9 de 150 pages, ce carnet offre un espace ample pour lib\u00e9rer votre cr\u00e9ativit\u00e9 sans aucune contrainte.<\/p>\n<p>&nbsp;<\/p>\n<p><strong>**Pages Couleurs Cr\u00e8mes Apaisantes:**<\/strong><br \/>\n&#8211; Les pages couleur cr\u00e8me apportent une touche de douceur, cr\u00e9ant une atmosph\u00e8re apaisante id\u00e9ale pour la r\u00e9flexion et l&#8217;expression artistique.<\/p>\n<p>&nbsp;<\/p>\n<p><strong>**Durabilit\u00e9 et Esth\u00e9tisme R\u00e9unis:**<\/strong><br \/>\n&#8211; Robuste pour une utilisation quotidienne, ce carnet allie la durabilit\u00e9 n\u00e9cessaire, l&#8217;esth\u00e9tisme inspirant et la cr\u00e9ativit\u00e9, offrant ainsi une exp\u00e9rience unique \u00e0 un prix abordable.<\/p>\n<p>&nbsp;<\/p>\n<p><strong>**Adaptabilit\u00e9 In\u00e9gal\u00e9e:**<\/strong><br \/>\n&#8211; Con\u00e7u pour s&#8217;adapter \u00e0 une multitude d&#8217;utilisations, que ce soit pour la prise de notes, le croquis, la planification, la tenue d&#8217;un journal intime, la cr\u00e9ation d&#8217;un bullet journal, la r\u00e9alisation de listes de t\u00e2ches, le d\u00e9veloppement d&#8217;id\u00e9es, le suivi de projets, ou encore la gestion quotidienne, le carnet &#8220;Flower n\u00b02&#8221; est l&#8217;alli\u00e9 parfait pour r\u00e9pondre \u00e0 toutes vos aspirations cr\u00e9atives.<\/p>\n<p>&nbsp;<\/p>\n<p><strong>**Prix Abordable pour une Qualit\u00e9 Exceptionnelle:**<\/strong><br \/>\n&#8211; Le carnet &#8220;Flower n\u00b02&#8221; repr\u00e9sente un \u00e9quilibre parfait entre qualit\u00e9 exceptionnelle et accessibilit\u00e9 financi\u00e8re.<\/p>\n<p>&nbsp;<\/p>\n<p>&nbsp;<\/p>\n<p style=\"text-align: center;\"><strong>**Caract\u00e9ristiques techniques:**<\/strong><\/p>\n<p><strong>Format A5<\/strong> avec spirales: 17,1 par 21,5 cm et sans spirales : 14,8 par 21 cm.<\/p>\n<p>A l&#8217;int\u00e9rieur, <strong>les pages ont un grammage de 90 g de couleur cr\u00e8me.<\/strong><\/p>\n<p>Reliure: <strong>spirale&nbsp;<\/strong><\/p>\n<p>Couverture rigide et carton\u00e9e avec papier couch\u00e9 <strong>mat 170 gramme<\/strong><\/p>\n<p><strong>150 pages&nbsp;<\/strong><\/p>","protected":false},"excerpt":{"rendered":"<p>Plongez dans l&#8217;essence m\u00eame de la nature avec ce magnifique carnet <strong><em>&#8221; Flower n\u00b02&#8243;<\/em><\/strong> con\u00e7u sp\u00e9cialement pour les amoureux de la nature. Capturant la splendeur \u00e9ph\u00e9m\u00e8re des fleurs, ce recueil pr\u00e9sente <strong>une collection captivante de photographies r\u00e9alis\u00e9es par la talentueuse Nadia Jane.<\/strong> D\u00e8s que vous ouvrirez le carnet &#8221; Flower n\u00b02&#8243; , vos sens seront transport\u00e9s au c\u0153ur d&#8217;un paysage o\u00f9 la beaut\u00e9 florale s&#8217;\u00e9panouit.<\/p>\n<p><strong>La couverture, mettant en vedette une photographie \u00e9clatante de fleurs jaunes<\/strong>, annonce le d\u00e9but d&#8217;un voyage visuel \u00e9poustouflant. Lib\u00e9rez votre cr\u00e9ativit\u00e9 sans entraves gr\u00e2ce \u00e0 ses g\u00e9n\u00e9reuses <strong>150 pages<\/strong>, offrant un large espace \u00e0 vos pens\u00e9es, croquis et id\u00e9es. Ce carnet de notes, dot\u00e9 de pages en papier cr\u00e8me, apportera un bien-\u00eatre visuel lorsque vous laisserez s&#8217;\u00e9panouir vos pens\u00e9es les plus inspir\u00e9es.<\/p>\n<p>Le carnet de notes <em>&#8221; Flower n\u00b02&#8243;<\/em> deviendra <strong>le compagnon id\u00e9al<\/strong> pour capturer vos moments d&#8217;inspiration, vos r\u00e9flexions, vos dessins et vos projets.<\/p>\n<p>Laissez-vous emporter par<strong> une s\u00e9rie enchanteresse de photos de fleurs<\/strong>, ajoutant une touche de gaiet\u00e9 \u00e0 votre quotidien.<\/p>\n<p>Avec le carnet <em>&#8221; Flower n\u00b02&#8243;<\/em> , vous aurez l&#8217;opportunit\u00e9 de c\u00e9l\u00e9brer la beaut\u00e9 de la nature \u00e0 chaque instant, et de <strong>laisser votre cr\u00e9ativit\u00e9 s&#8217;\u00e9panouir<\/strong> comme les p\u00e9tales d&#8217;une fleur au lever du soleil.<\/p>","protected":false},"featured_media":31879,"comment_status":"open","ping_status":"closed","template":"","meta":{"_uag_custom_page_level_css":"","neve_meta_sidebar":"","neve_meta_container":"","neve_meta_enable_content_width":"off","neve_meta_content_width":100,"neve_meta_title_alignment":"","neve_meta_author_avatar":"","neve_post_elements_order":"","neve_meta_disable_header":"","neve_meta_disable_footer":"","neve_meta_disable_title":"","ngg_post_thumbnail":0},"product_cat":[65],"product_tag":[],"class_list":{"0":"post-31878","1":"product","2":"type-product","3":"status-publish","4":"has-post-thumbnail","6":"product_cat-bloc-notes","8":"first","9":"instock","10":"shipping-taxable","11":"purchasable","12":"product-type-simple"},"yoast_head":"<!-- This site is optimized with the Yoast SEO plugin v21.8 - https:\/\/yoast.com\/wordpress\/plugins\/seo\/ -->\n<title>Carnet de notes \u00e0 spirale \u2013 de 150 pages \u2013 format A5 -cr\u00e9ation par Nadia Jane \u2013 \u00ab\u00a0Flower n\u00b02\u00bb - Atelier Khan Renew<\/title>\n<meta name=\"robots\" content=\"index, follow, max-snippet:-1, max-image-preview:large, max-video-preview:-1\" \/>\n<link rel=\"canonical\" href=\"https:\/\/atelierkhanrenew.ch\/en\/product\/carnet-de-note-a-spirale-de-150-pages-format-a5-creation-par-nadia-jane-flower-n2\/\" \/>\n<meta property=\"og:locale\" content=\"en_US\" \/>\n<meta property=\"og:type\" content=\"article\" \/>\n<meta property=\"og:title\" content=\"Carnet de notes \u00e0 spirale \u2013 de 150 pages \u2013 format A5 -cr\u00e9ation par Nadia Jane \u2013 \u00ab\u00a0Flower n\u00b02\u00bb - Atelier Khan Renew\" \/>\n<meta property=\"og:description\" content=\"Plongez dans l&#039;essence m\u00eame de la nature avec ce magnifique carnet &quot; Flower n\u00b02&quot; con\u00e7u sp\u00e9cialement pour les amoureux de la nature. Capturant la splendeur \u00e9ph\u00e9m\u00e8re des fleurs, ce recueil pr\u00e9sente une collection captivante de photographies r\u00e9alis\u00e9es par la talentueuse Nadia Jane. D\u00e8s que vous ouvrirez le carnet &quot; Flower n\u00b02&quot; , vos sens seront transport\u00e9s au c\u0153ur d&#039;un paysage o\u00f9 la beaut\u00e9 florale s&#039;\u00e9panouit.  La couverture, mettant en vedette une photographie \u00e9clatante de fleurs jaunes, annonce le d\u00e9but d&#039;un voyage visuel \u00e9poustouflant. Lib\u00e9rez votre cr\u00e9ativit\u00e9 sans entraves gr\u00e2ce \u00e0 ses g\u00e9n\u00e9reuses 150 pages, offrant un large espace \u00e0 vos pens\u00e9es, croquis et id\u00e9es. Ce carnet de notes, dot\u00e9 de pages en papier cr\u00e8me, apportera un bien-\u00eatre visuel lorsque vous laisserez s&#039;\u00e9panouir vos pens\u00e9es les plus inspir\u00e9es.  Le carnet de notes &quot; Flower n\u00b02&quot; deviendra le compagnon id\u00e9al pour capturer vos moments d&#039;inspiration, vos r\u00e9flexions, vos dessins et vos projets.  Laissez-vous emporter par une s\u00e9rie enchanteresse de photos de fleurs, ajoutant une touche de gaiet\u00e9 \u00e0 votre quotidien.  Avec le carnet &quot; Flower n\u00b02&quot; , vous aurez l&#039;opportunit\u00e9 de c\u00e9l\u00e9brer la beaut\u00e9 de la nature \u00e0 chaque instant, et de laisser votre cr\u00e9ativit\u00e9 s&#039;\u00e9panouir comme les p\u00e9tales d&#039;une fleur au lever du soleil.\" \/>\n<meta property=\"og:url\" content=\"https:\/\/atelierkhanrenew.ch\/en\/product\/carnet-de-note-a-spirale-de-150-pages-format-a5-creation-par-nadia-jane-flower-n2\/\" \/>\n<meta property=\"og:site_name\" content=\"Atelier Khan Renew\" \/>\n<meta property=\"article:publisher\" content=\"https:\/\/www.facebook.com\/atelierkhanrenew\" \/>\n<meta property=\"article:modified_time\" content=\"2024-01-02T17:40:41+00:00\" \/>\n<meta property=\"og:image\" content=\"https:\/\/atelierkhanrenew.ch\/wp-content\/uploads\/2024\/01\/carnet-de-note-vue-de-face-florale-.png\" \/>\n\t<meta property=\"og:image:width\" content=\"1080\" \/>\n\t<meta property=\"og:image:height\" content=\"1080\" \/>\n\t<meta property=\"og:image:type\" content=\"image\/png\" \/>\n<meta name=\"twitter:card\" content=\"summary_large_image\" \/>\n<meta name=\"twitter:label1\" content=\"Est. reading time\" \/>\n\t<meta name=\"twitter:data1\" content=\"2 minutes\" \/>\n<script type=\"application\/ld+json\" class=\"yoast-schema-graph\">{\"@context\":\"https:\/\/schema.org\",\"@graph\":[{\"@type\":\"WebPage\",\"@id\":\"https:\/\/atelierkhanrenew.ch\/produit\/carnet-de-note-a-spirale-de-150-pages-format-a5-creation-par-nadia-jane-flower-n2\/\",\"url\":\"https:\/\/atelierkhanrenew.ch\/produit\/carnet-de-note-a-spirale-de-150-pages-format-a5-creation-par-nadia-jane-flower-n2\/\",\"name\":\"Carnet de notes \u00e0 spirale \u2013 de 150 pages \u2013 format A5 -cr\u00e9ation par Nadia Jane \u2013 \u00ab\u00a0Flower n\u00b02\u00bb - Atelier Khan Renew\",\"isPartOf\":{\"@id\":\"https:\/\/atelierkhanrenew.ch\/#website\"},\"datePublished\":\"2024-01-02T14:27:34+00:00\",\"dateModified\":\"2024-01-02T17:40:41+00:00\",\"breadcrumb\":{\"@id\":\"https:\/\/atelierkhanrenew.ch\/produit\/carnet-de-note-a-spirale-de-150-pages-format-a5-creation-par-nadia-jane-flower-n2\/#breadcrumb\"},\"inLanguage\":\"en-US\",\"potentialAction\":[{\"@type\":\"ReadAction\",\"target\":[\"https:\/\/atelierkhanrenew.ch\/produit\/carnet-de-note-a-spirale-de-150-pages-format-a5-creation-par-nadia-jane-flower-n2\/\"]}]},{\"@type\":\"BreadcrumbList\",\"@id\":\"https:\/\/atelierkhanrenew.ch\/produit\/carnet-de-note-a-spirale-de-150-pages-format-a5-creation-par-nadia-jane-flower-n2\/#breadcrumb\",\"itemListElement\":[{\"@type\":\"ListItem\",\"position\":1,\"name\":\"Accueil\",\"item\":\"https:\/\/atelierkhanrenew.ch\/\"},{\"@type\":\"ListItem\",\"position\":2,\"name\":\"e-shop\",\"item\":\"https:\/\/atelierkhanrenew.ch\/boutique\/\"},{\"@type\":\"ListItem\",\"position\":3,\"name\":\"Carnet de notes \u00e0 spirale \u2013 de 150 pages \u2013 format A5 -cr\u00e9ation par Nadia Jane \u2013 \u00ab\u00a0Flower n\u00b02\u00bb\"}]},{\"@type\":\"WebSite\",\"@id\":\"https:\/\/atelierkhanrenew.ch\/#website\",\"url\":\"https:\/\/atelierkhanrenew.ch\/\",\"name\":\"Atelier Khan Renew\",\"description\":\"\",\"publisher\":{\"@id\":\"https:\/\/atelierkhanrenew.ch\/#organization\"},\"potentialAction\":[{\"@type\":\"SearchAction\",\"target\":{\"@type\":\"EntryPoint\",\"urlTemplate\":\"https:\/\/atelierkhanrenew.ch\/?s={search_term_string}\"},\"query-input\":\"required name=search_term_string\"}],\"inLanguage\":\"en-US\"},{\"@type\":\"Organization\",\"@id\":\"https:\/\/atelierkhanrenew.ch\/#organization\",\"name\":\"Atelier Khan Renew\",\"url\":\"https:\/\/atelierkhanrenew.ch\/\",\"logo\":{\"@type\":\"ImageObject\",\"inLanguage\":\"en-US\",\"@id\":\"https:\/\/atelierkhanrenew.ch\/#\/schema\/logo\/image\/\",\"url\":\"https:\/\/atelierkhanrenew.ch\/wp-content\/uploads\/2021\/03\/cropped-Logo-Akr-vectorise\u0301-png-1-e1619189313608.png\",\"contentUrl\":\"https:\/\/atelierkhanrenew.ch\/wp-content\/uploads\/2021\/03\/cropped-Logo-Akr-vectorise\u0301-png-1-e1619189313608.png\",\"width\":512,\"height\":479,\"caption\":\"Atelier Khan Renew\"},\"image\":{\"@id\":\"https:\/\/atelierkhanrenew.ch\/#\/schema\/logo\/image\/\"},\"sameAs\":[\"https:\/\/www.facebook.com\/atelierkhanrenew\",\"https:\/\/www.instagram.com\/akr_compteofficiel\/?hl=fr\",\"https:\/\/www.pinterest.fr\/Atelierkhanrenew\"]}]}<\/script>\n<!-- \/ Yoast SEO plugin. -->","yoast_head_json":{"title":"Carnet de notes \u00e0 spirale \u2013 de 150 pages \u2013 format A5 -cr\u00e9ation par Nadia Jane \u2013 \u00ab\u00a0Flower n\u00b02\u00bb - Atelier Khan Renew","robots":{"index":"index","follow":"follow","max-snippet":"max-snippet:-1","max-image-preview":"max-image-preview:large","max-video-preview":"max-video-preview:-1"},"canonical":"https:\/\/atelierkhanrenew.ch\/en\/product\/carnet-de-note-a-spirale-de-150-pages-format-a5-creation-par-nadia-jane-flower-n2\/","og_locale":"en_US","og_type":"article","og_title":"Carnet de notes \u00e0 spirale \u2013 de 150 pages \u2013 format A5 -cr\u00e9ation par Nadia Jane \u2013 \u00ab\u00a0Flower n\u00b02\u00bb - Atelier Khan Renew","og_description":"Plongez dans l'essence m\u00eame de la nature avec ce magnifique carnet \" Flower n\u00b02\" con\u00e7u sp\u00e9cialement pour les amoureux de la nature. Capturant la splendeur \u00e9ph\u00e9m\u00e8re des fleurs, ce recueil pr\u00e9sente une collection captivante de photographies r\u00e9alis\u00e9es par la talentueuse Nadia Jane. D\u00e8s que vous ouvrirez le carnet \" Flower n\u00b02\" , vos sens seront transport\u00e9s au c\u0153ur d'un paysage o\u00f9 la beaut\u00e9 florale s'\u00e9panouit.  La couverture, mettant en vedette une photographie \u00e9clatante de fleurs jaunes, annonce le d\u00e9but d'un voyage visuel \u00e9poustouflant. Lib\u00e9rez votre cr\u00e9ativit\u00e9 sans entraves gr\u00e2ce \u00e0 ses g\u00e9n\u00e9reuses 150 pages, offrant un large espace \u00e0 vos pens\u00e9es, croquis et id\u00e9es. Ce carnet de notes, dot\u00e9 de pages en papier cr\u00e8me, apportera un bien-\u00eatre visuel lorsque vous laisserez s'\u00e9panouir vos pens\u00e9es les plus inspir\u00e9es.  Le carnet de notes \" Flower n\u00b02\" deviendra le compagnon id\u00e9al pour capturer vos moments d'inspiration, vos r\u00e9flexions, vos dessins et vos projets.  Laissez-vous emporter par une s\u00e9rie enchanteresse de photos de fleurs, ajoutant une touche de gaiet\u00e9 \u00e0 votre quotidien.  Avec le carnet \" Flower n\u00b02\" , vous aurez l'opportunit\u00e9 de c\u00e9l\u00e9brer la beaut\u00e9 de la nature \u00e0 chaque instant, et de laisser votre cr\u00e9ativit\u00e9 s'\u00e9panouir comme les p\u00e9tales d'une fleur au lever du soleil.","og_url":"https:\/\/atelierkhanrenew.ch\/en\/product\/carnet-de-note-a-spirale-de-150-pages-format-a5-creation-par-nadia-jane-flower-n2\/","og_site_name":"Atelier Khan Renew","article_publisher":"https:\/\/www.facebook.com\/atelierkhanrenew","article_modified_time":"2024-01-02T17:40:41+00:00","og_image":[{"width":1080,"height":1080,"url":"https:\/\/atelierkhanrenew.ch\/wp-content\/uploads\/2024\/01\/carnet-de-note-vue-de-face-florale-.png","type":"image\/png"}],"twitter_card":"summary_large_image","twitter_misc":{"Est. reading time":"2 minutes"},"schema":{"@context":"https:\/\/schema.org","@graph":[{"@type":"WebPage","@id":"https:\/\/atelierkhanrenew.ch\/produit\/carnet-de-note-a-spirale-de-150-pages-format-a5-creation-par-nadia-jane-flower-n2\/","url":"https:\/\/atelierkhanrenew.ch\/produit\/carnet-de-note-a-spirale-de-150-pages-format-a5-creation-par-nadia-jane-flower-n2\/","name":"Carnet de notes \u00e0 spirale \u2013 de 150 pages \u2013 format A5 -cr\u00e9ation par Nadia Jane \u2013 \u00ab\u00a0Flower n\u00b02\u00bb - Atelier Khan Renew","isPartOf":{"@id":"https:\/\/atelierkhanrenew.ch\/#website"},"datePublished":"2024-01-02T14:27:34+00:00","dateModified":"2024-01-02T17:40:41+00:00","breadcrumb":{"@id":"https:\/\/atelierkhanrenew.ch\/produit\/carnet-de-note-a-spirale-de-150-pages-format-a5-creation-par-nadia-jane-flower-n2\/#breadcrumb"},"inLanguage":"en-US","potentialAction":[{"@type":"ReadAction","target":["https:\/\/atelierkhanrenew.ch\/produit\/carnet-de-note-a-spirale-de-150-pages-format-a5-creation-par-nadia-jane-flower-n2\/"]}]},{"@type":"BreadcrumbList","@id":"https:\/\/atelierkhanrenew.ch\/produit\/carnet-de-note-a-spirale-de-150-pages-format-a5-creation-par-nadia-jane-flower-n2\/#breadcrumb","itemListElement":[{"@type":"ListItem","position":1,"name":"Accueil","item":"https:\/\/atelierkhanrenew.ch\/"},{"@type":"ListItem","position":2,"name":"e-shop","item":"https:\/\/atelierkhanrenew.ch\/boutique\/"},{"@type":"ListItem","position":3,"name":"Carnet de notes \u00e0 spirale \u2013 de 150 pages \u2013 format A5 -cr\u00e9ation par Nadia Jane \u2013 \u00ab\u00a0Flower n\u00b02\u00bb"}]},{"@type":"WebSite","@id":"https:\/\/atelierkhanrenew.ch\/#website","url":"https:\/\/atelierkhanrenew.ch\/","name":"Atelier Khan Renew","description":"","publisher":{"@id":"https:\/\/atelierkhanrenew.ch\/#organization"},"potentialAction":[{"@type":"SearchAction","target":{"@type":"EntryPoint","urlTemplate":"https:\/\/atelierkhanrenew.ch\/?s={search_term_string}"},"query-input":"required name=search_term_string"}],"inLanguage":"en-US"},{"@type":"Organization","@id":"https:\/\/atelierkhanrenew.ch\/#organization","name":"Atelier Khan Renew","url":"https:\/\/atelierkhanrenew.ch\/","logo":{"@type":"ImageObject","inLanguage":"en-US","@id":"https:\/\/atelierkhanrenew.ch\/#\/schema\/logo\/image\/","url":"https:\/\/atelierkhanrenew.ch\/wp-content\/uploads\/2021\/03\/cropped-Logo-Akr-vectorise\u0301-png-1-e1619189313608.png","contentUrl":"https:\/\/atelierkhanrenew.ch\/wp-content\/uploads\/2021\/03\/cropped-Logo-Akr-vectorise\u0301-png-1-e1619189313608.png","width":512,"height":479,"caption":"Atelier Khan Renew"},"image":{"@id":"https:\/\/atelierkhanrenew.ch\/#\/schema\/logo\/image\/"},"sameAs":["https:\/\/www.facebook.com\/atelierkhanrenew","https:\/\/www.instagram.com\/akr_compteofficiel\/?hl=fr","https:\/\/www.pinterest.fr\/Atelierkhanrenew"]}]}},"uagb_featured_image_src":{"full":["https:\/\/atelierkhanrenew.ch\/wp-content\/uploads\/2024\/01\/carnet-de-note-vue-de-face-florale-.png",1080,1080,false],"thumbnail":["https:\/\/atelierkhanrenew.ch\/wp-content\/uploads\/2024\/01\/carnet-de-note-vue-de-face-florale--150x150.png",150,150,true],"medium":["https:\/\/atelierkhanrenew.ch\/wp-content\/uploads\/2024\/01\/carnet-de-note-vue-de-face-florale--300x300.png",300,300,true],"medium_large":["https:\/\/atelierkhanrenew.ch\/wp-content\/uploads\/2024\/01\/carnet-de-note-vue-de-face-florale--768x768.png",768,768,true],"large":["https:\/\/atelierkhanrenew.ch\/wp-content\/uploads\/2024\/01\/carnet-de-note-vue-de-face-florale--1024x1024.png",1024,1024,true],"1536x1536":["https:\/\/atelierkhanrenew.ch\/wp-content\/uploads\/2024\/01\/carnet-de-note-vue-de-face-florale-.png",1080,1080,false],"2048x2048":["https:\/\/atelierkhanrenew.ch\/wp-content\/uploads\/2024\/01\/carnet-de-note-vue-de-face-florale-.png",1080,1080,false],"trp-custom-language-flag":["https:\/\/atelierkhanrenew.ch\/wp-content\/uploads\/2024\/01\/carnet-de-note-vue-de-face-florale--12x12.png",12,12,true],"neve-blog":["https:\/\/atelierkhanrenew.ch\/wp-content\/uploads\/2024\/01\/carnet-de-note-vue-de-face-florale--930x620.png",930,620,true],"woocommerce_thumbnail":["https:\/\/atelierkhanrenew.ch\/wp-content\/uploads\/2024\/01\/carnet-de-note-vue-de-face-florale--300x300.png",300,300,true],"woocommerce_single":["https:\/\/atelierkhanrenew.ch\/wp-content\/uploads\/2024\/01\/carnet-de-note-vue-de-face-florale--600x600.png",600,600,true],"woocommerce_gallery_thumbnail":["https:\/\/atelierkhanrenew.ch\/wp-content\/uploads\/2024\/01\/carnet-de-note-vue-de-face-florale--100x100.png",100,100,true]},"uagb_author_info":{"display_name":"shaima.k888@gmail.com","author_link":"https:\/\/atelierkhanrenew.ch\/en\/author\/"},"uagb_comment_info":0,"uagb_excerpt":"Plongez dans l'essence m\u00eame de la nature avec ce magnifique carnet \" Flower n\u00b02\" con\u00e7u sp\u00e9cialement pour les amoureux de la nature. Capturant la splendeur \u00e9ph\u00e9m\u00e8re des fleurs, ce recueil pr\u00e9sente une collection captivante de photographies r\u00e9alis\u00e9es par la talentueuse Nadia Jane. D\u00e8s que vous ouvrirez le carnet \" Flower n\u00b02\" , vos sens seront&hellip;","_links":{"self":[{"href":"https:\/\/atelierkhanrenew.ch\/en\/wp-json\/wp\/v2\/product\/31878","targetHints":{"allow":["GET"]}}],"collection":[{"href":"https:\/\/atelierkhanrenew.ch\/en\/wp-json\/wp\/v2\/product"}],"about":[{"href":"https:\/\/atelierkhanrenew.ch\/en\/wp-json\/wp\/v2\/types\/product"}],"replies":[{"embeddable":true,"href":"https:\/\/atelierkhanrenew.ch\/en\/wp-json\/wp\/v2\/comments?post=31878"}],"wp:featuredmedia":[{"embeddable":true,"href":"https:\/\/atelierkhanrenew.ch\/en\/wp-json\/wp\/v2\/media\/31879"}],"wp:attachment":[{"href":"https:\/\/atelierkhanrenew.ch\/en\/wp-json\/wp\/v2\/media?parent=31878"}],"wp:term":[{"taxonomy":"product_cat","embeddable":true,"href":"https:\/\/atelierkhanrenew.ch\/en\/wp-json\/wp\/v2\/product_cat?post=31878"},{"taxonomy":"product_tag","embeddable":true,"href":"https:\/\/atelierkhanrenew.ch\/en\/wp-json\/wp\/v2\/product_tag?post=31878"}],"curies":[{"name":"wp","href":"https:\/\/api.w.org\/{rel}","templated":true}]}}