{"id":31868,"date":"2024-01-01T18:35:26","date_gmt":"2024-01-01T17:35:26","guid":{"rendered":"https:\/\/atelierkhanrenew.ch\/?post_type=product&#038;p=31868"},"modified":"2024-01-05T18:59:11","modified_gmt":"2024-01-05T17:59:11","slug":"carnet-de-note-a-spirale-de-150-pages-format-a5-creation-de-lartiste-esenj-the-world-adrift","status":"publish","type":"product","link":"https:\/\/atelierkhanrenew.ch\/en\/product\/carnet-de-note-a-spirale-de-150-pages-format-a5-creation-de-lartiste-esenj-the-world-adrift\/","title":{"rendered":"Carnet de notes \u00e0 spirale \u2013 de 150 pages \u2013 format A5 -cr\u00e9ation de l\u2019artiste ESENJ \u2013 \u00ab\u00a0The World Adrift\u00a0\u00bb"},"content":{"rendered":"<p style=\"text-align: center;\"><strong>**Caract\u00e9ristiques Principales:**<\/strong><\/p>\n<p>&nbsp;<\/p>\n<ol>\n<li><strong> **Couverte d&#8217;Art:**<\/strong><\/li>\n<\/ol>\n<p>&nbsp;&nbsp; &#8211; La couverture rigide met en lumi\u00e8re la superbe peinture &#8220;The World Adrift&#8221; de l&#8217;artiste renomm\u00e9, ESENJ. Chaque carnet devient ainsi une pi\u00e8ce artistique \u00e0 part enti\u00e8re.<\/p>\n<p>&nbsp;<\/p>\n<ol start=\"2\">\n<li><strong> **Illustrations en Noir et Blanc:**<\/strong><\/li>\n<\/ol>\n<p>&nbsp;&nbsp; &#8211; L&#8217;int\u00e9rieur du carnet est enrichi d&#8217;illustrations en noir et blanc, reprenant des \u00e9l\u00e9ments de la peinture &#8220;The World Adrift&#8221;. Chaque page se transforme en une invitation \u00e0 l&#8217;inspiration.<\/p>\n<p>&nbsp;<\/p>\n<ol start=\"3\">\n<li><strong> **Suivi d&#8217;Habitudes et Citations Motivantes:**<\/strong><\/li>\n<\/ol>\n<p>&nbsp;&nbsp; &#8211; Int\u00e9grant des &#8220;habit trackers&#8221; pour faciliter le suivi quotidien des habitudes, et des &#8220;phrases motivantes&#8221; pour encourager et stimuler.<\/p>\n<p>&nbsp;<\/p>\n<ol start=\"4\">\n<li><strong> **150 Pages pour une Cr\u00e9ativit\u00e9 Illimit\u00e9e:**<\/strong><\/li>\n<\/ol>\n<p>&nbsp;&nbsp; &#8211; Avec 150 pages, ce carnet lib\u00e8re votre cr\u00e9ativit\u00e9 des contraintes. Chaque page devient un espace pr\u00eat \u00e0 accueillir vos id\u00e9es, pens\u00e9es et cr\u00e9ations.<\/p>\n<p>&nbsp;<\/p>\n<ol start=\"5\">\n<li><strong> **Pages Couleurs Cr\u00e8mes Apaisantes:**<\/strong><\/li>\n<\/ol>\n<p>&nbsp;&nbsp; &#8211; Les pages couleur cr\u00e8me offrent une alternative douce au blanc conventionnel, apaisant vos yeux et cr\u00e9ant une atmosph\u00e8re accueillante.<\/p>\n<p>&nbsp;<\/p>\n<ol start=\"6\">\n<li><strong> **Robuste, Esth\u00e9tique, Fonctionnelle, Cr\u00e9ative:**<\/strong><\/li>\n<\/ol>\n<p>&nbsp;&nbsp; &#8211; Ce carnet combine toutes les qualit\u00e9s essentielles. Il est robuste pour r\u00e9sister \u00e0 une utilisation quotidienne, esth\u00e9tique pour stimuler votre cr\u00e9ativit\u00e9, fonctionnel pour rester organis\u00e9, et cr\u00e9atif pour inspirer.<\/p>\n<p>&nbsp;<\/p>\n<ol start=\"7\">\n<li><strong> **Polyvalent dans son Utilisation:**<\/strong><\/li>\n<\/ol>\n<p>&nbsp;&nbsp; &#8211; Id\u00e9al comme journal intime, de voyage, pour d\u00e9finir des objectifs, le d\u00e9veloppement personnel, la prise de notes ou la pratique de la gratitude. Et encore pleins d\u2019autres utilisations. Ce carnet ne demande qu\u2019\u00e0 \u00eatre utilis\u00e9 selon vos d\u00e9sirs.<\/p>\n<p>&nbsp;<\/p>\n<ol start=\"8\">\n<li><strong> **Prix Accessible:**<\/strong><\/li>\n<\/ol>\n<p>&nbsp;&nbsp; &#8211; La qualit\u00e9 exceptionnelle \u00e0 un prix accessible fait du carnet &#8220;The World Adrift&#8221; un choix judicieux pour les amateurs de papeterie \u00e0 la recherche du parfait \u00e9quilibre entre qualit\u00e9 et budget.<\/p>\n<p>&nbsp;<\/p>\n<p style=\"text-align: center;\"><strong>**Caract\u00e9ristiques techniques:**<\/strong><\/p>\n<ol>\n<li><strong>Format A5<\/strong> avec spirales: 17,1 par 21,5 cm et sans spirales : 14,8 par 21 cm.<\/li>\n<li>A l&#8217;int\u00e9rieur, <strong>les pages ont un grammage de 90 g de couleur cr\u00e8me.<\/strong><\/li>\n<li>Reliure: <strong>spirale&nbsp;<\/strong><\/li>\n<li>Couverture rigide et carton\u00e9e <strong>avec papier couch\u00e9 mat 170 gramme<\/strong><\/li>\n<li><strong>150 pages&nbsp;<\/strong><\/li>\n<\/ol>","protected":false},"excerpt":{"rendered":"<p>&nbsp;<\/p>\n<p>Explorez l&#8217;univers envo\u00fbtant du Carnet de Note <strong><em>&#8220;The World Adrift&#8221;<\/em><\/strong>, une fusion parfaite entre art et fonctionnalit\u00e9. <strong>Avec 150 pages au format A5,<\/strong> ce bijou de papeterie devient votre complice quotidien, pr\u00eat \u00e0 inspirer chaque instant.<\/p>\n<p>&nbsp;<\/p>\n<p><strong>La couverture, une reproduction du tableau &#8220;The World Adrift&#8221; d&#8217;ESENJ<\/strong>, transforme ce carnet en une \u0153uvre d&#8217;art portable. <strong>Les illustrations noir\/blanc,<\/strong> soigneusement con\u00e7ues par notre designer, reprennent les \u00e9l\u00e9ments captivants du tableau, cr\u00e9ant une exp\u00e9rience d&#8217;\u00e9criture immersive. Laissez vagabonder vos pens\u00e9es et immortalisez vos \u00e9crits avec le Carnet de Note. <em>&#8220;The World Adrift&#8221;<\/em> \u2013 une symphonie parfaite entre l&#8217;esth\u00e9tique et la praticit\u00e9, \u00e0 port\u00e9e de main.<\/p>","protected":false},"featured_media":32082,"comment_status":"open","ping_status":"closed","template":"","meta":{"_uag_custom_page_level_css":"","neve_meta_sidebar":"","neve_meta_container":"","neve_meta_enable_content_width":"off","neve_meta_content_width":100,"neve_meta_title_alignment":"","neve_meta_author_avatar":"","neve_post_elements_order":"","neve_meta_disable_header":"","neve_meta_disable_footer":"","neve_meta_disable_title":"","ngg_post_thumbnail":0},"product_cat":[65],"product_tag":[],"class_list":{"0":"post-31868","1":"product","2":"type-product","3":"status-publish","4":"has-post-thumbnail","6":"product_cat-bloc-notes","8":"first","9":"instock","10":"shipping-taxable","11":"purchasable","12":"product-type-simple"},"yoast_head":"<!-- This site is optimized with the Yoast SEO plugin v21.8 - https:\/\/yoast.com\/wordpress\/plugins\/seo\/ -->\n<title>Carnet de notes \u00e0 spirale \u2013 de 150 pages \u2013 format A5 -cr\u00e9ation de l\u2019artiste ESENJ \u2013 \u00ab\u00a0The World Adrift\u00a0\u00bb - Atelier Khan Renew<\/title>\n<meta name=\"robots\" content=\"index, follow, max-snippet:-1, max-image-preview:large, max-video-preview:-1\" \/>\n<link rel=\"canonical\" href=\"https:\/\/atelierkhanrenew.ch\/en\/product\/carnet-de-note-a-spirale-de-150-pages-format-a5-creation-de-lartiste-esenj-the-world-adrift\/\" \/>\n<meta property=\"og:locale\" content=\"en_US\" \/>\n<meta property=\"og:type\" content=\"article\" \/>\n<meta property=\"og:title\" content=\"Carnet de notes \u00e0 spirale \u2013 de 150 pages \u2013 format A5 -cr\u00e9ation de l\u2019artiste ESENJ \u2013 \u00ab\u00a0The World Adrift\u00a0\u00bb - Atelier Khan Renew\" \/>\n<meta property=\"og:description\" content=\"&nbsp;  Explorez l&#039;univers envo\u00fbtant du Carnet de Note &quot;The World Adrift&quot;, une fusion parfaite entre art et fonctionnalit\u00e9. Avec 150 pages au format A5, ce bijou de papeterie devient votre complice quotidien, pr\u00eat \u00e0 inspirer chaque instant.  &nbsp;  La couverture, une reproduction du tableau &quot;The World Adrift&quot; d&#039;ESENJ, transforme ce carnet en une \u0153uvre d&#039;art portable. Les illustrations noir\/blanc, soigneusement con\u00e7ues par notre designer, reprennent les \u00e9l\u00e9ments captivants du tableau, cr\u00e9ant une exp\u00e9rience d&#039;\u00e9criture immersive. Laissez vagabonder vos pens\u00e9es et immortalisez vos \u00e9crits avec le Carnet de Note. &quot;The World Adrift&quot; \u2013 une symphonie parfaite entre l&#039;esth\u00e9tique et la praticit\u00e9, \u00e0 port\u00e9e de main.\" \/>\n<meta property=\"og:url\" content=\"https:\/\/atelierkhanrenew.ch\/en\/product\/carnet-de-note-a-spirale-de-150-pages-format-a5-creation-de-lartiste-esenj-the-world-adrift\/\" \/>\n<meta property=\"og:site_name\" content=\"Atelier Khan Renew\" \/>\n<meta property=\"article:publisher\" content=\"https:\/\/www.facebook.com\/atelierkhanrenew\" \/>\n<meta property=\"article:modified_time\" content=\"2024-01-05T17:59:11+00:00\" \/>\n<meta property=\"og:image\" content=\"https:\/\/atelierkhanrenew.ch\/wp-content\/uploads\/2024\/01\/finale-carnet-de-note-vue-de-face-world-adrift.png\" \/>\n\t<meta property=\"og:image:width\" content=\"1080\" \/>\n\t<meta property=\"og:image:height\" content=\"1080\" \/>\n\t<meta property=\"og:image:type\" content=\"image\/png\" \/>\n<meta name=\"twitter:card\" content=\"summary_large_image\" \/>\n<meta name=\"twitter:label1\" content=\"Est. reading time\" \/>\n\t<meta name=\"twitter:data1\" content=\"2 minutes\" \/>\n<script type=\"application\/ld+json\" class=\"yoast-schema-graph\">{\"@context\":\"https:\/\/schema.org\",\"@graph\":[{\"@type\":\"WebPage\",\"@id\":\"https:\/\/atelierkhanrenew.ch\/produit\/carnet-de-note-a-spirale-de-150-pages-format-a5-creation-de-lartiste-esenj-the-world-adrift\/\",\"url\":\"https:\/\/atelierkhanrenew.ch\/produit\/carnet-de-note-a-spirale-de-150-pages-format-a5-creation-de-lartiste-esenj-the-world-adrift\/\",\"name\":\"Carnet de notes \u00e0 spirale \u2013 de 150 pages \u2013 format A5 -cr\u00e9ation de l\u2019artiste ESENJ \u2013 \u00ab\u00a0The World Adrift\u00a0\u00bb - Atelier Khan Renew\",\"isPartOf\":{\"@id\":\"https:\/\/atelierkhanrenew.ch\/#website\"},\"datePublished\":\"2024-01-01T17:35:26+00:00\",\"dateModified\":\"2024-01-05T17:59:11+00:00\",\"breadcrumb\":{\"@id\":\"https:\/\/atelierkhanrenew.ch\/produit\/carnet-de-note-a-spirale-de-150-pages-format-a5-creation-de-lartiste-esenj-the-world-adrift\/#breadcrumb\"},\"inLanguage\":\"en-US\",\"potentialAction\":[{\"@type\":\"ReadAction\",\"target\":[\"https:\/\/atelierkhanrenew.ch\/produit\/carnet-de-note-a-spirale-de-150-pages-format-a5-creation-de-lartiste-esenj-the-world-adrift\/\"]}]},{\"@type\":\"BreadcrumbList\",\"@id\":\"https:\/\/atelierkhanrenew.ch\/produit\/carnet-de-note-a-spirale-de-150-pages-format-a5-creation-de-lartiste-esenj-the-world-adrift\/#breadcrumb\",\"itemListElement\":[{\"@type\":\"ListItem\",\"position\":1,\"name\":\"Accueil\",\"item\":\"https:\/\/atelierkhanrenew.ch\/\"},{\"@type\":\"ListItem\",\"position\":2,\"name\":\"e-shop\",\"item\":\"https:\/\/atelierkhanrenew.ch\/boutique\/\"},{\"@type\":\"ListItem\",\"position\":3,\"name\":\"Carnet de notes \u00e0 spirale \u2013 de 150 pages \u2013 format A5 -cr\u00e9ation de l\u2019artiste ESENJ \u2013 \u00ab\u00a0The World Adrift\u00a0\u00bb\"}]},{\"@type\":\"WebSite\",\"@id\":\"https:\/\/atelierkhanrenew.ch\/#website\",\"url\":\"https:\/\/atelierkhanrenew.ch\/\",\"name\":\"Atelier Khan Renew\",\"description\":\"\",\"publisher\":{\"@id\":\"https:\/\/atelierkhanrenew.ch\/#organization\"},\"potentialAction\":[{\"@type\":\"SearchAction\",\"target\":{\"@type\":\"EntryPoint\",\"urlTemplate\":\"https:\/\/atelierkhanrenew.ch\/?s={search_term_string}\"},\"query-input\":\"required name=search_term_string\"}],\"inLanguage\":\"en-US\"},{\"@type\":\"Organization\",\"@id\":\"https:\/\/atelierkhanrenew.ch\/#organization\",\"name\":\"Atelier Khan Renew\",\"url\":\"https:\/\/atelierkhanrenew.ch\/\",\"logo\":{\"@type\":\"ImageObject\",\"inLanguage\":\"en-US\",\"@id\":\"https:\/\/atelierkhanrenew.ch\/#\/schema\/logo\/image\/\",\"url\":\"https:\/\/atelierkhanrenew.ch\/wp-content\/uploads\/2021\/03\/cropped-Logo-Akr-vectorise\u0301-png-1-e1619189313608.png\",\"contentUrl\":\"https:\/\/atelierkhanrenew.ch\/wp-content\/uploads\/2021\/03\/cropped-Logo-Akr-vectorise\u0301-png-1-e1619189313608.png\",\"width\":512,\"height\":479,\"caption\":\"Atelier Khan Renew\"},\"image\":{\"@id\":\"https:\/\/atelierkhanrenew.ch\/#\/schema\/logo\/image\/\"},\"sameAs\":[\"https:\/\/www.facebook.com\/atelierkhanrenew\",\"https:\/\/www.instagram.com\/akr_compteofficiel\/?hl=fr\",\"https:\/\/www.pinterest.fr\/Atelierkhanrenew\"]}]}<\/script>\n<!-- \/ Yoast SEO plugin. -->","yoast_head_json":{"title":"Carnet de notes \u00e0 spirale \u2013 de 150 pages \u2013 format A5 -cr\u00e9ation de l\u2019artiste ESENJ \u2013 \u00ab\u00a0The World Adrift\u00a0\u00bb - Atelier Khan Renew","robots":{"index":"index","follow":"follow","max-snippet":"max-snippet:-1","max-image-preview":"max-image-preview:large","max-video-preview":"max-video-preview:-1"},"canonical":"https:\/\/atelierkhanrenew.ch\/en\/product\/carnet-de-note-a-spirale-de-150-pages-format-a5-creation-de-lartiste-esenj-the-world-adrift\/","og_locale":"en_US","og_type":"article","og_title":"Carnet de notes \u00e0 spirale \u2013 de 150 pages \u2013 format A5 -cr\u00e9ation de l\u2019artiste ESENJ \u2013 \u00ab\u00a0The World Adrift\u00a0\u00bb - Atelier Khan Renew","og_description":"&nbsp;  Explorez l'univers envo\u00fbtant du Carnet de Note \"The World Adrift\", une fusion parfaite entre art et fonctionnalit\u00e9. Avec 150 pages au format A5, ce bijou de papeterie devient votre complice quotidien, pr\u00eat \u00e0 inspirer chaque instant.  &nbsp;  La couverture, une reproduction du tableau \"The World Adrift\" d'ESENJ, transforme ce carnet en une \u0153uvre d'art portable. Les illustrations noir\/blanc, soigneusement con\u00e7ues par notre designer, reprennent les \u00e9l\u00e9ments captivants du tableau, cr\u00e9ant une exp\u00e9rience d'\u00e9criture immersive. Laissez vagabonder vos pens\u00e9es et immortalisez vos \u00e9crits avec le Carnet de Note. \"The World Adrift\" \u2013 une symphonie parfaite entre l'esth\u00e9tique et la praticit\u00e9, \u00e0 port\u00e9e de main.","og_url":"https:\/\/atelierkhanrenew.ch\/en\/product\/carnet-de-note-a-spirale-de-150-pages-format-a5-creation-de-lartiste-esenj-the-world-adrift\/","og_site_name":"Atelier Khan Renew","article_publisher":"https:\/\/www.facebook.com\/atelierkhanrenew","article_modified_time":"2024-01-05T17:59:11+00:00","og_image":[{"width":1080,"height":1080,"url":"https:\/\/atelierkhanrenew.ch\/wp-content\/uploads\/2024\/01\/finale-carnet-de-note-vue-de-face-world-adrift.png","type":"image\/png"}],"twitter_card":"summary_large_image","twitter_misc":{"Est. reading time":"2 minutes"},"schema":{"@context":"https:\/\/schema.org","@graph":[{"@type":"WebPage","@id":"https:\/\/atelierkhanrenew.ch\/produit\/carnet-de-note-a-spirale-de-150-pages-format-a5-creation-de-lartiste-esenj-the-world-adrift\/","url":"https:\/\/atelierkhanrenew.ch\/produit\/carnet-de-note-a-spirale-de-150-pages-format-a5-creation-de-lartiste-esenj-the-world-adrift\/","name":"Carnet de notes \u00e0 spirale \u2013 de 150 pages \u2013 format A5 -cr\u00e9ation de l\u2019artiste ESENJ \u2013 \u00ab\u00a0The World Adrift\u00a0\u00bb - Atelier Khan Renew","isPartOf":{"@id":"https:\/\/atelierkhanrenew.ch\/#website"},"datePublished":"2024-01-01T17:35:26+00:00","dateModified":"2024-01-05T17:59:11+00:00","breadcrumb":{"@id":"https:\/\/atelierkhanrenew.ch\/produit\/carnet-de-note-a-spirale-de-150-pages-format-a5-creation-de-lartiste-esenj-the-world-adrift\/#breadcrumb"},"inLanguage":"en-US","potentialAction":[{"@type":"ReadAction","target":["https:\/\/atelierkhanrenew.ch\/produit\/carnet-de-note-a-spirale-de-150-pages-format-a5-creation-de-lartiste-esenj-the-world-adrift\/"]}]},{"@type":"BreadcrumbList","@id":"https:\/\/atelierkhanrenew.ch\/produit\/carnet-de-note-a-spirale-de-150-pages-format-a5-creation-de-lartiste-esenj-the-world-adrift\/#breadcrumb","itemListElement":[{"@type":"ListItem","position":1,"name":"Accueil","item":"https:\/\/atelierkhanrenew.ch\/"},{"@type":"ListItem","position":2,"name":"e-shop","item":"https:\/\/atelierkhanrenew.ch\/boutique\/"},{"@type":"ListItem","position":3,"name":"Carnet de notes \u00e0 spirale \u2013 de 150 pages \u2013 format A5 -cr\u00e9ation de l\u2019artiste ESENJ \u2013 \u00ab\u00a0The World Adrift\u00a0\u00bb"}]},{"@type":"WebSite","@id":"https:\/\/atelierkhanrenew.ch\/#website","url":"https:\/\/atelierkhanrenew.ch\/","name":"Atelier Khan Renew","description":"","publisher":{"@id":"https:\/\/atelierkhanrenew.ch\/#organization"},"potentialAction":[{"@type":"SearchAction","target":{"@type":"EntryPoint","urlTemplate":"https:\/\/atelierkhanrenew.ch\/?s={search_term_string}"},"query-input":"required name=search_term_string"}],"inLanguage":"en-US"},{"@type":"Organization","@id":"https:\/\/atelierkhanrenew.ch\/#organization","name":"Atelier Khan Renew","url":"https:\/\/atelierkhanrenew.ch\/","logo":{"@type":"ImageObject","inLanguage":"en-US","@id":"https:\/\/atelierkhanrenew.ch\/#\/schema\/logo\/image\/","url":"https:\/\/atelierkhanrenew.ch\/wp-content\/uploads\/2021\/03\/cropped-Logo-Akr-vectorise\u0301-png-1-e1619189313608.png","contentUrl":"https:\/\/atelierkhanrenew.ch\/wp-content\/uploads\/2021\/03\/cropped-Logo-Akr-vectorise\u0301-png-1-e1619189313608.png","width":512,"height":479,"caption":"Atelier Khan Renew"},"image":{"@id":"https:\/\/atelierkhanrenew.ch\/#\/schema\/logo\/image\/"},"sameAs":["https:\/\/www.facebook.com\/atelierkhanrenew","https:\/\/www.instagram.com\/akr_compteofficiel\/?hl=fr","https:\/\/www.pinterest.fr\/Atelierkhanrenew"]}]}},"uagb_featured_image_src":{"full":["https:\/\/atelierkhanrenew.ch\/wp-content\/uploads\/2024\/01\/finale-carnet-de-note-vue-de-face-world-adrift.png",1080,1080,false],"thumbnail":["https:\/\/atelierkhanrenew.ch\/wp-content\/uploads\/2024\/01\/finale-carnet-de-note-vue-de-face-world-adrift-150x150.png",150,150,true],"medium":["https:\/\/atelierkhanrenew.ch\/wp-content\/uploads\/2024\/01\/finale-carnet-de-note-vue-de-face-world-adrift-300x300.png",300,300,true],"medium_large":["https:\/\/atelierkhanrenew.ch\/wp-content\/uploads\/2024\/01\/finale-carnet-de-note-vue-de-face-world-adrift-768x768.png",768,768,true],"large":["https:\/\/atelierkhanrenew.ch\/wp-content\/uploads\/2024\/01\/finale-carnet-de-note-vue-de-face-world-adrift-1024x1024.png",1024,1024,true],"1536x1536":["https:\/\/atelierkhanrenew.ch\/wp-content\/uploads\/2024\/01\/finale-carnet-de-note-vue-de-face-world-adrift.png",1080,1080,false],"2048x2048":["https:\/\/atelierkhanrenew.ch\/wp-content\/uploads\/2024\/01\/finale-carnet-de-note-vue-de-face-world-adrift.png",1080,1080,false],"trp-custom-language-flag":["https:\/\/atelierkhanrenew.ch\/wp-content\/uploads\/2024\/01\/finale-carnet-de-note-vue-de-face-world-adrift-12x12.png",12,12,true],"neve-blog":["https:\/\/atelierkhanrenew.ch\/wp-content\/uploads\/2024\/01\/finale-carnet-de-note-vue-de-face-world-adrift-930x620.png",930,620,true],"woocommerce_thumbnail":["https:\/\/atelierkhanrenew.ch\/wp-content\/uploads\/2024\/01\/finale-carnet-de-note-vue-de-face-world-adrift-300x300.png",300,300,true],"woocommerce_single":["https:\/\/atelierkhanrenew.ch\/wp-content\/uploads\/2024\/01\/finale-carnet-de-note-vue-de-face-world-adrift-600x600.png",600,600,true],"woocommerce_gallery_thumbnail":["https:\/\/atelierkhanrenew.ch\/wp-content\/uploads\/2024\/01\/finale-carnet-de-note-vue-de-face-world-adrift-100x100.png",100,100,true]},"uagb_author_info":{"display_name":"shaima.k888@gmail.com","author_link":"https:\/\/atelierkhanrenew.ch\/en\/author\/"},"uagb_comment_info":0,"uagb_excerpt":"&nbsp; Explorez l'univers envo\u00fbtant du Carnet de Note \"The World Adrift\", une fusion parfaite entre art et fonctionnalit\u00e9. Avec 150 pages au format A5, ce bijou de papeterie devient votre complice quotidien, pr\u00eat \u00e0 inspirer chaque instant. &nbsp; La couverture, une reproduction du tableau \"The World Adrift\" d'ESENJ, transforme ce carnet en une \u0153uvre d'art&hellip;","_links":{"self":[{"href":"https:\/\/atelierkhanrenew.ch\/en\/wp-json\/wp\/v2\/product\/31868","targetHints":{"allow":["GET"]}}],"collection":[{"href":"https:\/\/atelierkhanrenew.ch\/en\/wp-json\/wp\/v2\/product"}],"about":[{"href":"https:\/\/atelierkhanrenew.ch\/en\/wp-json\/wp\/v2\/types\/product"}],"replies":[{"embeddable":true,"href":"https:\/\/atelierkhanrenew.ch\/en\/wp-json\/wp\/v2\/comments?post=31868"}],"wp:featuredmedia":[{"embeddable":true,"href":"https:\/\/atelierkhanrenew.ch\/en\/wp-json\/wp\/v2\/media\/32082"}],"wp:attachment":[{"href":"https:\/\/atelierkhanrenew.ch\/en\/wp-json\/wp\/v2\/media?parent=31868"}],"wp:term":[{"taxonomy":"product_cat","embeddable":true,"href":"https:\/\/atelierkhanrenew.ch\/en\/wp-json\/wp\/v2\/product_cat?post=31868"},{"taxonomy":"product_tag","embeddable":true,"href":"https:\/\/atelierkhanrenew.ch\/en\/wp-json\/wp\/v2\/product_tag?post=31868"}],"curies":[{"name":"wp","href":"https:\/\/api.w.org\/{rel}","templated":true}]}}