{"id":31863,"date":"2024-01-01T17:39:37","date_gmt":"2024-01-01T16:39:37","guid":{"rendered":"https:\/\/atelierkhanrenew.ch\/?post_type=product&#038;p=31863"},"modified":"2024-01-02T18:42:26","modified_gmt":"2024-01-02T17:42:26","slug":"carnet-de-note-a-spirale-de-150-pages-format-a5-creation-de-lartiste-esenj-the-view","status":"publish","type":"product","link":"https:\/\/atelierkhanrenew.ch\/en\/product\/carnet-de-note-a-spirale-de-150-pages-format-a5-creation-de-lartiste-esenj-the-view\/","title":{"rendered":"Carnet de notes \u00e0 spirale \u2013 de 150 pages \u2013 format A5 -cr\u00e9ation de l\u2019artiste ESENJ \u2013 \u00ab\u00a0The View\u00bb"},"content":{"rendered":"<p style=\"text-align: center;\"><strong>**Caract\u00e9ristiques Principales:**<\/strong><\/p>\n<p><strong>1. **Couverte d&#8217;Art:**<\/strong><br \/>\n&#8211; La couverture rigide met en lumi\u00e8re la superbe \u0153uvre &#8220;The View&#8221; de l&#8217;artiste, ESENJ. Chaque carnet devient ainsi une pi\u00e8ce artistique \u00e0 part enti\u00e8re.<\/p>\n<p><strong>2. **Illustrations en Noir et Blanc:**<\/strong><br \/>\n&#8211; L&#8217;int\u00e9rieur du carnet est enrichi d&#8217;illustrations en noir et blanc, reprenant des \u00e9l\u00e9ments de la peinture &#8220;The View&#8221;. Chaque page s&#8217;\u00e9rige en une invitation \u00e0 l&#8217;inspiration.<\/p>\n<p><strong>3. **Suivi d&#8217;Habitudes et Citations Motivantes:**<\/strong><br \/>\n&#8211; Int\u00e9grant des &#8220;habit trackers&#8221; pour faciliter le suivi quotidien des habitudes, et des &#8220;phrases motivantes&#8221; pour stimuler l&#8217;enthousiasme.<\/p>\n<p><strong>4. **150 Pages pour une Cr\u00e9ativit\u00e9 Illimit\u00e9e:**<\/strong><br \/>\n&#8211; Offrant 150 pages, ce carnet lib\u00e8re votre cr\u00e9ativit\u00e9 des limites. Chaque page devient une toile blanche pr\u00eate \u00e0 accueillir vos id\u00e9es et chefs-d&#8217;\u0153uvre.<\/p>\n<p><strong>5. **Pages Cr\u00e8mes Apaisantes:**<\/strong><br \/>\n&#8211; Les pages couleur cr\u00e8me pr\u00e9sentent une alternative douce au blanc traditionnel, m\u00e9nageant vos yeux et instaurant une ambiance accueillante.<\/p>\n<p><strong>6. **Robuste, Esth\u00e9tique, Fonctionnel, Cr\u00e9atif:**<\/strong><br \/>\n&#8211; Fusionnant robustesse pour une utilisation quotidienne, esth\u00e9tisme pour stimuler la cr\u00e9ativit\u00e9, fonctionnalit\u00e9 pour rester organis\u00e9, et cr\u00e9ativit\u00e9 pour inspirer.<\/p>\n<p><strong>7. **Polyvalent:**<\/strong><br \/>\n&#8211; Adapt\u00e9 \u00e0 une utilisation comme journal intime, de voyage, d\u2019objectifs, d&#8217;apprentissage et de d\u00e9veloppement personnel, ainsi que pour la pratique de la gratitude. Et de nombreux autres utilisations&#8230;<\/p>\n<p><strong>8. **Prix Abordable:**<\/strong><br \/>\n&#8211; Cette qualit\u00e9 exceptionnelle, \u00e0 un prix abordable, fait du carnet &#8220;The View&#8221; un choix \u00e9clair\u00e9 pour les amateurs de papeterie recherchant l&#8217;\u00e9quilibre parfait entre qualit\u00e9 et budget.<\/p>\n<p>&nbsp;<\/p>\n<p>&nbsp;<\/p>\n<p style=\"text-align: center;\"><strong>**Caract\u00e9ristiques techniques:**<\/strong><\/p>\n<ol>\n<li><strong>Format A5<\/strong> avec spirales: 17,1 par 21,5 cm et sans spirales : 14,8 par 21 cm.<\/li>\n<li>A l&#8217;int\u00e9rieur, <strong>les pages ont un grammage de 90 g de couleur cr\u00e8me.<\/strong><\/li>\n<li>Reliure: <strong>spirale&nbsp;<\/strong><\/li>\n<li>Couverture rigide et carton\u00e9e <strong>avec papier couch\u00e9 mat 170 gramme<\/strong><\/li>\n<li><strong>150 pages&nbsp;<\/strong><\/li>\n<\/ol>","protected":false},"excerpt":{"rendered":"<p>D\u00e9couvrez le carnet <strong>&#8220;<em>The View<\/em>&#8220;<\/strong> \u2013 Il est bien plus qu&#8217;un simple support d&#8217;\u00e9criture, c&#8217;est une \u0153uvre d&#8217;art \u00e0 part enti\u00e8re. <strong>Sa couverture rigide, une r\u00e9plique de la peinture &#8220;<em>The View<\/em>&#8221; d&#8217;ESENJ<\/strong>, conf\u00e8re une \u00e9l\u00e9gance artistique \u00e0 vos id\u00e9es.<\/p>\n<p>&nbsp;<\/p>\n<p>\u00c0 l&#8217;int\u00e9rieur, chaque page est une toile vierge sublim\u00e9e <strong>des illustrations en noir et blanc<\/strong>, m\u00e9ticuleusement fa\u00e7onn\u00e9es par notre designer. Un mariage parfait entre mots et images, offrant une exp\u00e9rience sensorielle captivante.<\/p>\n<p>&nbsp;<\/p>\n<p><strong>Avec 150 pages<\/strong> sur une toile couleur cr\u00e8me, &#8220;<em>The View<\/em>&#8221; devient le compagnon id\u00e9al pour votre journal intime, vos pens\u00e9es cr\u00e9atives, votre organisation personnelle, et m\u00eame votre journal de gratitude.<\/p>\n<p>Int\u00e9grant des <strong>&#8220;habit trackers&#8221;<\/strong> pour dynamiser vos routines et des phrases motivantes pour stimuler votre quotidien, ce carnet polyvalent transcende les attentes, devenant bien plus qu&#8217;un simple support, mais une source d&#8217;inspiration pour un quotidien \u00e9panouissant.&#8221;<\/p>","protected":false},"featured_media":31864,"comment_status":"open","ping_status":"closed","template":"","meta":{"_uag_custom_page_level_css":"","neve_meta_sidebar":"","neve_meta_container":"","neve_meta_enable_content_width":"off","neve_meta_content_width":100,"neve_meta_title_alignment":"","neve_meta_author_avatar":"","neve_post_elements_order":"","neve_meta_disable_header":"","neve_meta_disable_footer":"","neve_meta_disable_title":"","ngg_post_thumbnail":0},"product_cat":[65],"product_tag":[],"class_list":{"0":"post-31863","1":"product","2":"type-product","3":"status-publish","4":"has-post-thumbnail","6":"product_cat-bloc-notes","8":"first","9":"instock","10":"shipping-taxable","11":"purchasable","12":"product-type-simple"},"yoast_head":"<!-- This site is optimized with the Yoast SEO plugin v21.8 - https:\/\/yoast.com\/wordpress\/plugins\/seo\/ -->\n<title>Carnet de notes \u00e0 spirale \u2013 de 150 pages \u2013 format A5 -cr\u00e9ation de l\u2019artiste ESENJ \u2013 \u00ab\u00a0The View\u00bb - Atelier Khan Renew<\/title>\n<meta name=\"robots\" content=\"index, follow, max-snippet:-1, max-image-preview:large, max-video-preview:-1\" \/>\n<link rel=\"canonical\" href=\"https:\/\/atelierkhanrenew.ch\/en\/product\/carnet-de-note-a-spirale-de-150-pages-format-a5-creation-de-lartiste-esenj-the-view\/\" \/>\n<meta property=\"og:locale\" content=\"en_US\" \/>\n<meta property=\"og:type\" content=\"article\" \/>\n<meta property=\"og:title\" content=\"Carnet de notes \u00e0 spirale \u2013 de 150 pages \u2013 format A5 -cr\u00e9ation de l\u2019artiste ESENJ \u2013 \u00ab\u00a0The View\u00bb - Atelier Khan Renew\" \/>\n<meta property=\"og:description\" content=\"D\u00e9couvrez le carnet &quot;The View&quot; \u2013 Il est bien plus qu&#039;un simple support d&#039;\u00e9criture, c&#039;est une \u0153uvre d&#039;art \u00e0 part enti\u00e8re. Sa couverture rigide, une r\u00e9plique de la peinture &quot;The View&quot; d&#039;ESENJ, conf\u00e8re une \u00e9l\u00e9gance artistique \u00e0 vos id\u00e9es.  &nbsp;  \u00c0 l&#039;int\u00e9rieur, chaque page est une toile vierge sublim\u00e9e des illustrations en noir et blanc, m\u00e9ticuleusement fa\u00e7onn\u00e9es par notre designer. Un mariage parfait entre mots et images, offrant une exp\u00e9rience sensorielle captivante.  &nbsp;  Avec 150 pages sur une toile couleur cr\u00e8me, &quot;The View&quot; devient le compagnon id\u00e9al pour votre journal intime, vos pens\u00e9es cr\u00e9atives, votre organisation personnelle, et m\u00eame votre journal de gratitude.  Int\u00e9grant des &quot;habit trackers&quot; pour dynamiser vos routines et des phrases motivantes pour stimuler votre quotidien, ce carnet polyvalent transcende les attentes, devenant bien plus qu&#039;un simple support, mais une source d&#039;inspiration pour un quotidien \u00e9panouissant.&quot;\" \/>\n<meta property=\"og:url\" content=\"https:\/\/atelierkhanrenew.ch\/en\/product\/carnet-de-note-a-spirale-de-150-pages-format-a5-creation-de-lartiste-esenj-the-view\/\" \/>\n<meta property=\"og:site_name\" content=\"Atelier Khan Renew\" \/>\n<meta property=\"article:publisher\" content=\"https:\/\/www.facebook.com\/atelierkhanrenew\" \/>\n<meta property=\"article:modified_time\" content=\"2024-01-02T17:42:26+00:00\" \/>\n<meta property=\"og:image\" content=\"https:\/\/atelierkhanrenew.ch\/wp-content\/uploads\/2024\/01\/carnet-de-note_theview.png\" \/>\n\t<meta property=\"og:image:width\" content=\"1000\" \/>\n\t<meta property=\"og:image:height\" content=\"1000\" \/>\n\t<meta property=\"og:image:type\" content=\"image\/png\" \/>\n<meta name=\"twitter:card\" content=\"summary_large_image\" \/>\n<meta name=\"twitter:label1\" content=\"Est. reading time\" \/>\n\t<meta name=\"twitter:data1\" content=\"1 minute\" \/>\n<script type=\"application\/ld+json\" class=\"yoast-schema-graph\">{\"@context\":\"https:\/\/schema.org\",\"@graph\":[{\"@type\":\"WebPage\",\"@id\":\"https:\/\/atelierkhanrenew.ch\/produit\/carnet-de-note-a-spirale-de-150-pages-format-a5-creation-de-lartiste-esenj-the-view\/\",\"url\":\"https:\/\/atelierkhanrenew.ch\/produit\/carnet-de-note-a-spirale-de-150-pages-format-a5-creation-de-lartiste-esenj-the-view\/\",\"name\":\"Carnet de notes \u00e0 spirale \u2013 de 150 pages \u2013 format A5 -cr\u00e9ation de l\u2019artiste ESENJ \u2013 \u00ab\u00a0The View\u00bb - Atelier Khan Renew\",\"isPartOf\":{\"@id\":\"https:\/\/atelierkhanrenew.ch\/#website\"},\"datePublished\":\"2024-01-01T16:39:37+00:00\",\"dateModified\":\"2024-01-02T17:42:26+00:00\",\"breadcrumb\":{\"@id\":\"https:\/\/atelierkhanrenew.ch\/produit\/carnet-de-note-a-spirale-de-150-pages-format-a5-creation-de-lartiste-esenj-the-view\/#breadcrumb\"},\"inLanguage\":\"en-US\",\"potentialAction\":[{\"@type\":\"ReadAction\",\"target\":[\"https:\/\/atelierkhanrenew.ch\/produit\/carnet-de-note-a-spirale-de-150-pages-format-a5-creation-de-lartiste-esenj-the-view\/\"]}]},{\"@type\":\"BreadcrumbList\",\"@id\":\"https:\/\/atelierkhanrenew.ch\/produit\/carnet-de-note-a-spirale-de-150-pages-format-a5-creation-de-lartiste-esenj-the-view\/#breadcrumb\",\"itemListElement\":[{\"@type\":\"ListItem\",\"position\":1,\"name\":\"Accueil\",\"item\":\"https:\/\/atelierkhanrenew.ch\/\"},{\"@type\":\"ListItem\",\"position\":2,\"name\":\"e-shop\",\"item\":\"https:\/\/atelierkhanrenew.ch\/boutique\/\"},{\"@type\":\"ListItem\",\"position\":3,\"name\":\"Carnet de notes \u00e0 spirale \u2013 de 150 pages \u2013 format A5 -cr\u00e9ation de l\u2019artiste ESENJ \u2013 \u00ab\u00a0The View\u00bb\"}]},{\"@type\":\"WebSite\",\"@id\":\"https:\/\/atelierkhanrenew.ch\/#website\",\"url\":\"https:\/\/atelierkhanrenew.ch\/\",\"name\":\"Atelier Khan Renew\",\"description\":\"\",\"publisher\":{\"@id\":\"https:\/\/atelierkhanrenew.ch\/#organization\"},\"potentialAction\":[{\"@type\":\"SearchAction\",\"target\":{\"@type\":\"EntryPoint\",\"urlTemplate\":\"https:\/\/atelierkhanrenew.ch\/?s={search_term_string}\"},\"query-input\":\"required name=search_term_string\"}],\"inLanguage\":\"en-US\"},{\"@type\":\"Organization\",\"@id\":\"https:\/\/atelierkhanrenew.ch\/#organization\",\"name\":\"Atelier Khan Renew\",\"url\":\"https:\/\/atelierkhanrenew.ch\/\",\"logo\":{\"@type\":\"ImageObject\",\"inLanguage\":\"en-US\",\"@id\":\"https:\/\/atelierkhanrenew.ch\/#\/schema\/logo\/image\/\",\"url\":\"https:\/\/atelierkhanrenew.ch\/wp-content\/uploads\/2021\/03\/cropped-Logo-Akr-vectorise\u0301-png-1-e1619189313608.png\",\"contentUrl\":\"https:\/\/atelierkhanrenew.ch\/wp-content\/uploads\/2021\/03\/cropped-Logo-Akr-vectorise\u0301-png-1-e1619189313608.png\",\"width\":512,\"height\":479,\"caption\":\"Atelier Khan Renew\"},\"image\":{\"@id\":\"https:\/\/atelierkhanrenew.ch\/#\/schema\/logo\/image\/\"},\"sameAs\":[\"https:\/\/www.facebook.com\/atelierkhanrenew\",\"https:\/\/www.instagram.com\/akr_compteofficiel\/?hl=fr\",\"https:\/\/www.pinterest.fr\/Atelierkhanrenew\"]}]}<\/script>\n<!-- \/ Yoast SEO plugin. -->","yoast_head_json":{"title":"Carnet de notes \u00e0 spirale \u2013 de 150 pages \u2013 format A5 -cr\u00e9ation de l\u2019artiste ESENJ \u2013 \u00ab\u00a0The View\u00bb - Atelier Khan Renew","robots":{"index":"index","follow":"follow","max-snippet":"max-snippet:-1","max-image-preview":"max-image-preview:large","max-video-preview":"max-video-preview:-1"},"canonical":"https:\/\/atelierkhanrenew.ch\/en\/product\/carnet-de-note-a-spirale-de-150-pages-format-a5-creation-de-lartiste-esenj-the-view\/","og_locale":"en_US","og_type":"article","og_title":"Carnet de notes \u00e0 spirale \u2013 de 150 pages \u2013 format A5 -cr\u00e9ation de l\u2019artiste ESENJ \u2013 \u00ab\u00a0The View\u00bb - Atelier Khan Renew","og_description":"D\u00e9couvrez le carnet \"The View\" \u2013 Il est bien plus qu'un simple support d'\u00e9criture, c'est une \u0153uvre d'art \u00e0 part enti\u00e8re. Sa couverture rigide, une r\u00e9plique de la peinture \"The View\" d'ESENJ, conf\u00e8re une \u00e9l\u00e9gance artistique \u00e0 vos id\u00e9es.  &nbsp;  \u00c0 l'int\u00e9rieur, chaque page est une toile vierge sublim\u00e9e des illustrations en noir et blanc, m\u00e9ticuleusement fa\u00e7onn\u00e9es par notre designer. Un mariage parfait entre mots et images, offrant une exp\u00e9rience sensorielle captivante.  &nbsp;  Avec 150 pages sur une toile couleur cr\u00e8me, \"The View\" devient le compagnon id\u00e9al pour votre journal intime, vos pens\u00e9es cr\u00e9atives, votre organisation personnelle, et m\u00eame votre journal de gratitude.  Int\u00e9grant des \"habit trackers\" pour dynamiser vos routines et des phrases motivantes pour stimuler votre quotidien, ce carnet polyvalent transcende les attentes, devenant bien plus qu'un simple support, mais une source d'inspiration pour un quotidien \u00e9panouissant.\"","og_url":"https:\/\/atelierkhanrenew.ch\/en\/product\/carnet-de-note-a-spirale-de-150-pages-format-a5-creation-de-lartiste-esenj-the-view\/","og_site_name":"Atelier Khan Renew","article_publisher":"https:\/\/www.facebook.com\/atelierkhanrenew","article_modified_time":"2024-01-02T17:42:26+00:00","og_image":[{"width":1000,"height":1000,"url":"https:\/\/atelierkhanrenew.ch\/wp-content\/uploads\/2024\/01\/carnet-de-note_theview.png","type":"image\/png"}],"twitter_card":"summary_large_image","twitter_misc":{"Est. reading time":"1 minute"},"schema":{"@context":"https:\/\/schema.org","@graph":[{"@type":"WebPage","@id":"https:\/\/atelierkhanrenew.ch\/produit\/carnet-de-note-a-spirale-de-150-pages-format-a5-creation-de-lartiste-esenj-the-view\/","url":"https:\/\/atelierkhanrenew.ch\/produit\/carnet-de-note-a-spirale-de-150-pages-format-a5-creation-de-lartiste-esenj-the-view\/","name":"Carnet de notes \u00e0 spirale \u2013 de 150 pages \u2013 format A5 -cr\u00e9ation de l\u2019artiste ESENJ \u2013 \u00ab\u00a0The View\u00bb - Atelier Khan Renew","isPartOf":{"@id":"https:\/\/atelierkhanrenew.ch\/#website"},"datePublished":"2024-01-01T16:39:37+00:00","dateModified":"2024-01-02T17:42:26+00:00","breadcrumb":{"@id":"https:\/\/atelierkhanrenew.ch\/produit\/carnet-de-note-a-spirale-de-150-pages-format-a5-creation-de-lartiste-esenj-the-view\/#breadcrumb"},"inLanguage":"en-US","potentialAction":[{"@type":"ReadAction","target":["https:\/\/atelierkhanrenew.ch\/produit\/carnet-de-note-a-spirale-de-150-pages-format-a5-creation-de-lartiste-esenj-the-view\/"]}]},{"@type":"BreadcrumbList","@id":"https:\/\/atelierkhanrenew.ch\/produit\/carnet-de-note-a-spirale-de-150-pages-format-a5-creation-de-lartiste-esenj-the-view\/#breadcrumb","itemListElement":[{"@type":"ListItem","position":1,"name":"Accueil","item":"https:\/\/atelierkhanrenew.ch\/"},{"@type":"ListItem","position":2,"name":"e-shop","item":"https:\/\/atelierkhanrenew.ch\/boutique\/"},{"@type":"ListItem","position":3,"name":"Carnet de notes \u00e0 spirale \u2013 de 150 pages \u2013 format A5 -cr\u00e9ation de l\u2019artiste ESENJ \u2013 \u00ab\u00a0The View\u00bb"}]},{"@type":"WebSite","@id":"https:\/\/atelierkhanrenew.ch\/#website","url":"https:\/\/atelierkhanrenew.ch\/","name":"Atelier Khan Renew","description":"","publisher":{"@id":"https:\/\/atelierkhanrenew.ch\/#organization"},"potentialAction":[{"@type":"SearchAction","target":{"@type":"EntryPoint","urlTemplate":"https:\/\/atelierkhanrenew.ch\/?s={search_term_string}"},"query-input":"required name=search_term_string"}],"inLanguage":"en-US"},{"@type":"Organization","@id":"https:\/\/atelierkhanrenew.ch\/#organization","name":"Atelier Khan Renew","url":"https:\/\/atelierkhanrenew.ch\/","logo":{"@type":"ImageObject","inLanguage":"en-US","@id":"https:\/\/atelierkhanrenew.ch\/#\/schema\/logo\/image\/","url":"https:\/\/atelierkhanrenew.ch\/wp-content\/uploads\/2021\/03\/cropped-Logo-Akr-vectorise\u0301-png-1-e1619189313608.png","contentUrl":"https:\/\/atelierkhanrenew.ch\/wp-content\/uploads\/2021\/03\/cropped-Logo-Akr-vectorise\u0301-png-1-e1619189313608.png","width":512,"height":479,"caption":"Atelier Khan Renew"},"image":{"@id":"https:\/\/atelierkhanrenew.ch\/#\/schema\/logo\/image\/"},"sameAs":["https:\/\/www.facebook.com\/atelierkhanrenew","https:\/\/www.instagram.com\/akr_compteofficiel\/?hl=fr","https:\/\/www.pinterest.fr\/Atelierkhanrenew"]}]}},"uagb_featured_image_src":{"full":["https:\/\/atelierkhanrenew.ch\/wp-content\/uploads\/2024\/01\/carnet-de-note_theview.png",1000,1000,false],"thumbnail":["https:\/\/atelierkhanrenew.ch\/wp-content\/uploads\/2024\/01\/carnet-de-note_theview-150x150.png",150,150,true],"medium":["https:\/\/atelierkhanrenew.ch\/wp-content\/uploads\/2024\/01\/carnet-de-note_theview-300x300.png",300,300,true],"medium_large":["https:\/\/atelierkhanrenew.ch\/wp-content\/uploads\/2024\/01\/carnet-de-note_theview-768x768.png",768,768,true],"large":["https:\/\/atelierkhanrenew.ch\/wp-content\/uploads\/2024\/01\/carnet-de-note_theview.png",1000,1000,false],"1536x1536":["https:\/\/atelierkhanrenew.ch\/wp-content\/uploads\/2024\/01\/carnet-de-note_theview.png",1000,1000,false],"2048x2048":["https:\/\/atelierkhanrenew.ch\/wp-content\/uploads\/2024\/01\/carnet-de-note_theview.png",1000,1000,false],"trp-custom-language-flag":["https:\/\/atelierkhanrenew.ch\/wp-content\/uploads\/2024\/01\/carnet-de-note_theview-12x12.png",12,12,true],"neve-blog":["https:\/\/atelierkhanrenew.ch\/wp-content\/uploads\/2024\/01\/carnet-de-note_theview-930x620.png",930,620,true],"woocommerce_thumbnail":["https:\/\/atelierkhanrenew.ch\/wp-content\/uploads\/2024\/01\/carnet-de-note_theview-300x300.png",300,300,true],"woocommerce_single":["https:\/\/atelierkhanrenew.ch\/wp-content\/uploads\/2024\/01\/carnet-de-note_theview-600x600.png",600,600,true],"woocommerce_gallery_thumbnail":["https:\/\/atelierkhanrenew.ch\/wp-content\/uploads\/2024\/01\/carnet-de-note_theview-100x100.png",100,100,true]},"uagb_author_info":{"display_name":"shaima.k888@gmail.com","author_link":"https:\/\/atelierkhanrenew.ch\/en\/author\/"},"uagb_comment_info":0,"uagb_excerpt":"D\u00e9couvrez le carnet \"The View\" \u2013 Il est bien plus qu'un simple support d'\u00e9criture, c'est une \u0153uvre d'art \u00e0 part enti\u00e8re. Sa couverture rigide, une r\u00e9plique de la peinture \"The View\" d'ESENJ, conf\u00e8re une \u00e9l\u00e9gance artistique \u00e0 vos id\u00e9es. &nbsp; \u00c0 l'int\u00e9rieur, chaque page est une toile vierge sublim\u00e9e des illustrations en noir et blanc,&hellip;","_links":{"self":[{"href":"https:\/\/atelierkhanrenew.ch\/en\/wp-json\/wp\/v2\/product\/31863","targetHints":{"allow":["GET"]}}],"collection":[{"href":"https:\/\/atelierkhanrenew.ch\/en\/wp-json\/wp\/v2\/product"}],"about":[{"href":"https:\/\/atelierkhanrenew.ch\/en\/wp-json\/wp\/v2\/types\/product"}],"replies":[{"embeddable":true,"href":"https:\/\/atelierkhanrenew.ch\/en\/wp-json\/wp\/v2\/comments?post=31863"}],"wp:featuredmedia":[{"embeddable":true,"href":"https:\/\/atelierkhanrenew.ch\/en\/wp-json\/wp\/v2\/media\/31864"}],"wp:attachment":[{"href":"https:\/\/atelierkhanrenew.ch\/en\/wp-json\/wp\/v2\/media?parent=31863"}],"wp:term":[{"taxonomy":"product_cat","embeddable":true,"href":"https:\/\/atelierkhanrenew.ch\/en\/wp-json\/wp\/v2\/product_cat?post=31863"},{"taxonomy":"product_tag","embeddable":true,"href":"https:\/\/atelierkhanrenew.ch\/en\/wp-json\/wp\/v2\/product_tag?post=31863"}],"curies":[{"name":"wp","href":"https:\/\/api.w.org\/{rel}","templated":true}]}}