{"id":31859,"date":"2024-01-01T17:00:00","date_gmt":"2024-01-01T16:00:00","guid":{"rendered":"https:\/\/atelierkhanrenew.ch\/?post_type=product&#038;p=31859"},"modified":"2024-01-05T19:00:11","modified_gmt":"2024-01-05T18:00:11","slug":"carnet-de-note-a-spirale-de-150-pages-creation-de-lartiste-esenj-water-war","status":"publish","type":"product","link":"https:\/\/atelierkhanrenew.ch\/en\/product\/carnet-de-note-a-spirale-de-150-pages-creation-de-lartiste-esenj-water-war\/","title":{"rendered":"Carnet de notes \u00e0 spirale \u2013 de 150 pages \u2013 format A5 -cr\u00e9ation de l\u2019artiste ESENJ \u2013 \u00ab\u00a0Water War\u00a0\u00bb"},"content":{"rendered":"<p style=\"text-align: center;\"><strong>**Caract\u00e9ristiques Principales:**<\/strong><\/p>\n<p>&nbsp;<\/p>\n<ol>\n<li><strong>**\u0152uvre d&#8217;Art en Couverture:**<\/strong><\/li>\n<\/ol>\n<p>&nbsp;&nbsp; &#8211; La couverture rigide met en avant la magnifique peinture &#8220;Water War&#8221; de l&#8217;artiste ESENJ. Cela fait de chaque carnet un objet artistique \u00e0 part enti\u00e8re.<\/p>\n<p>&nbsp;<\/p>\n<ol start=\"2\">\n<li><strong>**Illustrations Noir et Blanc:**<\/strong><\/li>\n<\/ol>\n<p>&nbsp;&nbsp; &#8211; L&#8217;int\u00e9rieur du carnet est orn\u00e9 d&#8217;illustrations en noir et blanc, reprenant des \u00e9l\u00e9ments de la peinture &#8220;Water War&#8221;. A l&#8217;int\u00e9rieur, une invitation \u00e0 l&#8217;inspiration.<\/p>\n<p>&nbsp;<\/p>\n<ol start=\"3\">\n<li><strong>**To-Do Lists pour une Organisation Optimal:**<\/strong><\/li>\n<\/ol>\n<p>&nbsp;&nbsp; &#8211; Les &#8220;to-do lists&#8221; incluses vous offrent une organisation exceptionnelle, vous permettant de rester parfaitement organis\u00e9 au quotidien.<\/p>\n<p>&nbsp;<\/p>\n<ol start=\"4\">\n<li><strong>**150 Pages pour une Cr\u00e9ativit\u00e9 Sans Limite:**<\/strong><\/li>\n<\/ol>\n<p>&nbsp;&nbsp; &#8211; Avec 150 pages, ne soyez plus limit\u00e9 dans vos explorations cr\u00e9atives. Chaque page est une toile blanche pr\u00eate \u00e0 accueillir vos id\u00e9es et vos chef-d&#8217;\u0153uvres.<\/p>\n<p>&nbsp;<\/p>\n<ol start=\"5\">\n<li><strong>**Pages Couleurs Cr\u00e8mes Apaisantes:**<\/strong><\/li>\n<\/ol>\n<p>&nbsp;&nbsp; &#8211; Les pages couleur cr\u00e8mes offrent une alternative douce au blanc conventionnel, apaisant ainsi vos yeux et cr\u00e9ant une atmosph\u00e8re plus accueillante.<\/p>\n<p>&nbsp;<\/p>\n<ol start=\"6\">\n<li><strong>**Robuste, Esth\u00e9tique, Fonctionnelle, Cr\u00e9ative et Abordable:**<\/strong><\/li>\n<\/ol>\n<p>&nbsp;&nbsp; &#8211; Ce carnet combine toutes les qualit\u00e9s essentielles. Il est robuste pour r\u00e9sister \u00e0 une utilisation quotidienne, esth\u00e9tique pour stimuler votre cr\u00e9ativit\u00e9, fonctionnel pour rester organis\u00e9, cr\u00e9atif pour inspirer, le tout \u00e0 un prix accessible.<\/p>\n<p>&nbsp;<\/p>\n<ol start=\"7\">\n<li><strong>**Exp\u00e9rience Unique \u00e0 Chaque Instant Cr\u00e9atif:**<\/strong><\/li>\n<\/ol>\n<p>&nbsp;&nbsp; &#8211; Transformez vos id\u00e9es en chef-d&#8217;\u0153uvre avec ce carnet qui va au-del\u00e0 des attentes, offrant une exp\u00e9rience unique \u00e0 chaque instant cr\u00e9atif.<\/p>\n<p>&nbsp;<\/p>\n<ol start=\"8\">\n<li><strong>**Prix Accessible:**<\/strong><\/li>\n<\/ol>\n<p>&nbsp;&nbsp; &#8211; Cette qualit\u00e9 exceptionnelle \u00e0 un prix accessible rend le carnet &#8220;Water War&#8221; un choix judicieux pour les amateurs de papeterie recherchant le parfait \u00e9quilibre entre qualit\u00e9 et budget.<\/p>\n<p>&nbsp;<\/p>\n<p style=\"text-align: center;\"><strong>**Caract\u00e9ristiques techniques:**<\/strong><\/p>\n<ol>\n<li><strong>Format A5<\/strong> avec spirales: 17,1 par 21,5 cm et sans spirales : 14,8 par 21 cm.<\/li>\n<li>A l&#8217;int\u00e9rieur, <strong>les pages ont un grammage de 90 g de couleur cr\u00e8me.<\/strong><\/li>\n<li>Reliure: <strong>spirale&nbsp;<\/strong><\/li>\n<li>Couverture rigide et carton\u00e9e <strong>avec papier couch\u00e9 mat 170 gramme<\/strong><\/li>\n<li><strong>150 pages&nbsp;<\/strong><\/li>\n<\/ol>","protected":false},"excerpt":{"rendered":"<p style=\"text-align: justify;\">Le carnet de note &#8220;Water War&#8221; est plus qu&#8217;un outil d&#8217;\u00e9criture. Il est une oeuvre d&#8217;art en soi. Sa couverture rigide est une <strong>reproduction du tableau &#8221; Water War&#8221; de l&#8217;artiste ESENJ.<\/strong><\/p>\n<p style=\"text-align: justify;\">A l&#8217;int\u00e9rieur, les pages accueillent des <strong>illustrations Noir\/Blanc<\/strong> extraites et travaill\u00e9es par notre designer. Ces images deviennent des sources d&#8217;inspiration qui peuvent nourrir votre cr\u00e9ativit\u00e9. L&#8217;art se m\u00eale \u00e0 l&#8217;\u00e9criture, cr\u00e9ant une exp\u00e9rience sensorielle o\u00f9 les mots et les images dialoguent.<\/p>\n<p style=\"text-align: justify;\">Le carnet offre g\u00e9n\u00e9reusement <strong>150 pages<\/strong>, une toile de couleur cr\u00e8me pr\u00eate \u00e0 accueillir vos pens\u00e9es, id\u00e9es et cr\u00e9ations sans limite.<\/p>\n<p style=\"text-align: justify;\">En plus de son caract\u00e8re artistique, ce carnet offre une fonctionnalit\u00e9 exceptionnelle. Les <strong>&#8220;to do lists&#8221;<\/strong> incluses vous offrent une organisation sans pareille, vous permettant de rester plus organis\u00e9 que jamais.<\/p>","protected":false},"featured_media":31860,"comment_status":"open","ping_status":"closed","template":"","meta":{"_uag_custom_page_level_css":"","neve_meta_sidebar":"","neve_meta_container":"","neve_meta_enable_content_width":"off","neve_meta_content_width":100,"neve_meta_title_alignment":"","neve_meta_author_avatar":"","neve_post_elements_order":"","neve_meta_disable_header":"","neve_meta_disable_footer":"","neve_meta_disable_title":"","ngg_post_thumbnail":0},"product_cat":[65],"product_tag":[],"class_list":{"0":"post-31859","1":"product","2":"type-product","3":"status-publish","4":"has-post-thumbnail","6":"product_cat-bloc-notes","8":"first","9":"instock","10":"shipping-taxable","11":"purchasable","12":"product-type-simple"},"yoast_head":"<!-- This site is optimized with the Yoast SEO plugin v21.8 - https:\/\/yoast.com\/wordpress\/plugins\/seo\/ -->\n<title>Carnet de notes \u00e0 spirale \u2013 de 150 pages \u2013 format A5 -cr\u00e9ation de l\u2019artiste ESENJ \u2013 \u00ab\u00a0Water War\u00a0\u00bb - Atelier Khan Renew<\/title>\n<meta name=\"robots\" content=\"index, follow, max-snippet:-1, max-image-preview:large, max-video-preview:-1\" \/>\n<link rel=\"canonical\" href=\"https:\/\/atelierkhanrenew.ch\/en\/product\/carnet-de-note-a-spirale-de-150-pages-creation-de-lartiste-esenj-water-war\/\" \/>\n<meta property=\"og:locale\" content=\"en_US\" \/>\n<meta property=\"og:type\" content=\"article\" \/>\n<meta property=\"og:title\" content=\"Carnet de notes \u00e0 spirale \u2013 de 150 pages \u2013 format A5 -cr\u00e9ation de l\u2019artiste ESENJ \u2013 \u00ab\u00a0Water War\u00a0\u00bb - Atelier Khan Renew\" \/>\n<meta property=\"og:description\" content=\"Le carnet de note &quot;Water War&quot; est plus qu&#039;un outil d&#039;\u00e9criture. Il est une oeuvre d&#039;art en soi. Sa couverture rigide est une reproduction du tableau &quot; Water War&quot; de l&#039;artiste ESENJ. A l&#039;int\u00e9rieur, les pages accueillent des illustrations Noir\/Blanc extraites et travaill\u00e9es par notre designer. Ces images deviennent des sources d&#039;inspiration qui peuvent nourrir votre cr\u00e9ativit\u00e9. L&#039;art se m\u00eale \u00e0 l&#039;\u00e9criture, cr\u00e9ant une exp\u00e9rience sensorielle o\u00f9 les mots et les images dialoguent. Le carnet offre g\u00e9n\u00e9reusement 150 pages, une toile de couleur cr\u00e8me pr\u00eate \u00e0 accueillir vos pens\u00e9es, id\u00e9es et cr\u00e9ations sans limite. En plus de son caract\u00e8re artistique, ce carnet offre une fonctionnalit\u00e9 exceptionnelle. Les &quot;to do lists&quot; incluses vous offrent une organisation sans pareille, vous permettant de rester plus organis\u00e9 que jamais.\" \/>\n<meta property=\"og:url\" content=\"https:\/\/atelierkhanrenew.ch\/en\/product\/carnet-de-note-a-spirale-de-150-pages-creation-de-lartiste-esenj-water-war\/\" \/>\n<meta property=\"og:site_name\" content=\"Atelier Khan Renew\" \/>\n<meta property=\"article:publisher\" content=\"https:\/\/www.facebook.com\/atelierkhanrenew\" \/>\n<meta property=\"article:modified_time\" content=\"2024-01-05T18:00:11+00:00\" \/>\n<meta property=\"og:image\" content=\"https:\/\/atelierkhanrenew.ch\/wp-content\/uploads\/2024\/01\/carnet-de-note-150-pages_water-war-.png\" \/>\n\t<meta property=\"og:image:width\" content=\"1000\" \/>\n\t<meta property=\"og:image:height\" content=\"1000\" \/>\n\t<meta property=\"og:image:type\" content=\"image\/png\" \/>\n<meta name=\"twitter:card\" content=\"summary_large_image\" \/>\n<meta name=\"twitter:label1\" content=\"Est. reading time\" \/>\n\t<meta name=\"twitter:data1\" content=\"2 minutes\" \/>\n<script type=\"application\/ld+json\" class=\"yoast-schema-graph\">{\"@context\":\"https:\/\/schema.org\",\"@graph\":[{\"@type\":\"WebPage\",\"@id\":\"https:\/\/atelierkhanrenew.ch\/produit\/carnet-de-note-a-spirale-de-150-pages-creation-de-lartiste-esenj-water-war\/\",\"url\":\"https:\/\/atelierkhanrenew.ch\/produit\/carnet-de-note-a-spirale-de-150-pages-creation-de-lartiste-esenj-water-war\/\",\"name\":\"Carnet de notes \u00e0 spirale \u2013 de 150 pages \u2013 format A5 -cr\u00e9ation de l\u2019artiste ESENJ \u2013 \u00ab\u00a0Water War\u00a0\u00bb - Atelier Khan Renew\",\"isPartOf\":{\"@id\":\"https:\/\/atelierkhanrenew.ch\/#website\"},\"datePublished\":\"2024-01-01T16:00:00+00:00\",\"dateModified\":\"2024-01-05T18:00:11+00:00\",\"breadcrumb\":{\"@id\":\"https:\/\/atelierkhanrenew.ch\/produit\/carnet-de-note-a-spirale-de-150-pages-creation-de-lartiste-esenj-water-war\/#breadcrumb\"},\"inLanguage\":\"en-US\",\"potentialAction\":[{\"@type\":\"ReadAction\",\"target\":[\"https:\/\/atelierkhanrenew.ch\/produit\/carnet-de-note-a-spirale-de-150-pages-creation-de-lartiste-esenj-water-war\/\"]}]},{\"@type\":\"BreadcrumbList\",\"@id\":\"https:\/\/atelierkhanrenew.ch\/produit\/carnet-de-note-a-spirale-de-150-pages-creation-de-lartiste-esenj-water-war\/#breadcrumb\",\"itemListElement\":[{\"@type\":\"ListItem\",\"position\":1,\"name\":\"Accueil\",\"item\":\"https:\/\/atelierkhanrenew.ch\/\"},{\"@type\":\"ListItem\",\"position\":2,\"name\":\"e-shop\",\"item\":\"https:\/\/atelierkhanrenew.ch\/boutique\/\"},{\"@type\":\"ListItem\",\"position\":3,\"name\":\"Carnet de notes \u00e0 spirale \u2013 de 150 pages \u2013 format A5 -cr\u00e9ation de l\u2019artiste ESENJ \u2013 \u00ab\u00a0Water War\u00a0\u00bb\"}]},{\"@type\":\"WebSite\",\"@id\":\"https:\/\/atelierkhanrenew.ch\/#website\",\"url\":\"https:\/\/atelierkhanrenew.ch\/\",\"name\":\"Atelier Khan Renew\",\"description\":\"\",\"publisher\":{\"@id\":\"https:\/\/atelierkhanrenew.ch\/#organization\"},\"potentialAction\":[{\"@type\":\"SearchAction\",\"target\":{\"@type\":\"EntryPoint\",\"urlTemplate\":\"https:\/\/atelierkhanrenew.ch\/?s={search_term_string}\"},\"query-input\":\"required name=search_term_string\"}],\"inLanguage\":\"en-US\"},{\"@type\":\"Organization\",\"@id\":\"https:\/\/atelierkhanrenew.ch\/#organization\",\"name\":\"Atelier Khan Renew\",\"url\":\"https:\/\/atelierkhanrenew.ch\/\",\"logo\":{\"@type\":\"ImageObject\",\"inLanguage\":\"en-US\",\"@id\":\"https:\/\/atelierkhanrenew.ch\/#\/schema\/logo\/image\/\",\"url\":\"https:\/\/atelierkhanrenew.ch\/wp-content\/uploads\/2021\/03\/cropped-Logo-Akr-vectorise\u0301-png-1-e1619189313608.png\",\"contentUrl\":\"https:\/\/atelierkhanrenew.ch\/wp-content\/uploads\/2021\/03\/cropped-Logo-Akr-vectorise\u0301-png-1-e1619189313608.png\",\"width\":512,\"height\":479,\"caption\":\"Atelier Khan Renew\"},\"image\":{\"@id\":\"https:\/\/atelierkhanrenew.ch\/#\/schema\/logo\/image\/\"},\"sameAs\":[\"https:\/\/www.facebook.com\/atelierkhanrenew\",\"https:\/\/www.instagram.com\/akr_compteofficiel\/?hl=fr\",\"https:\/\/www.pinterest.fr\/Atelierkhanrenew\"]}]}<\/script>\n<!-- \/ Yoast SEO plugin. -->","yoast_head_json":{"title":"Carnet de notes \u00e0 spirale \u2013 de 150 pages \u2013 format A5 -cr\u00e9ation de l\u2019artiste ESENJ \u2013 \u00ab\u00a0Water War\u00a0\u00bb - Atelier Khan Renew","robots":{"index":"index","follow":"follow","max-snippet":"max-snippet:-1","max-image-preview":"max-image-preview:large","max-video-preview":"max-video-preview:-1"},"canonical":"https:\/\/atelierkhanrenew.ch\/en\/product\/carnet-de-note-a-spirale-de-150-pages-creation-de-lartiste-esenj-water-war\/","og_locale":"en_US","og_type":"article","og_title":"Carnet de notes \u00e0 spirale \u2013 de 150 pages \u2013 format A5 -cr\u00e9ation de l\u2019artiste ESENJ \u2013 \u00ab\u00a0Water War\u00a0\u00bb - Atelier Khan Renew","og_description":"Le carnet de note \"Water War\" est plus qu'un outil d'\u00e9criture. Il est une oeuvre d'art en soi. Sa couverture rigide est une reproduction du tableau \" Water War\" de l'artiste ESENJ. A l'int\u00e9rieur, les pages accueillent des illustrations Noir\/Blanc extraites et travaill\u00e9es par notre designer. Ces images deviennent des sources d'inspiration qui peuvent nourrir votre cr\u00e9ativit\u00e9. L'art se m\u00eale \u00e0 l'\u00e9criture, cr\u00e9ant une exp\u00e9rience sensorielle o\u00f9 les mots et les images dialoguent. Le carnet offre g\u00e9n\u00e9reusement 150 pages, une toile de couleur cr\u00e8me pr\u00eate \u00e0 accueillir vos pens\u00e9es, id\u00e9es et cr\u00e9ations sans limite. En plus de son caract\u00e8re artistique, ce carnet offre une fonctionnalit\u00e9 exceptionnelle. Les \"to do lists\" incluses vous offrent une organisation sans pareille, vous permettant de rester plus organis\u00e9 que jamais.","og_url":"https:\/\/atelierkhanrenew.ch\/en\/product\/carnet-de-note-a-spirale-de-150-pages-creation-de-lartiste-esenj-water-war\/","og_site_name":"Atelier Khan Renew","article_publisher":"https:\/\/www.facebook.com\/atelierkhanrenew","article_modified_time":"2024-01-05T18:00:11+00:00","og_image":[{"width":1000,"height":1000,"url":"https:\/\/atelierkhanrenew.ch\/wp-content\/uploads\/2024\/01\/carnet-de-note-150-pages_water-war-.png","type":"image\/png"}],"twitter_card":"summary_large_image","twitter_misc":{"Est. reading time":"2 minutes"},"schema":{"@context":"https:\/\/schema.org","@graph":[{"@type":"WebPage","@id":"https:\/\/atelierkhanrenew.ch\/produit\/carnet-de-note-a-spirale-de-150-pages-creation-de-lartiste-esenj-water-war\/","url":"https:\/\/atelierkhanrenew.ch\/produit\/carnet-de-note-a-spirale-de-150-pages-creation-de-lartiste-esenj-water-war\/","name":"Carnet de notes \u00e0 spirale \u2013 de 150 pages \u2013 format A5 -cr\u00e9ation de l\u2019artiste ESENJ \u2013 \u00ab\u00a0Water War\u00a0\u00bb - Atelier Khan Renew","isPartOf":{"@id":"https:\/\/atelierkhanrenew.ch\/#website"},"datePublished":"2024-01-01T16:00:00+00:00","dateModified":"2024-01-05T18:00:11+00:00","breadcrumb":{"@id":"https:\/\/atelierkhanrenew.ch\/produit\/carnet-de-note-a-spirale-de-150-pages-creation-de-lartiste-esenj-water-war\/#breadcrumb"},"inLanguage":"en-US","potentialAction":[{"@type":"ReadAction","target":["https:\/\/atelierkhanrenew.ch\/produit\/carnet-de-note-a-spirale-de-150-pages-creation-de-lartiste-esenj-water-war\/"]}]},{"@type":"BreadcrumbList","@id":"https:\/\/atelierkhanrenew.ch\/produit\/carnet-de-note-a-spirale-de-150-pages-creation-de-lartiste-esenj-water-war\/#breadcrumb","itemListElement":[{"@type":"ListItem","position":1,"name":"Accueil","item":"https:\/\/atelierkhanrenew.ch\/"},{"@type":"ListItem","position":2,"name":"e-shop","item":"https:\/\/atelierkhanrenew.ch\/boutique\/"},{"@type":"ListItem","position":3,"name":"Carnet de notes \u00e0 spirale \u2013 de 150 pages \u2013 format A5 -cr\u00e9ation de l\u2019artiste ESENJ \u2013 \u00ab\u00a0Water War\u00a0\u00bb"}]},{"@type":"WebSite","@id":"https:\/\/atelierkhanrenew.ch\/#website","url":"https:\/\/atelierkhanrenew.ch\/","name":"Atelier Khan Renew","description":"","publisher":{"@id":"https:\/\/atelierkhanrenew.ch\/#organization"},"potentialAction":[{"@type":"SearchAction","target":{"@type":"EntryPoint","urlTemplate":"https:\/\/atelierkhanrenew.ch\/?s={search_term_string}"},"query-input":"required name=search_term_string"}],"inLanguage":"en-US"},{"@type":"Organization","@id":"https:\/\/atelierkhanrenew.ch\/#organization","name":"Atelier Khan Renew","url":"https:\/\/atelierkhanrenew.ch\/","logo":{"@type":"ImageObject","inLanguage":"en-US","@id":"https:\/\/atelierkhanrenew.ch\/#\/schema\/logo\/image\/","url":"https:\/\/atelierkhanrenew.ch\/wp-content\/uploads\/2021\/03\/cropped-Logo-Akr-vectorise\u0301-png-1-e1619189313608.png","contentUrl":"https:\/\/atelierkhanrenew.ch\/wp-content\/uploads\/2021\/03\/cropped-Logo-Akr-vectorise\u0301-png-1-e1619189313608.png","width":512,"height":479,"caption":"Atelier Khan Renew"},"image":{"@id":"https:\/\/atelierkhanrenew.ch\/#\/schema\/logo\/image\/"},"sameAs":["https:\/\/www.facebook.com\/atelierkhanrenew","https:\/\/www.instagram.com\/akr_compteofficiel\/?hl=fr","https:\/\/www.pinterest.fr\/Atelierkhanrenew"]}]}},"uagb_featured_image_src":{"full":["https:\/\/atelierkhanrenew.ch\/wp-content\/uploads\/2024\/01\/carnet-de-note-150-pages_water-war-.png",1000,1000,false],"thumbnail":["https:\/\/atelierkhanrenew.ch\/wp-content\/uploads\/2024\/01\/carnet-de-note-150-pages_water-war--150x150.png",150,150,true],"medium":["https:\/\/atelierkhanrenew.ch\/wp-content\/uploads\/2024\/01\/carnet-de-note-150-pages_water-war--300x300.png",300,300,true],"medium_large":["https:\/\/atelierkhanrenew.ch\/wp-content\/uploads\/2024\/01\/carnet-de-note-150-pages_water-war--768x768.png",768,768,true],"large":["https:\/\/atelierkhanrenew.ch\/wp-content\/uploads\/2024\/01\/carnet-de-note-150-pages_water-war-.png",1000,1000,false],"1536x1536":["https:\/\/atelierkhanrenew.ch\/wp-content\/uploads\/2024\/01\/carnet-de-note-150-pages_water-war-.png",1000,1000,false],"2048x2048":["https:\/\/atelierkhanrenew.ch\/wp-content\/uploads\/2024\/01\/carnet-de-note-150-pages_water-war-.png",1000,1000,false],"trp-custom-language-flag":["https:\/\/atelierkhanrenew.ch\/wp-content\/uploads\/2024\/01\/carnet-de-note-150-pages_water-war--12x12.png",12,12,true],"neve-blog":["https:\/\/atelierkhanrenew.ch\/wp-content\/uploads\/2024\/01\/carnet-de-note-150-pages_water-war--930x620.png",930,620,true],"woocommerce_thumbnail":["https:\/\/atelierkhanrenew.ch\/wp-content\/uploads\/2024\/01\/carnet-de-note-150-pages_water-war--300x300.png",300,300,true],"woocommerce_single":["https:\/\/atelierkhanrenew.ch\/wp-content\/uploads\/2024\/01\/carnet-de-note-150-pages_water-war--600x600.png",600,600,true],"woocommerce_gallery_thumbnail":["https:\/\/atelierkhanrenew.ch\/wp-content\/uploads\/2024\/01\/carnet-de-note-150-pages_water-war--100x100.png",100,100,true]},"uagb_author_info":{"display_name":"shaima.k888@gmail.com","author_link":"https:\/\/atelierkhanrenew.ch\/en\/author\/"},"uagb_comment_info":0,"uagb_excerpt":"Le carnet de note \"Water War\" est plus qu'un outil d'\u00e9criture. Il est une oeuvre d'art en soi. Sa couverture rigide est une reproduction du tableau \" Water War\" de l'artiste ESENJ. A l'int\u00e9rieur, les pages accueillent des illustrations Noir\/Blanc extraites et travaill\u00e9es par notre designer. Ces images deviennent des sources d'inspiration qui peuvent nourrir&hellip;","_links":{"self":[{"href":"https:\/\/atelierkhanrenew.ch\/en\/wp-json\/wp\/v2\/product\/31859","targetHints":{"allow":["GET"]}}],"collection":[{"href":"https:\/\/atelierkhanrenew.ch\/en\/wp-json\/wp\/v2\/product"}],"about":[{"href":"https:\/\/atelierkhanrenew.ch\/en\/wp-json\/wp\/v2\/types\/product"}],"replies":[{"embeddable":true,"href":"https:\/\/atelierkhanrenew.ch\/en\/wp-json\/wp\/v2\/comments?post=31859"}],"wp:featuredmedia":[{"embeddable":true,"href":"https:\/\/atelierkhanrenew.ch\/en\/wp-json\/wp\/v2\/media\/31860"}],"wp:attachment":[{"href":"https:\/\/atelierkhanrenew.ch\/en\/wp-json\/wp\/v2\/media?parent=31859"}],"wp:term":[{"taxonomy":"product_cat","embeddable":true,"href":"https:\/\/atelierkhanrenew.ch\/en\/wp-json\/wp\/v2\/product_cat?post=31859"},{"taxonomy":"product_tag","embeddable":true,"href":"https:\/\/atelierkhanrenew.ch\/en\/wp-json\/wp\/v2\/product_tag?post=31859"}],"curies":[{"name":"wp","href":"https:\/\/api.w.org\/{rel}","templated":true}]}}