{"id":33273,"date":"2024-03-14T10:05:00","date_gmt":"2024-03-14T09:05:00","guid":{"rendered":"https:\/\/atelierkhanrenew.ch\/?page_id=33273"},"modified":"2024-03-21T09:19:12","modified_gmt":"2024-03-21T08:19:12","slug":"water-war-analyse","status":"publish","type":"page","link":"https:\/\/atelierkhanrenew.ch\/en\/water-war-analyse\/","title":{"rendered":"water war: analyse"},"content":{"rendered":"<div data-elementor-type=\"wp-page\" data-elementor-id=\"33273\" class=\"elementor elementor-33273\">\n\t\t\t\t\t\t\t\t\t<section class=\"elementor-section elementor-top-section elementor-element elementor-element-d633b25 elementor-section-boxed elementor-section-height-default elementor-section-height-default\" data-id=\"d633b25\" data-element_type=\"section\">\n\t\t\t\t\t\t<div class=\"elementor-container elementor-column-gap-default\">\n\t\t\t\t\t<div class=\"elementor-column elementor-col-100 elementor-top-column elementor-element elementor-element-0878f7f\" data-id=\"0878f7f\" data-element_type=\"column\">\n\t\t\t<div class=\"elementor-widget-wrap elementor-element-populated\">\n\t\t\t\t\t\t\t\t<div class=\"elementor-element elementor-element-2b93c9a elementor-widget elementor-widget-heading\" data-id=\"2b93c9a\" data-element_type=\"widget\" data-widget_type=\"heading.default\">\n\t\t\t\t<div class=\"elementor-widget-container\">\n\t\t\t<h2 class=\"elementor-heading-title elementor-size-default\">Analyse du tableau : \"The Water War\" de l'artiste ESENJ <\/h2>\t\t<\/div>\n\t\t\t\t<\/div>\n\t\t\t\t\t<\/div>\n\t\t<\/div>\n\t\t\t\t\t\t\t<\/div>\n\t\t<\/section>\n\t\t\t\t<section class=\"elementor-section elementor-top-section elementor-element elementor-element-4e95dc3 elementor-section-boxed elementor-section-height-default elementor-section-height-default\" data-id=\"4e95dc3\" data-element_type=\"section\">\n\t\t\t\t\t\t<div class=\"elementor-container elementor-column-gap-default\">\n\t\t\t\t\t<div class=\"elementor-column elementor-col-100 elementor-top-column elementor-element elementor-element-e09a59e\" data-id=\"e09a59e\" data-element_type=\"column\">\n\t\t\t<div class=\"elementor-widget-wrap elementor-element-populated\">\n\t\t\t\t\t\t\t\t<div class=\"elementor-element elementor-element-3387984 elementor-widget elementor-widget-image\" data-id=\"3387984\" data-element_type=\"widget\" data-widget_type=\"image.default\">\n\t\t\t\t<div class=\"elementor-widget-container\">\n\t\t\t\t\t\t\t\t\t\t\t\t<figure class=\"wp-caption\">\n\t\t\t\t\t\t\t\t\t\t<img fetchpriority=\"high\" decoding=\"async\" width=\"832\" height=\"1024\" src=\"https:\/\/atelierkhanrenew.ch\/wp-content\/uploads\/2023\/01\/LA-GUERRE-DES-EAUX_2-832x1024.png\" class=\"attachment-large size-large wp-image-31122\" alt=\"\" srcset=\"https:\/\/atelierkhanrenew.ch\/wp-content\/uploads\/2023\/01\/LA-GUERRE-DES-EAUX_2-832x1024.png 832w, https:\/\/atelierkhanrenew.ch\/wp-content\/uploads\/2023\/01\/LA-GUERRE-DES-EAUX_2-600x739.png 600w, https:\/\/atelierkhanrenew.ch\/wp-content\/uploads\/2023\/01\/LA-GUERRE-DES-EAUX_2-244x300.png 244w, https:\/\/atelierkhanrenew.ch\/wp-content\/uploads\/2023\/01\/LA-GUERRE-DES-EAUX_2-768x945.png 768w, https:\/\/atelierkhanrenew.ch\/wp-content\/uploads\/2023\/01\/LA-GUERRE-DES-EAUX_2-1248x1536.png 1248w, https:\/\/atelierkhanrenew.ch\/wp-content\/uploads\/2023\/01\/LA-GUERRE-DES-EAUX_2-1664x2048.png 1664w, https:\/\/atelierkhanrenew.ch\/wp-content\/uploads\/2023\/01\/LA-GUERRE-DES-EAUX_2-10x12.png 10w\" sizes=\"(max-width: 832px) 100vw, 832px\" \/>\t\t\t\t\t\t\t\t\t\t\t<figcaption class=\"widget-image-caption wp-caption-text\">Water War, ESENJ<\/figcaption>\n\t\t\t\t\t\t\t\t\t\t<\/figure>\n\t\t\t\t\t\t\t\t\t<\/div>\n\t\t\t\t<\/div>\n\t\t\t\t\t<\/div>\n\t\t<\/div>\n\t\t\t\t\t\t\t<\/div>\n\t\t<\/section>\n\t\t\t\t<section class=\"elementor-section elementor-top-section elementor-element elementor-element-d33d760 elementor-section-boxed elementor-section-height-default elementor-section-height-default\" data-id=\"d33d760\" data-element_type=\"section\">\n\t\t\t\t\t\t<div class=\"elementor-container elementor-column-gap-default\">\n\t\t\t\t\t<div class=\"elementor-column elementor-col-100 elementor-top-column elementor-element elementor-element-fe083e3\" data-id=\"fe083e3\" data-element_type=\"column\">\n\t\t\t<div class=\"elementor-widget-wrap elementor-element-populated\">\n\t\t\t\t\t\t\t\t<div class=\"elementor-element elementor-element-34c45ea elementor-widget elementor-widget-text-editor\" data-id=\"34c45ea\" data-element_type=\"widget\" data-widget_type=\"text-editor.default\">\n\t\t\t\t<div class=\"elementor-widget-container\">\n\t\t\t\t\t\t\t<p class=\" translation-block\">The artwork \"Water War\" by the artist ESENJ keenly addresses the global issue of water, highlighting the imminent risk of a world conflict if corrective measures are not implemented. The selfish and indifferent behavior we adopt only exacerbates the challenges already present in certain regions of the world.<\/p>\n<p>Water scarcity is directly linked to climate change, leading to significant periods of drought. This reality results in food shortages, triggering famine and forcing populations into exodus, thus creating fertile ground for conflicts.<\/p>\n<p>It is essential to recognize that equality is not present in the face of this water issue. Some regions of the world face enormous difficulties in finding solutions, while wealthier nations have the ability to more easily address these challenges, thus accentuating existing disparities.<\/p>\n<p>The artwork poignantly emphasizes the urgency of action to prevent tensions and conflicts related to water scarcity on a global scale. It calls for collective awareness and concerted actions to overcome inequalities and ensure equitable access to this crucial resource.<\/p><p>&nbsp; &nbsp; &nbsp; &nbsp; &nbsp; &nbsp; &nbsp; &nbsp; &nbsp; &nbsp; &nbsp; &nbsp; &nbsp; &nbsp; &nbsp; &nbsp; &nbsp; &nbsp; &nbsp; &nbsp; &nbsp; &nbsp; &nbsp; &nbsp; &nbsp; &nbsp; &nbsp; &nbsp; &nbsp; &nbsp; &nbsp; &nbsp; &nbsp; &nbsp; &nbsp; &nbsp; &nbsp; &nbsp; &nbsp; &nbsp; &nbsp; &nbsp; &nbsp; &nbsp; &nbsp; &nbsp; &nbsp; &nbsp; &nbsp; &nbsp; &nbsp; &nbsp; &nbsp; &nbsp; &nbsp; &nbsp; &nbsp; &nbsp; &nbsp; &nbsp; &nbsp; &nbsp; &nbsp; &nbsp; &nbsp; &nbsp; &nbsp; &nbsp; &nbsp; &nbsp; &nbsp; &nbsp; &nbsp; &nbsp; &nbsp; &nbsp; &nbsp; &nbsp;<b> &nbsp; &nbsp; &nbsp;AKR<\/b><\/p>\t\t\t\t\t\t<\/div>\n\t\t\t\t<\/div>\n\t\t\t\t\t<\/div>\n\t\t<\/div>\n\t\t\t\t\t\t\t<\/div>\n\t\t<\/section>\n\t\t\t\t<section class=\"elementor-section elementor-top-section elementor-element elementor-element-b8b7a3b elementor-section-boxed elementor-section-height-default elementor-section-height-default\" data-id=\"b8b7a3b\" data-element_type=\"section\">\n\t\t\t\t\t\t<div class=\"elementor-container elementor-column-gap-default\">\n\t\t\t\t\t<div class=\"elementor-column elementor-col-100 elementor-top-column elementor-element elementor-element-08e3645\" data-id=\"08e3645\" data-element_type=\"column\">\n\t\t\t<div class=\"elementor-widget-wrap elementor-element-populated\">\n\t\t\t\t\t\t\t\t<div class=\"elementor-element elementor-element-946cb89 elementor-widget-divider--view-line elementor-widget elementor-widget-divider\" data-id=\"946cb89\" data-element_type=\"widget\" data-widget_type=\"divider.default\">\n\t\t\t\t<div class=\"elementor-widget-container\">\n\t\t\t\t\t<div class=\"elementor-divider\">\n\t\t\t<span class=\"elementor-divider-separator\">\n\t\t\t\t\t\t<\/span>\n\t\t<\/div>\n\t\t\t\t<\/div>\n\t\t\t\t<\/div>\n\t\t\t\t\t<\/div>\n\t\t<\/div>\n\t\t\t\t\t\t\t<\/div>\n\t\t<\/section>\n\t\t\t\t\t\t\t<\/div>","protected":false},"excerpt":{"rendered":"<p>Analyse du tableau : &#8220;The Water War&#8221; de l&#8217;artiste ESENJ Water War, ESENJ L&#8217;\u0153uvre &#8220;Water War&#8221; de l&#8217;artiste ESENJ aborde avec acuit\u00e9 la probl\u00e9matique mondiale de l&#8217;eau, mettant en lumi\u00e8re le risque imminent d&#8217;un conflit mondial si des mesures correctives ne sont pas instaur\u00e9es. Le comportement \u00e9go\u00efste et indiff\u00e9rent que nous adoptons ne fait qu&#8217;exacerber&hellip;&nbsp;<a href=\"https:\/\/atelierkhanrenew.ch\/en\/water-war-analyse\/\" class=\"\" rel=\"bookmark\">Read More &raquo;<span class=\"screen-reader-text\">water war: analyse<\/span><\/a><\/p>","protected":false},"author":1,"featured_media":0,"parent":0,"menu_order":0,"comment_status":"closed","ping_status":"closed","template":"page-templates\/template-pagebuilder-full-width.php","meta":{"_uag_custom_page_level_css":"","neve_meta_sidebar":"","neve_meta_container":"","neve_meta_enable_content_width":"","neve_meta_content_width":0,"neve_meta_title_alignment":"","neve_meta_author_avatar":"","neve_post_elements_order":"","neve_meta_disable_header":"","neve_meta_disable_footer":"","neve_meta_disable_title":"","ngg_post_thumbnail":0,"footnotes":""},"class_list":["post-33273","page","type-page","status-publish","hentry"],"yoast_head":"<!-- This site is optimized with the Yoast SEO plugin v21.8 - https:\/\/yoast.com\/wordpress\/plugins\/seo\/ -->\n<title>water war: analyse - Atelier Khan Renew<\/title>\n<meta name=\"robots\" content=\"index, follow, max-snippet:-1, max-image-preview:large, max-video-preview:-1\" \/>\n<link rel=\"canonical\" href=\"https:\/\/atelierkhanrenew.ch\/en\/water-war-analyse\/\" \/>\n<meta property=\"og:locale\" content=\"en_US\" \/>\n<meta property=\"og:type\" content=\"article\" \/>\n<meta property=\"og:title\" content=\"water war: analyse - Atelier Khan Renew\" \/>\n<meta property=\"og:description\" content=\"Analyse du tableau : &#8220;The Water War&#8221; de l&#8217;artiste ESENJ Water War, ESENJ L&#8217;\u0153uvre &#8220;Water War&#8221; de l&#8217;artiste ESENJ aborde avec acuit\u00e9 la probl\u00e9matique mondiale de l&#8217;eau, mettant en lumi\u00e8re le risque imminent d&#8217;un conflit mondial si des mesures correctives ne sont pas instaur\u00e9es. Le comportement \u00e9go\u00efste et indiff\u00e9rent que nous adoptons ne fait qu&#8217;exacerber&hellip;&nbsp;Read More &raquo;water war: analyse\" \/>\n<meta property=\"og:url\" content=\"https:\/\/atelierkhanrenew.ch\/en\/water-war-analyse\/\" \/>\n<meta property=\"og:site_name\" content=\"Atelier Khan Renew\" \/>\n<meta property=\"article:publisher\" content=\"https:\/\/www.facebook.com\/atelierkhanrenew\" \/>\n<meta property=\"article:modified_time\" content=\"2024-03-21T08:19:12+00:00\" \/>\n<meta property=\"og:image\" content=\"https:\/\/atelierkhanrenew.ch\/wp-content\/uploads\/2023\/01\/LA-GUERRE-DES-EAUX_2-832x1024.png\" \/>\n<meta name=\"twitter:card\" content=\"summary_large_image\" \/>\n<meta name=\"twitter:label1\" content=\"Est. reading time\" \/>\n\t<meta name=\"twitter:data1\" content=\"2 minutes\" \/>\n<script type=\"application\/ld+json\" class=\"yoast-schema-graph\">{\"@context\":\"https:\/\/schema.org\",\"@graph\":[{\"@type\":\"WebPage\",\"@id\":\"https:\/\/atelierkhanrenew.ch\/water-war-analyse\/\",\"url\":\"https:\/\/atelierkhanrenew.ch\/water-war-analyse\/\",\"name\":\"water war: analyse - Atelier Khan Renew\",\"isPartOf\":{\"@id\":\"https:\/\/atelierkhanrenew.ch\/#website\"},\"datePublished\":\"2024-03-14T09:05:00+00:00\",\"dateModified\":\"2024-03-21T08:19:12+00:00\",\"breadcrumb\":{\"@id\":\"https:\/\/atelierkhanrenew.ch\/water-war-analyse\/#breadcrumb\"},\"inLanguage\":\"en-US\",\"potentialAction\":[{\"@type\":\"ReadAction\",\"target\":[\"https:\/\/atelierkhanrenew.ch\/water-war-analyse\/\"]}]},{\"@type\":\"BreadcrumbList\",\"@id\":\"https:\/\/atelierkhanrenew.ch\/water-war-analyse\/#breadcrumb\",\"itemListElement\":[{\"@type\":\"ListItem\",\"position\":1,\"name\":\"Accueil\",\"item\":\"https:\/\/atelierkhanrenew.ch\/\"},{\"@type\":\"ListItem\",\"position\":2,\"name\":\"water war: analyse\"}]},{\"@type\":\"WebSite\",\"@id\":\"https:\/\/atelierkhanrenew.ch\/#website\",\"url\":\"https:\/\/atelierkhanrenew.ch\/\",\"name\":\"Atelier Khan Renew\",\"description\":\"\",\"publisher\":{\"@id\":\"https:\/\/atelierkhanrenew.ch\/#organization\"},\"potentialAction\":[{\"@type\":\"SearchAction\",\"target\":{\"@type\":\"EntryPoint\",\"urlTemplate\":\"https:\/\/atelierkhanrenew.ch\/?s={search_term_string}\"},\"query-input\":\"required name=search_term_string\"}],\"inLanguage\":\"en-US\"},{\"@type\":\"Organization\",\"@id\":\"https:\/\/atelierkhanrenew.ch\/#organization\",\"name\":\"Atelier Khan Renew\",\"url\":\"https:\/\/atelierkhanrenew.ch\/\",\"logo\":{\"@type\":\"ImageObject\",\"inLanguage\":\"en-US\",\"@id\":\"https:\/\/atelierkhanrenew.ch\/#\/schema\/logo\/image\/\",\"url\":\"https:\/\/atelierkhanrenew.ch\/wp-content\/uploads\/2021\/03\/cropped-Logo-Akr-vectorise\u0301-png-1-e1619189313608.png\",\"contentUrl\":\"https:\/\/atelierkhanrenew.ch\/wp-content\/uploads\/2021\/03\/cropped-Logo-Akr-vectorise\u0301-png-1-e1619189313608.png\",\"width\":512,\"height\":479,\"caption\":\"Atelier Khan Renew\"},\"image\":{\"@id\":\"https:\/\/atelierkhanrenew.ch\/#\/schema\/logo\/image\/\"},\"sameAs\":[\"https:\/\/www.facebook.com\/atelierkhanrenew\",\"https:\/\/www.instagram.com\/akr_compteofficiel\/?hl=fr\",\"https:\/\/www.pinterest.fr\/Atelierkhanrenew\"]}]}<\/script>\n<!-- \/ Yoast SEO plugin. -->","yoast_head_json":{"title":"water war: analyse - Atelier Khan Renew","robots":{"index":"index","follow":"follow","max-snippet":"max-snippet:-1","max-image-preview":"max-image-preview:large","max-video-preview":"max-video-preview:-1"},"canonical":"https:\/\/atelierkhanrenew.ch\/en\/water-war-analyse\/","og_locale":"en_US","og_type":"article","og_title":"water war: analyse - Atelier Khan Renew","og_description":"Analyse du tableau : &#8220;The Water War&#8221; de l&#8217;artiste ESENJ Water War, ESENJ L&#8217;\u0153uvre &#8220;Water War&#8221; de l&#8217;artiste ESENJ aborde avec acuit\u00e9 la probl\u00e9matique mondiale de l&#8217;eau, mettant en lumi\u00e8re le risque imminent d&#8217;un conflit mondial si des mesures correctives ne sont pas instaur\u00e9es. Le comportement \u00e9go\u00efste et indiff\u00e9rent que nous adoptons ne fait qu&#8217;exacerber&hellip;&nbsp;Read More &raquo;water war: analyse","og_url":"https:\/\/atelierkhanrenew.ch\/en\/water-war-analyse\/","og_site_name":"Atelier Khan Renew","article_publisher":"https:\/\/www.facebook.com\/atelierkhanrenew","article_modified_time":"2024-03-21T08:19:12+00:00","og_image":[{"url":"https:\/\/atelierkhanrenew.ch\/wp-content\/uploads\/2023\/01\/LA-GUERRE-DES-EAUX_2-832x1024.png"}],"twitter_card":"summary_large_image","twitter_misc":{"Est. reading time":"2 minutes"},"schema":{"@context":"https:\/\/schema.org","@graph":[{"@type":"WebPage","@id":"https:\/\/atelierkhanrenew.ch\/water-war-analyse\/","url":"https:\/\/atelierkhanrenew.ch\/water-war-analyse\/","name":"water war: analyse - Atelier Khan Renew","isPartOf":{"@id":"https:\/\/atelierkhanrenew.ch\/#website"},"datePublished":"2024-03-14T09:05:00+00:00","dateModified":"2024-03-21T08:19:12+00:00","breadcrumb":{"@id":"https:\/\/atelierkhanrenew.ch\/water-war-analyse\/#breadcrumb"},"inLanguage":"en-US","potentialAction":[{"@type":"ReadAction","target":["https:\/\/atelierkhanrenew.ch\/water-war-analyse\/"]}]},{"@type":"BreadcrumbList","@id":"https:\/\/atelierkhanrenew.ch\/water-war-analyse\/#breadcrumb","itemListElement":[{"@type":"ListItem","position":1,"name":"Accueil","item":"https:\/\/atelierkhanrenew.ch\/"},{"@type":"ListItem","position":2,"name":"water war: analyse"}]},{"@type":"WebSite","@id":"https:\/\/atelierkhanrenew.ch\/#website","url":"https:\/\/atelierkhanrenew.ch\/","name":"Atelier Khan Renew","description":"","publisher":{"@id":"https:\/\/atelierkhanrenew.ch\/#organization"},"potentialAction":[{"@type":"SearchAction","target":{"@type":"EntryPoint","urlTemplate":"https:\/\/atelierkhanrenew.ch\/?s={search_term_string}"},"query-input":"required name=search_term_string"}],"inLanguage":"en-US"},{"@type":"Organization","@id":"https:\/\/atelierkhanrenew.ch\/#organization","name":"Atelier Khan Renew","url":"https:\/\/atelierkhanrenew.ch\/","logo":{"@type":"ImageObject","inLanguage":"en-US","@id":"https:\/\/atelierkhanrenew.ch\/#\/schema\/logo\/image\/","url":"https:\/\/atelierkhanrenew.ch\/wp-content\/uploads\/2021\/03\/cropped-Logo-Akr-vectorise\u0301-png-1-e1619189313608.png","contentUrl":"https:\/\/atelierkhanrenew.ch\/wp-content\/uploads\/2021\/03\/cropped-Logo-Akr-vectorise\u0301-png-1-e1619189313608.png","width":512,"height":479,"caption":"Atelier Khan Renew"},"image":{"@id":"https:\/\/atelierkhanrenew.ch\/#\/schema\/logo\/image\/"},"sameAs":["https:\/\/www.facebook.com\/atelierkhanrenew","https:\/\/www.instagram.com\/akr_compteofficiel\/?hl=fr","https:\/\/www.pinterest.fr\/Atelierkhanrenew"]}]}},"uagb_featured_image_src":{"full":false,"thumbnail":false,"medium":false,"medium_large":false,"large":false,"1536x1536":false,"2048x2048":false,"trp-custom-language-flag":false,"neve-blog":false,"woocommerce_thumbnail":false,"woocommerce_single":false,"woocommerce_gallery_thumbnail":false},"uagb_author_info":{"display_name":"shaima.k888@gmail.com","author_link":"https:\/\/atelierkhanrenew.ch\/en\/author\/shaima-k888gmail-com\/"},"uagb_comment_info":0,"uagb_excerpt":"Analyse du tableau : &#8220;The Water War&#8221; de l&#8217;artiste ESENJ Water War, ESENJ L&#8217;\u0153uvre &#8220;Water War&#8221; de l&#8217;artiste ESENJ aborde avec acuit\u00e9 la probl\u00e9matique mondiale de l&#8217;eau, mettant en lumi\u00e8re le risque imminent d&#8217;un conflit mondial si des mesures correctives ne sont pas instaur\u00e9es. Le comportement \u00e9go\u00efste et indiff\u00e9rent que nous adoptons ne fait qu&#8217;exacerber&hellip;&nbsp;Read&hellip;","_links":{"self":[{"href":"https:\/\/atelierkhanrenew.ch\/en\/wp-json\/wp\/v2\/pages\/33273","targetHints":{"allow":["GET"]}}],"collection":[{"href":"https:\/\/atelierkhanrenew.ch\/en\/wp-json\/wp\/v2\/pages"}],"about":[{"href":"https:\/\/atelierkhanrenew.ch\/en\/wp-json\/wp\/v2\/types\/page"}],"author":[{"embeddable":true,"href":"https:\/\/atelierkhanrenew.ch\/en\/wp-json\/wp\/v2\/users\/1"}],"replies":[{"embeddable":true,"href":"https:\/\/atelierkhanrenew.ch\/en\/wp-json\/wp\/v2\/comments?post=33273"}],"version-history":[{"count":20,"href":"https:\/\/atelierkhanrenew.ch\/en\/wp-json\/wp\/v2\/pages\/33273\/revisions"}],"predecessor-version":[{"id":33318,"href":"https:\/\/atelierkhanrenew.ch\/en\/wp-json\/wp\/v2\/pages\/33273\/revisions\/33318"}],"wp:attachment":[{"href":"https:\/\/atelierkhanrenew.ch\/en\/wp-json\/wp\/v2\/media?parent=33273"}],"curies":[{"name":"wp","href":"https:\/\/api.w.org\/{rel}","templated":true}]}}