{"id":33229,"date":"2024-03-12T17:45:20","date_gmt":"2024-03-12T16:45:20","guid":{"rendered":"https:\/\/atelierkhanrenew.ch\/?page_id=33229"},"modified":"2024-03-14T10:42:59","modified_gmt":"2024-03-14T09:42:59","slug":"the-city-in-the-evening-analyse","status":"publish","type":"page","link":"https:\/\/atelierkhanrenew.ch\/en\/the-city-in-the-evening-analyse\/","title":{"rendered":"the city in the evening : analyse"},"content":{"rendered":"<div data-elementor-type=\"wp-page\" data-elementor-id=\"33229\" class=\"elementor elementor-33229\">\n\t\t\t\t\t\t\t\t\t<section class=\"elementor-section elementor-top-section elementor-element elementor-element-389e07d elementor-section-boxed elementor-section-height-default elementor-section-height-default\" data-id=\"389e07d\" data-element_type=\"section\">\n\t\t\t\t\t\t<div class=\"elementor-container elementor-column-gap-default\">\n\t\t\t\t\t<div class=\"elementor-column elementor-col-100 elementor-top-column elementor-element elementor-element-749d720\" data-id=\"749d720\" data-element_type=\"column\">\n\t\t\t<div class=\"elementor-widget-wrap elementor-element-populated\">\n\t\t\t\t\t\t\t\t<div class=\"elementor-element elementor-element-9789c9d elementor-widget elementor-widget-heading\" data-id=\"9789c9d\" data-element_type=\"widget\" data-widget_type=\"heading.default\">\n\t\t\t\t<div class=\"elementor-widget-container\">\n\t\t\t<h2 class=\"elementor-heading-title elementor-size-default\">Analyse du tableau : \"The City in the Evening\" de l'artiste ESENJ <\/h2>\t\t<\/div>\n\t\t\t\t<\/div>\n\t\t\t\t\t<\/div>\n\t\t<\/div>\n\t\t\t\t\t\t\t<\/div>\n\t\t<\/section>\n\t\t\t\t<section class=\"elementor-section elementor-top-section elementor-element elementor-element-87aa87c elementor-section-boxed elementor-section-height-default elementor-section-height-default\" data-id=\"87aa87c\" data-element_type=\"section\">\n\t\t\t\t\t\t<div class=\"elementor-container elementor-column-gap-default\">\n\t\t\t\t\t<div class=\"elementor-column elementor-col-100 elementor-top-column elementor-element elementor-element-cd8f589\" data-id=\"cd8f589\" data-element_type=\"column\">\n\t\t\t<div class=\"elementor-widget-wrap elementor-element-populated\">\n\t\t\t\t\t\t\t\t<div class=\"elementor-element elementor-element-5357f4c elementor-widget elementor-widget-image\" data-id=\"5357f4c\" data-element_type=\"widget\" data-widget_type=\"image.default\">\n\t\t\t\t<div class=\"elementor-widget-container\">\n\t\t\t\t\t\t\t\t\t\t\t\t<figure class=\"wp-caption\">\n\t\t\t\t\t\t\t\t\t\t<img fetchpriority=\"high\" decoding=\"async\" width=\"786\" height=\"1024\" src=\"https:\/\/atelierkhanrenew.ch\/wp-content\/uploads\/2023\/01\/EVENING-CITY-786x1024.png\" class=\"attachment-large size-large wp-image-31110\" alt=\"\" srcset=\"https:\/\/atelierkhanrenew.ch\/wp-content\/uploads\/2023\/01\/EVENING-CITY-786x1024.png 786w, https:\/\/atelierkhanrenew.ch\/wp-content\/uploads\/2023\/01\/EVENING-CITY-600x782.png 600w, https:\/\/atelierkhanrenew.ch\/wp-content\/uploads\/2023\/01\/EVENING-CITY-230x300.png 230w, https:\/\/atelierkhanrenew.ch\/wp-content\/uploads\/2023\/01\/EVENING-CITY-768x1001.png 768w, https:\/\/atelierkhanrenew.ch\/wp-content\/uploads\/2023\/01\/EVENING-CITY-1179x1536.png 1179w, https:\/\/atelierkhanrenew.ch\/wp-content\/uploads\/2023\/01\/EVENING-CITY-1572x2048.png 1572w, https:\/\/atelierkhanrenew.ch\/wp-content\/uploads\/2023\/01\/EVENING-CITY-9x12.png 9w\" sizes=\"(max-width: 786px) 100vw, 786px\" \/>\t\t\t\t\t\t\t\t\t\t\t<figcaption class=\"widget-image-caption wp-caption-text\">The City in the Evening, ESENJ<\/figcaption>\n\t\t\t\t\t\t\t\t\t\t<\/figure>\n\t\t\t\t\t\t\t\t\t<\/div>\n\t\t\t\t<\/div>\n\t\t\t\t\t<\/div>\n\t\t<\/div>\n\t\t\t\t\t\t\t<\/div>\n\t\t<\/section>\n\t\t\t\t<section class=\"elementor-section elementor-top-section elementor-element elementor-element-a02f07b elementor-section-boxed elementor-section-height-default elementor-section-height-default\" data-id=\"a02f07b\" data-element_type=\"section\">\n\t\t\t\t\t\t<div class=\"elementor-container elementor-column-gap-default\">\n\t\t\t\t\t<div class=\"elementor-column elementor-col-100 elementor-top-column elementor-element elementor-element-f888967\" data-id=\"f888967\" data-element_type=\"column\">\n\t\t\t<div class=\"elementor-widget-wrap elementor-element-populated\">\n\t\t\t\t\t\t\t\t<div class=\"elementor-element elementor-element-0a08e9d elementor-widget elementor-widget-text-editor\" data-id=\"0a08e9d\" data-element_type=\"widget\" data-widget_type=\"text-editor.default\">\n\t\t\t\t<div class=\"elementor-widget-container\">\n\t\t\t\t\t\t\t<p class=\" translation-block\">\"The City in the Evening,\" a striking creation by the artist ESENJ, eloquently depicts the atmosphere of a city at dusk. The artwork invites the viewer to immerse themselves in an urban scene where the protagonist observes the world through the dark window of their building.<\/p>\n<p>At the center of the composition, the character, drawn in white against a black background, evokes darkness, melancholy, and solitude. This central representation underscores the emotional separation of the character, despite the vibrancy and visual dynamism of the abstract urban scene surrounding them.<\/p>\n<p>The dark setting where the character is situated symbolizes the darkness of their emotional state. The artist intentionally chose this representation to capture the sadness and loneliness felt in city life, even amidst the crowd.<\/p>\n<p>The buildings with vivid shapes and shimmering colors, while creating a lively atmosphere, accentuate the contrast with the central character's solitude. The strategic use of vibrant and shimmering colors in the abstract representation of the buildings visually reinforces the contrast between the lively city life and the protagonist's isolation.<\/p>\n<p>\"The City in the Evening\" encourages us to be mindful of one another, to reach out, and to forge connections that transcend the boundaries of individuality. It is a poignant reminder of the importance of compassion, empathy, and seeking meaningful connections within our often hectic city lives. The artwork prompts us to reflect on our ability to create spaces of sharing and belonging in our urban environments, where loneliness can be overcome by genuine human relationships and a supportive community.<\/p>\n<p>&nbsp; &nbsp; &nbsp; &nbsp; &nbsp; &nbsp; &nbsp; &nbsp; &nbsp; &nbsp; &nbsp; &nbsp; &nbsp; &nbsp; &nbsp; &nbsp; &nbsp; &nbsp; &nbsp; &nbsp; &nbsp; &nbsp; &nbsp; &nbsp; &nbsp; &nbsp; &nbsp; &nbsp; &nbsp; &nbsp; &nbsp; &nbsp; &nbsp; &nbsp; &nbsp; &nbsp; &nbsp; &nbsp; &nbsp; &nbsp; &nbsp; &nbsp; &nbsp; &nbsp; &nbsp; &nbsp; &nbsp; &nbsp; &nbsp; &nbsp; &nbsp; &nbsp; &nbsp; &nbsp; &nbsp; &nbsp; &nbsp; &nbsp; &nbsp; &nbsp; &nbsp; &nbsp; &nbsp; &nbsp; &nbsp; &nbsp; &nbsp; &nbsp; &nbsp; &nbsp; &nbsp; &nbsp; &nbsp; &nbsp; &nbsp; &nbsp; &nbsp; &nbsp; &nbsp; &nbsp; &nbsp; &nbsp; &nbsp; &nbsp; &nbsp; &nbsp; &nbsp; &nbsp; &nbsp;<b> &nbsp; &nbsp; &nbsp; &nbsp; &nbsp; &nbsp; &nbsp;AKR<\/b><\/p>\t\t\t\t\t\t<\/div>\n\t\t\t\t<\/div>\n\t\t\t\t\t<\/div>\n\t\t<\/div>\n\t\t\t\t\t\t\t<\/div>\n\t\t<\/section>\n\t\t\t\t<section class=\"elementor-section elementor-top-section elementor-element elementor-element-d2765da elementor-section-boxed elementor-section-height-default elementor-section-height-default\" data-id=\"d2765da\" data-element_type=\"section\">\n\t\t\t\t\t\t<div class=\"elementor-container elementor-column-gap-default\">\n\t\t\t\t\t<div class=\"elementor-column elementor-col-100 elementor-top-column elementor-element elementor-element-6e0b644\" data-id=\"6e0b644\" data-element_type=\"column\">\n\t\t\t<div class=\"elementor-widget-wrap elementor-element-populated\">\n\t\t\t\t\t\t\t\t<div class=\"elementor-element elementor-element-9c736b4 elementor-widget-divider--view-line elementor-widget elementor-widget-divider\" data-id=\"9c736b4\" data-element_type=\"widget\" data-widget_type=\"divider.default\">\n\t\t\t\t<div class=\"elementor-widget-container\">\n\t\t\t\t\t<div class=\"elementor-divider\">\n\t\t\t<span class=\"elementor-divider-separator\">\n\t\t\t\t\t\t<\/span>\n\t\t<\/div>\n\t\t\t\t<\/div>\n\t\t\t\t<\/div>\n\t\t\t\t\t<\/div>\n\t\t<\/div>\n\t\t\t\t\t\t\t<\/div>\n\t\t<\/section>\n\t\t\t\t\t\t\t<\/div>","protected":false},"excerpt":{"rendered":"<p>Analyse du tableau : &#8220;The City in the Evening&#8221; de l&#8217;artiste ESENJ The City in the Evening, ESENJ &#8220;The City in the Evening&#8221;, une cr\u00e9ation saisissante de l&#8217;artiste ESENJ, d\u00e9peint avec \u00e9loquence l&#8217;atmosph\u00e8re d&#8217;une ville au cr\u00e9puscule. L&#8217;\u0153uvre invite le spectateur \u00e0 plonger dans une sc\u00e8ne urbaine o\u00f9 le protagoniste observe le monde \u00e0 travers&hellip;&nbsp;<a href=\"https:\/\/atelierkhanrenew.ch\/en\/the-city-in-the-evening-analyse\/\" class=\"\" rel=\"bookmark\">Read More &raquo;<span class=\"screen-reader-text\">the city in the evening : analyse<\/span><\/a><\/p>","protected":false},"author":1,"featured_media":0,"parent":0,"menu_order":0,"comment_status":"closed","ping_status":"closed","template":"page-templates\/template-pagebuilder-full-width.php","meta":{"_uag_custom_page_level_css":"","neve_meta_sidebar":"","neve_meta_container":"","neve_meta_enable_content_width":"","neve_meta_content_width":0,"neve_meta_title_alignment":"","neve_meta_author_avatar":"","neve_post_elements_order":"","neve_meta_disable_header":"","neve_meta_disable_footer":"","neve_meta_disable_title":"","ngg_post_thumbnail":0,"footnotes":""},"class_list":["post-33229","page","type-page","status-publish","hentry"],"yoast_head":"<!-- This site is optimized with the Yoast SEO plugin v21.8 - https:\/\/yoast.com\/wordpress\/plugins\/seo\/ -->\n<title>the city in the evening : analyse - Atelier Khan Renew<\/title>\n<meta name=\"robots\" content=\"index, follow, max-snippet:-1, max-image-preview:large, max-video-preview:-1\" \/>\n<link rel=\"canonical\" href=\"https:\/\/atelierkhanrenew.ch\/en\/the-city-in-the-evening-analyse\/\" \/>\n<meta property=\"og:locale\" content=\"en_US\" \/>\n<meta property=\"og:type\" content=\"article\" \/>\n<meta property=\"og:title\" content=\"the city in the evening : analyse - Atelier Khan Renew\" \/>\n<meta property=\"og:description\" content=\"Analyse du tableau : &#8220;The City in the Evening&#8221; de l&#8217;artiste ESENJ The City in the Evening, ESENJ &#8220;The City in the Evening&#8221;, une cr\u00e9ation saisissante de l&#8217;artiste ESENJ, d\u00e9peint avec \u00e9loquence l&#8217;atmosph\u00e8re d&#8217;une ville au cr\u00e9puscule. L&#8217;\u0153uvre invite le spectateur \u00e0 plonger dans une sc\u00e8ne urbaine o\u00f9 le protagoniste observe le monde \u00e0 travers&hellip;&nbsp;Read More &raquo;the city in the evening : analyse\" \/>\n<meta property=\"og:url\" content=\"https:\/\/atelierkhanrenew.ch\/en\/the-city-in-the-evening-analyse\/\" \/>\n<meta property=\"og:site_name\" content=\"Atelier Khan Renew\" \/>\n<meta property=\"article:publisher\" content=\"https:\/\/www.facebook.com\/atelierkhanrenew\" \/>\n<meta property=\"article:modified_time\" content=\"2024-03-14T09:42:59+00:00\" \/>\n<meta property=\"og:image\" content=\"https:\/\/atelierkhanrenew.ch\/wp-content\/uploads\/2023\/01\/EVENING-CITY-786x1024.png\" \/>\n<meta name=\"twitter:card\" content=\"summary_large_image\" \/>\n<meta name=\"twitter:label1\" content=\"Est. reading time\" \/>\n\t<meta name=\"twitter:data1\" content=\"2 minutes\" \/>\n<script type=\"application\/ld+json\" class=\"yoast-schema-graph\">{\"@context\":\"https:\/\/schema.org\",\"@graph\":[{\"@type\":\"WebPage\",\"@id\":\"https:\/\/atelierkhanrenew.ch\/the-city-in-the-evening-analyse\/\",\"url\":\"https:\/\/atelierkhanrenew.ch\/the-city-in-the-evening-analyse\/\",\"name\":\"the city in the evening : analyse - Atelier Khan Renew\",\"isPartOf\":{\"@id\":\"https:\/\/atelierkhanrenew.ch\/#website\"},\"datePublished\":\"2024-03-12T16:45:20+00:00\",\"dateModified\":\"2024-03-14T09:42:59+00:00\",\"breadcrumb\":{\"@id\":\"https:\/\/atelierkhanrenew.ch\/the-city-in-the-evening-analyse\/#breadcrumb\"},\"inLanguage\":\"en-US\",\"potentialAction\":[{\"@type\":\"ReadAction\",\"target\":[\"https:\/\/atelierkhanrenew.ch\/the-city-in-the-evening-analyse\/\"]}]},{\"@type\":\"BreadcrumbList\",\"@id\":\"https:\/\/atelierkhanrenew.ch\/the-city-in-the-evening-analyse\/#breadcrumb\",\"itemListElement\":[{\"@type\":\"ListItem\",\"position\":1,\"name\":\"Accueil\",\"item\":\"https:\/\/atelierkhanrenew.ch\/\"},{\"@type\":\"ListItem\",\"position\":2,\"name\":\"the city in the evening : analyse\"}]},{\"@type\":\"WebSite\",\"@id\":\"https:\/\/atelierkhanrenew.ch\/#website\",\"url\":\"https:\/\/atelierkhanrenew.ch\/\",\"name\":\"Atelier Khan Renew\",\"description\":\"\",\"publisher\":{\"@id\":\"https:\/\/atelierkhanrenew.ch\/#organization\"},\"potentialAction\":[{\"@type\":\"SearchAction\",\"target\":{\"@type\":\"EntryPoint\",\"urlTemplate\":\"https:\/\/atelierkhanrenew.ch\/?s={search_term_string}\"},\"query-input\":\"required name=search_term_string\"}],\"inLanguage\":\"en-US\"},{\"@type\":\"Organization\",\"@id\":\"https:\/\/atelierkhanrenew.ch\/#organization\",\"name\":\"Atelier Khan Renew\",\"url\":\"https:\/\/atelierkhanrenew.ch\/\",\"logo\":{\"@type\":\"ImageObject\",\"inLanguage\":\"en-US\",\"@id\":\"https:\/\/atelierkhanrenew.ch\/#\/schema\/logo\/image\/\",\"url\":\"https:\/\/atelierkhanrenew.ch\/wp-content\/uploads\/2021\/03\/cropped-Logo-Akr-vectorise\u0301-png-1-e1619189313608.png\",\"contentUrl\":\"https:\/\/atelierkhanrenew.ch\/wp-content\/uploads\/2021\/03\/cropped-Logo-Akr-vectorise\u0301-png-1-e1619189313608.png\",\"width\":512,\"height\":479,\"caption\":\"Atelier Khan Renew\"},\"image\":{\"@id\":\"https:\/\/atelierkhanrenew.ch\/#\/schema\/logo\/image\/\"},\"sameAs\":[\"https:\/\/www.facebook.com\/atelierkhanrenew\",\"https:\/\/www.instagram.com\/akr_compteofficiel\/?hl=fr\",\"https:\/\/www.pinterest.fr\/Atelierkhanrenew\"]}]}<\/script>\n<!-- \/ Yoast SEO plugin. -->","yoast_head_json":{"title":"the city in the evening : analyse - Atelier Khan Renew","robots":{"index":"index","follow":"follow","max-snippet":"max-snippet:-1","max-image-preview":"max-image-preview:large","max-video-preview":"max-video-preview:-1"},"canonical":"https:\/\/atelierkhanrenew.ch\/en\/the-city-in-the-evening-analyse\/","og_locale":"en_US","og_type":"article","og_title":"the city in the evening : analyse - Atelier Khan Renew","og_description":"Analyse du tableau : &#8220;The City in the Evening&#8221; de l&#8217;artiste ESENJ The City in the Evening, ESENJ &#8220;The City in the Evening&#8221;, une cr\u00e9ation saisissante de l&#8217;artiste ESENJ, d\u00e9peint avec \u00e9loquence l&#8217;atmosph\u00e8re d&#8217;une ville au cr\u00e9puscule. L&#8217;\u0153uvre invite le spectateur \u00e0 plonger dans une sc\u00e8ne urbaine o\u00f9 le protagoniste observe le monde \u00e0 travers&hellip;&nbsp;Read More &raquo;the city in the evening : analyse","og_url":"https:\/\/atelierkhanrenew.ch\/en\/the-city-in-the-evening-analyse\/","og_site_name":"Atelier Khan Renew","article_publisher":"https:\/\/www.facebook.com\/atelierkhanrenew","article_modified_time":"2024-03-14T09:42:59+00:00","og_image":[{"url":"https:\/\/atelierkhanrenew.ch\/wp-content\/uploads\/2023\/01\/EVENING-CITY-786x1024.png"}],"twitter_card":"summary_large_image","twitter_misc":{"Est. reading time":"2 minutes"},"schema":{"@context":"https:\/\/schema.org","@graph":[{"@type":"WebPage","@id":"https:\/\/atelierkhanrenew.ch\/the-city-in-the-evening-analyse\/","url":"https:\/\/atelierkhanrenew.ch\/the-city-in-the-evening-analyse\/","name":"the city in the evening : analyse - Atelier Khan Renew","isPartOf":{"@id":"https:\/\/atelierkhanrenew.ch\/#website"},"datePublished":"2024-03-12T16:45:20+00:00","dateModified":"2024-03-14T09:42:59+00:00","breadcrumb":{"@id":"https:\/\/atelierkhanrenew.ch\/the-city-in-the-evening-analyse\/#breadcrumb"},"inLanguage":"en-US","potentialAction":[{"@type":"ReadAction","target":["https:\/\/atelierkhanrenew.ch\/the-city-in-the-evening-analyse\/"]}]},{"@type":"BreadcrumbList","@id":"https:\/\/atelierkhanrenew.ch\/the-city-in-the-evening-analyse\/#breadcrumb","itemListElement":[{"@type":"ListItem","position":1,"name":"Accueil","item":"https:\/\/atelierkhanrenew.ch\/"},{"@type":"ListItem","position":2,"name":"the city in the evening : analyse"}]},{"@type":"WebSite","@id":"https:\/\/atelierkhanrenew.ch\/#website","url":"https:\/\/atelierkhanrenew.ch\/","name":"Atelier Khan Renew","description":"","publisher":{"@id":"https:\/\/atelierkhanrenew.ch\/#organization"},"potentialAction":[{"@type":"SearchAction","target":{"@type":"EntryPoint","urlTemplate":"https:\/\/atelierkhanrenew.ch\/?s={search_term_string}"},"query-input":"required name=search_term_string"}],"inLanguage":"en-US"},{"@type":"Organization","@id":"https:\/\/atelierkhanrenew.ch\/#organization","name":"Atelier Khan Renew","url":"https:\/\/atelierkhanrenew.ch\/","logo":{"@type":"ImageObject","inLanguage":"en-US","@id":"https:\/\/atelierkhanrenew.ch\/#\/schema\/logo\/image\/","url":"https:\/\/atelierkhanrenew.ch\/wp-content\/uploads\/2021\/03\/cropped-Logo-Akr-vectorise\u0301-png-1-e1619189313608.png","contentUrl":"https:\/\/atelierkhanrenew.ch\/wp-content\/uploads\/2021\/03\/cropped-Logo-Akr-vectorise\u0301-png-1-e1619189313608.png","width":512,"height":479,"caption":"Atelier Khan Renew"},"image":{"@id":"https:\/\/atelierkhanrenew.ch\/#\/schema\/logo\/image\/"},"sameAs":["https:\/\/www.facebook.com\/atelierkhanrenew","https:\/\/www.instagram.com\/akr_compteofficiel\/?hl=fr","https:\/\/www.pinterest.fr\/Atelierkhanrenew"]}]}},"uagb_featured_image_src":{"full":false,"thumbnail":false,"medium":false,"medium_large":false,"large":false,"1536x1536":false,"2048x2048":false,"trp-custom-language-flag":false,"neve-blog":false,"woocommerce_thumbnail":false,"woocommerce_single":false,"woocommerce_gallery_thumbnail":false},"uagb_author_info":{"display_name":"shaima.k888@gmail.com","author_link":"https:\/\/atelierkhanrenew.ch\/en\/author\/shaima-k888gmail-com\/"},"uagb_comment_info":0,"uagb_excerpt":"Analyse du tableau : &#8220;The City in the Evening&#8221; de l&#8217;artiste ESENJ The City in the Evening, ESENJ &#8220;The City in the Evening&#8221;, une cr\u00e9ation saisissante de l&#8217;artiste ESENJ, d\u00e9peint avec \u00e9loquence l&#8217;atmosph\u00e8re d&#8217;une ville au cr\u00e9puscule. L&#8217;\u0153uvre invite le spectateur \u00e0 plonger dans une sc\u00e8ne urbaine o\u00f9 le protagoniste observe le monde \u00e0 travers&hellip;&nbsp;Read&hellip;","_links":{"self":[{"href":"https:\/\/atelierkhanrenew.ch\/en\/wp-json\/wp\/v2\/pages\/33229","targetHints":{"allow":["GET"]}}],"collection":[{"href":"https:\/\/atelierkhanrenew.ch\/en\/wp-json\/wp\/v2\/pages"}],"about":[{"href":"https:\/\/atelierkhanrenew.ch\/en\/wp-json\/wp\/v2\/types\/page"}],"author":[{"embeddable":true,"href":"https:\/\/atelierkhanrenew.ch\/en\/wp-json\/wp\/v2\/users\/1"}],"replies":[{"embeddable":true,"href":"https:\/\/atelierkhanrenew.ch\/en\/wp-json\/wp\/v2\/comments?post=33229"}],"version-history":[{"count":34,"href":"https:\/\/atelierkhanrenew.ch\/en\/wp-json\/wp\/v2\/pages\/33229\/revisions"}],"predecessor-version":[{"id":33296,"href":"https:\/\/atelierkhanrenew.ch\/en\/wp-json\/wp\/v2\/pages\/33229\/revisions\/33296"}],"wp:attachment":[{"href":"https:\/\/atelierkhanrenew.ch\/en\/wp-json\/wp\/v2\/media?parent=33229"}],"curies":[{"name":"wp","href":"https:\/\/api.w.org\/{rel}","templated":true}]}}