{"id":32785,"date":"2024-02-11T16:44:53","date_gmt":"2024-02-11T15:44:53","guid":{"rendered":"https:\/\/atelierkhanrenew.ch\/?page_id=32785"},"modified":"2024-03-12T17:52:20","modified_gmt":"2024-03-12T16:52:20","slug":"explorer-analyse","status":"publish","type":"page","link":"https:\/\/atelierkhanrenew.ch\/en\/explorer-analyse\/","title":{"rendered":"Explorer : analyse"},"content":{"rendered":"<div data-elementor-type=\"wp-page\" data-elementor-id=\"32785\" class=\"elementor elementor-32785\">\n\t\t\t\t\t\t\t\t\t<section class=\"elementor-section elementor-top-section elementor-element elementor-element-8f9cb8d elementor-section-boxed elementor-section-height-default elementor-section-height-default\" data-id=\"8f9cb8d\" data-element_type=\"section\">\n\t\t\t\t\t\t<div class=\"elementor-container elementor-column-gap-default\">\n\t\t\t\t\t<div class=\"elementor-column elementor-col-100 elementor-top-column elementor-element elementor-element-62af311\" data-id=\"62af311\" data-element_type=\"column\">\n\t\t\t<div class=\"elementor-widget-wrap elementor-element-populated\">\n\t\t\t\t\t\t\t\t<div class=\"elementor-element elementor-element-acbf9e5 elementor-widget elementor-widget-heading\" data-id=\"acbf9e5\" data-element_type=\"widget\" data-widget_type=\"heading.default\">\n\t\t\t\t<div class=\"elementor-widget-container\">\n\t\t\t<h2 class=\"elementor-heading-title elementor-size-default\">Analysis of the painting: \"Explorer'\" by artist ESENJ <\/h2>\t\t<\/div>\n\t\t\t\t<\/div>\n\t\t\t\t\t<\/div>\n\t\t<\/div>\n\t\t\t\t\t\t\t<\/div>\n\t\t<\/section>\n\t\t\t\t<section class=\"elementor-section elementor-top-section elementor-element elementor-element-f881d50 elementor-section-boxed elementor-section-height-default elementor-section-height-default\" data-id=\"f881d50\" data-element_type=\"section\">\n\t\t\t\t\t\t<div class=\"elementor-container elementor-column-gap-default\">\n\t\t\t\t\t<div class=\"elementor-column elementor-col-100 elementor-top-column elementor-element elementor-element-44219b4\" data-id=\"44219b4\" data-element_type=\"column\">\n\t\t\t<div class=\"elementor-widget-wrap elementor-element-populated\">\n\t\t\t\t\t\t\t\t<div class=\"elementor-element elementor-element-e6f8e7d elementor-widget elementor-widget-image\" data-id=\"e6f8e7d\" data-element_type=\"widget\" data-widget_type=\"image.default\">\n\t\t\t\t<div class=\"elementor-widget-container\">\n\t\t\t\t\t\t\t\t\t\t\t\t<figure class=\"wp-caption\">\n\t\t\t\t\t\t\t\t\t\t<img fetchpriority=\"high\" decoding=\"async\" width=\"831\" height=\"1024\" src=\"https:\/\/atelierkhanrenew.ch\/wp-content\/uploads\/2023\/01\/good_-831x1024.jpg\" class=\"attachment-large size-large wp-image-31150\" alt=\"\" srcset=\"https:\/\/atelierkhanrenew.ch\/wp-content\/uploads\/2023\/01\/good_-831x1024.jpg 831w, https:\/\/atelierkhanrenew.ch\/wp-content\/uploads\/2023\/01\/good_-scaled-600x740.jpg 600w, https:\/\/atelierkhanrenew.ch\/wp-content\/uploads\/2023\/01\/good_-243x300.jpg 243w, https:\/\/atelierkhanrenew.ch\/wp-content\/uploads\/2023\/01\/good_-768x947.jpg 768w, https:\/\/atelierkhanrenew.ch\/wp-content\/uploads\/2023\/01\/good_-1246x1536.jpg 1246w, https:\/\/atelierkhanrenew.ch\/wp-content\/uploads\/2023\/01\/good_-1661x2048.jpg 1661w, https:\/\/atelierkhanrenew.ch\/wp-content\/uploads\/2023\/01\/good_-10x12.jpg 10w\" sizes=\"(max-width: 831px) 100vw, 831px\" \/>\t\t\t\t\t\t\t\t\t\t\t<figcaption class=\"widget-image-caption wp-caption-text\">Explorer, ESENJ<\/figcaption>\n\t\t\t\t\t\t\t\t\t\t<\/figure>\n\t\t\t\t\t\t\t\t\t<\/div>\n\t\t\t\t<\/div>\n\t\t\t\t\t<\/div>\n\t\t<\/div>\n\t\t\t\t\t\t\t<\/div>\n\t\t<\/section>\n\t\t\t\t<section class=\"elementor-section elementor-top-section elementor-element elementor-element-f7e33d3 elementor-section-boxed elementor-section-height-default elementor-section-height-default\" data-id=\"f7e33d3\" data-element_type=\"section\">\n\t\t\t\t\t\t<div class=\"elementor-container elementor-column-gap-default\">\n\t\t\t\t\t<div class=\"elementor-column elementor-col-100 elementor-top-column elementor-element elementor-element-77e1b1d\" data-id=\"77e1b1d\" data-element_type=\"column\">\n\t\t\t<div class=\"elementor-widget-wrap elementor-element-populated\">\n\t\t\t\t\t\t\t\t<div class=\"elementor-element elementor-element-c5d9cb5 elementor-widget elementor-widget-text-editor\" data-id=\"c5d9cb5\" data-element_type=\"widget\" data-widget_type=\"text-editor.default\">\n\t\t\t\t<div class=\"elementor-widget-container\">\n\t\t\t\t\t\t\t<p class=\" translation-block\">In this captivating piece titled \"Explorer,\" the artist ESENJ takes us on a visual narrative celebrating the power of exploration, knowledge, and the sharing of information.<\/p>\n<p>\u00c0 gauche du tableau, l\u2019avant d\u2019un navire sombre \u00e9voque un esth\u00e9tique r\u00e9tro-futuriste, avec des rouages m\u00e9talliques qui sugg\u00e8rent l\u2019alliance de la technologie et de l\u2019aventure. Surplombant le navire, une parabole aux spirales multicolores se dresse fi\u00e8rement \u00e0 la pointe. Cette parabole, compos\u00e9e de strates vives de cyan, de moutarde, de noir et d\u2019orange, symbolise les connaissances acquises au cours de l\u2019exp\u00e9dition.<\/p>\n<p>Four colored plates and one black plate support this parabola, representing respectively the acquired knowledge and those that remain mysterious. The ensemble creates an eloquent visual metaphor for exploration as a process of progressively acquiring knowledge, with still some areas of shadow to unravel.<\/p>\n<p>On the right, rocks take shape as a stone statuette in profile, observing in the opposite direction. This could represent an embodiment of ignorance, while the ship, with its sophisticated equipment, navigates between the rocks, symbolizing the return from an expedition.<\/p>\n<p>The artist suggests that the act of exploring goes beyond the simple acquisition of knowledge. After each expedition, the explorer becomes a messenger, sharing discoveries with the world. The light emanating from the parabola represents the illumination of knowledge towards populations, symbolizing the power of education and information to eradicate ignorance.<\/p>\n<p>The theme of ignorance and knowledge is explored in depth. The artwork suggests that to obtain knowledge, one must sometimes take risks, symbolized by the ship navigating between the rocks. Being informed becomes a crucial step towards eradicating ignorance, emphasizing the importance of information before any decision-making.<\/p>\n<p>\"Explorer\" becomes an ode to curiosity, the boldness of exploration, and the responsibility that arises from the quest for knowledge. It is a reminder that information is a precious key to collective advancement and the eradication of ignorance that can hinder human progress.<\/p>\n<p><span style=\"color: var( --e-global-color-primary ); font-family: var( --e-global-typography-text-font-family ), Sans-serif; font-weight: var( --e-global-typography-text-font-weight ); background-color: var(--nv-site-bg); font-size: var(--bodyfontsize); letter-spacing: var(--bodyletterspacing); text-transform: var(--bodytexttransform);\">&nbsp; &nbsp; &nbsp; &nbsp; &nbsp; &nbsp; &nbsp; &nbsp; &nbsp; &nbsp; &nbsp; &nbsp; &nbsp; &nbsp; &nbsp; &nbsp; &nbsp; &nbsp; &nbsp; &nbsp; &nbsp; &nbsp; &nbsp; &nbsp; &nbsp; &nbsp; &nbsp; &nbsp; &nbsp; &nbsp; &nbsp; &nbsp; &nbsp; &nbsp; &nbsp; &nbsp; &nbsp; &nbsp; &nbsp; &nbsp; &nbsp; &nbsp; &nbsp; &nbsp; &nbsp; &nbsp; &nbsp; &nbsp; &nbsp; &nbsp; &nbsp; &nbsp; &nbsp; &nbsp; &nbsp; &nbsp; &nbsp; &nbsp; &nbsp; &nbsp; &nbsp; &nbsp; &nbsp; &nbsp; &nbsp; &nbsp; &nbsp; &nbsp; &nbsp; &nbsp; &nbsp; &nbsp; &nbsp; &nbsp; &nbsp; &nbsp; <\/span><span style=\"color: var( --e-global-color-primary ); font-family: var( --e-global-typography-text-font-family ), Sans-serif; background-color: var(--nv-site-bg); font-size: var(--bodyfontsize); letter-spacing: var(--bodyletterspacing); text-transform: var(--bodytexttransform);\"><b>&nbsp; &nbsp; &nbsp; &nbsp; &nbsp; &nbsp; &nbsp; &nbsp; &nbsp; &nbsp; &nbsp; &nbsp; &nbsp; AKR<\/b><\/span><\/p>\n<div><br><\/div>\t\t\t\t\t\t<\/div>\n\t\t\t\t<\/div>\n\t\t\t\t\t<\/div>\n\t\t<\/div>\n\t\t\t\t\t\t\t<\/div>\n\t\t<\/section>\n\t\t\t\t<section class=\"elementor-section elementor-top-section elementor-element elementor-element-d9c9013 elementor-section-boxed elementor-section-height-default elementor-section-height-default\" data-id=\"d9c9013\" data-element_type=\"section\">\n\t\t\t\t\t\t<div class=\"elementor-container elementor-column-gap-default\">\n\t\t\t\t\t<div class=\"elementor-column elementor-col-100 elementor-top-column elementor-element elementor-element-f36211d\" data-id=\"f36211d\" data-element_type=\"column\">\n\t\t\t<div class=\"elementor-widget-wrap elementor-element-populated\">\n\t\t\t\t\t\t\t\t<div class=\"elementor-element elementor-element-2b365ed elementor-widget-divider--view-line elementor-widget elementor-widget-divider\" data-id=\"2b365ed\" data-element_type=\"widget\" data-widget_type=\"divider.default\">\n\t\t\t\t<div class=\"elementor-widget-container\">\n\t\t\t\t\t<div class=\"elementor-divider\">\n\t\t\t<span class=\"elementor-divider-separator\">\n\t\t\t\t\t\t<\/span>\n\t\t<\/div>\n\t\t\t\t<\/div>\n\t\t\t\t<\/div>\n\t\t\t\t\t<\/div>\n\t\t<\/div>\n\t\t\t\t\t\t\t<\/div>\n\t\t<\/section>\n\t\t\t\t\t\t\t<\/div>","protected":false},"excerpt":{"rendered":"<p>Analyse du tableau : &#8220;Explorer&#8221; de l&#8217;artiste ESENJ Explorer, ESENJ Dans cette \u0153uvre captivante intitul\u00e9e \u00abExplorer\u00bb, l\u2019artiste ESENJ nous transporte dans un r\u00e9cit visuel qui c\u00e9l\u00e8bre le pouvoir de l\u2019exploration, de la connaissance et du partage d\u2019informations. \u00c0 gauche du tableau, l\u2019avant d\u2019un navire sombre \u00e9voque un esth\u00e9tique r\u00e9tro-futuriste, avec des rouages m\u00e9talliques qui sugg\u00e8rent&hellip;&nbsp;<a href=\"https:\/\/atelierkhanrenew.ch\/en\/explorer-analyse\/\" class=\"\" rel=\"bookmark\">Read More &raquo;<span class=\"screen-reader-text\">Explorer : analyse<\/span><\/a><\/p>","protected":false},"author":1,"featured_media":0,"parent":0,"menu_order":0,"comment_status":"closed","ping_status":"closed","template":"page-templates\/template-pagebuilder-full-width.php","meta":{"_uag_custom_page_level_css":"","neve_meta_sidebar":"","neve_meta_container":"","neve_meta_enable_content_width":"","neve_meta_content_width":0,"neve_meta_title_alignment":"","neve_meta_author_avatar":"","neve_post_elements_order":"","neve_meta_disable_header":"","neve_meta_disable_footer":"","neve_meta_disable_title":"","ngg_post_thumbnail":0,"footnotes":""},"class_list":["post-32785","page","type-page","status-publish","hentry"],"yoast_head":"<!-- This site is optimized with the Yoast SEO plugin v21.8 - https:\/\/yoast.com\/wordpress\/plugins\/seo\/ -->\n<title>Explorer : analyse - Atelier Khan Renew<\/title>\n<meta name=\"robots\" content=\"index, follow, max-snippet:-1, max-image-preview:large, max-video-preview:-1\" \/>\n<link rel=\"canonical\" href=\"https:\/\/atelierkhanrenew.ch\/en\/explorer-analyse\/\" \/>\n<meta property=\"og:locale\" content=\"en_US\" \/>\n<meta property=\"og:type\" content=\"article\" \/>\n<meta property=\"og:title\" content=\"Explorer : analyse - Atelier Khan Renew\" \/>\n<meta property=\"og:description\" content=\"Analyse du tableau : &#8220;Explorer&#8221; de l&#8217;artiste ESENJ Explorer, ESENJ Dans cette \u0153uvre captivante intitul\u00e9e \u00abExplorer\u00bb, l\u2019artiste ESENJ nous transporte dans un r\u00e9cit visuel qui c\u00e9l\u00e8bre le pouvoir de l\u2019exploration, de la connaissance et du partage d\u2019informations. \u00c0 gauche du tableau, l\u2019avant d\u2019un navire sombre \u00e9voque un esth\u00e9tique r\u00e9tro-futuriste, avec des rouages m\u00e9talliques qui sugg\u00e8rent&hellip;&nbsp;Read More &raquo;Explorer : analyse\" \/>\n<meta property=\"og:url\" content=\"https:\/\/atelierkhanrenew.ch\/en\/explorer-analyse\/\" \/>\n<meta property=\"og:site_name\" content=\"Atelier Khan Renew\" \/>\n<meta property=\"article:publisher\" content=\"https:\/\/www.facebook.com\/atelierkhanrenew\" \/>\n<meta property=\"article:modified_time\" content=\"2024-03-12T16:52:20+00:00\" \/>\n<meta property=\"og:image\" content=\"https:\/\/atelierkhanrenew.ch\/wp-content\/uploads\/2023\/01\/good_-831x1024.jpg\" \/>\n<meta name=\"twitter:card\" content=\"summary_large_image\" \/>\n<meta name=\"twitter:label1\" content=\"Est. reading time\" \/>\n\t<meta name=\"twitter:data1\" content=\"2 minutes\" \/>\n<script type=\"application\/ld+json\" class=\"yoast-schema-graph\">{\"@context\":\"https:\/\/schema.org\",\"@graph\":[{\"@type\":\"WebPage\",\"@id\":\"https:\/\/atelierkhanrenew.ch\/explorer-analyse\/\",\"url\":\"https:\/\/atelierkhanrenew.ch\/explorer-analyse\/\",\"name\":\"Explorer : analyse - Atelier Khan Renew\",\"isPartOf\":{\"@id\":\"https:\/\/atelierkhanrenew.ch\/#website\"},\"datePublished\":\"2024-02-11T15:44:53+00:00\",\"dateModified\":\"2024-03-12T16:52:20+00:00\",\"breadcrumb\":{\"@id\":\"https:\/\/atelierkhanrenew.ch\/explorer-analyse\/#breadcrumb\"},\"inLanguage\":\"en-US\",\"potentialAction\":[{\"@type\":\"ReadAction\",\"target\":[\"https:\/\/atelierkhanrenew.ch\/explorer-analyse\/\"]}]},{\"@type\":\"BreadcrumbList\",\"@id\":\"https:\/\/atelierkhanrenew.ch\/explorer-analyse\/#breadcrumb\",\"itemListElement\":[{\"@type\":\"ListItem\",\"position\":1,\"name\":\"Accueil\",\"item\":\"https:\/\/atelierkhanrenew.ch\/\"},{\"@type\":\"ListItem\",\"position\":2,\"name\":\"Explorer : analyse\"}]},{\"@type\":\"WebSite\",\"@id\":\"https:\/\/atelierkhanrenew.ch\/#website\",\"url\":\"https:\/\/atelierkhanrenew.ch\/\",\"name\":\"Atelier Khan Renew\",\"description\":\"\",\"publisher\":{\"@id\":\"https:\/\/atelierkhanrenew.ch\/#organization\"},\"potentialAction\":[{\"@type\":\"SearchAction\",\"target\":{\"@type\":\"EntryPoint\",\"urlTemplate\":\"https:\/\/atelierkhanrenew.ch\/?s={search_term_string}\"},\"query-input\":\"required name=search_term_string\"}],\"inLanguage\":\"en-US\"},{\"@type\":\"Organization\",\"@id\":\"https:\/\/atelierkhanrenew.ch\/#organization\",\"name\":\"Atelier Khan Renew\",\"url\":\"https:\/\/atelierkhanrenew.ch\/\",\"logo\":{\"@type\":\"ImageObject\",\"inLanguage\":\"en-US\",\"@id\":\"https:\/\/atelierkhanrenew.ch\/#\/schema\/logo\/image\/\",\"url\":\"https:\/\/atelierkhanrenew.ch\/wp-content\/uploads\/2021\/03\/cropped-Logo-Akr-vectorise\u0301-png-1-e1619189313608.png\",\"contentUrl\":\"https:\/\/atelierkhanrenew.ch\/wp-content\/uploads\/2021\/03\/cropped-Logo-Akr-vectorise\u0301-png-1-e1619189313608.png\",\"width\":512,\"height\":479,\"caption\":\"Atelier Khan Renew\"},\"image\":{\"@id\":\"https:\/\/atelierkhanrenew.ch\/#\/schema\/logo\/image\/\"},\"sameAs\":[\"https:\/\/www.facebook.com\/atelierkhanrenew\",\"https:\/\/www.instagram.com\/akr_compteofficiel\/?hl=fr\",\"https:\/\/www.pinterest.fr\/Atelierkhanrenew\"]}]}<\/script>\n<!-- \/ Yoast SEO plugin. -->","yoast_head_json":{"title":"Explorer : analyse - Atelier Khan Renew","robots":{"index":"index","follow":"follow","max-snippet":"max-snippet:-1","max-image-preview":"max-image-preview:large","max-video-preview":"max-video-preview:-1"},"canonical":"https:\/\/atelierkhanrenew.ch\/en\/explorer-analyse\/","og_locale":"en_US","og_type":"article","og_title":"Explorer : analyse - Atelier Khan Renew","og_description":"Analyse du tableau : &#8220;Explorer&#8221; de l&#8217;artiste ESENJ Explorer, ESENJ Dans cette \u0153uvre captivante intitul\u00e9e \u00abExplorer\u00bb, l\u2019artiste ESENJ nous transporte dans un r\u00e9cit visuel qui c\u00e9l\u00e8bre le pouvoir de l\u2019exploration, de la connaissance et du partage d\u2019informations. \u00c0 gauche du tableau, l\u2019avant d\u2019un navire sombre \u00e9voque un esth\u00e9tique r\u00e9tro-futuriste, avec des rouages m\u00e9talliques qui sugg\u00e8rent&hellip;&nbsp;Read More &raquo;Explorer : analyse","og_url":"https:\/\/atelierkhanrenew.ch\/en\/explorer-analyse\/","og_site_name":"Atelier Khan Renew","article_publisher":"https:\/\/www.facebook.com\/atelierkhanrenew","article_modified_time":"2024-03-12T16:52:20+00:00","og_image":[{"url":"https:\/\/atelierkhanrenew.ch\/wp-content\/uploads\/2023\/01\/good_-831x1024.jpg"}],"twitter_card":"summary_large_image","twitter_misc":{"Est. reading time":"2 minutes"},"schema":{"@context":"https:\/\/schema.org","@graph":[{"@type":"WebPage","@id":"https:\/\/atelierkhanrenew.ch\/explorer-analyse\/","url":"https:\/\/atelierkhanrenew.ch\/explorer-analyse\/","name":"Explorer : analyse - Atelier Khan Renew","isPartOf":{"@id":"https:\/\/atelierkhanrenew.ch\/#website"},"datePublished":"2024-02-11T15:44:53+00:00","dateModified":"2024-03-12T16:52:20+00:00","breadcrumb":{"@id":"https:\/\/atelierkhanrenew.ch\/explorer-analyse\/#breadcrumb"},"inLanguage":"en-US","potentialAction":[{"@type":"ReadAction","target":["https:\/\/atelierkhanrenew.ch\/explorer-analyse\/"]}]},{"@type":"BreadcrumbList","@id":"https:\/\/atelierkhanrenew.ch\/explorer-analyse\/#breadcrumb","itemListElement":[{"@type":"ListItem","position":1,"name":"Accueil","item":"https:\/\/atelierkhanrenew.ch\/"},{"@type":"ListItem","position":2,"name":"Explorer : analyse"}]},{"@type":"WebSite","@id":"https:\/\/atelierkhanrenew.ch\/#website","url":"https:\/\/atelierkhanrenew.ch\/","name":"Atelier Khan Renew","description":"","publisher":{"@id":"https:\/\/atelierkhanrenew.ch\/#organization"},"potentialAction":[{"@type":"SearchAction","target":{"@type":"EntryPoint","urlTemplate":"https:\/\/atelierkhanrenew.ch\/?s={search_term_string}"},"query-input":"required name=search_term_string"}],"inLanguage":"en-US"},{"@type":"Organization","@id":"https:\/\/atelierkhanrenew.ch\/#organization","name":"Atelier Khan Renew","url":"https:\/\/atelierkhanrenew.ch\/","logo":{"@type":"ImageObject","inLanguage":"en-US","@id":"https:\/\/atelierkhanrenew.ch\/#\/schema\/logo\/image\/","url":"https:\/\/atelierkhanrenew.ch\/wp-content\/uploads\/2021\/03\/cropped-Logo-Akr-vectorise\u0301-png-1-e1619189313608.png","contentUrl":"https:\/\/atelierkhanrenew.ch\/wp-content\/uploads\/2021\/03\/cropped-Logo-Akr-vectorise\u0301-png-1-e1619189313608.png","width":512,"height":479,"caption":"Atelier Khan Renew"},"image":{"@id":"https:\/\/atelierkhanrenew.ch\/#\/schema\/logo\/image\/"},"sameAs":["https:\/\/www.facebook.com\/atelierkhanrenew","https:\/\/www.instagram.com\/akr_compteofficiel\/?hl=fr","https:\/\/www.pinterest.fr\/Atelierkhanrenew"]}]}},"uagb_featured_image_src":{"full":false,"thumbnail":false,"medium":false,"medium_large":false,"large":false,"1536x1536":false,"2048x2048":false,"trp-custom-language-flag":false,"neve-blog":false,"woocommerce_thumbnail":false,"woocommerce_single":false,"woocommerce_gallery_thumbnail":false},"uagb_author_info":{"display_name":"shaima.k888@gmail.com","author_link":"https:\/\/atelierkhanrenew.ch\/en\/author\/shaima-k888gmail-com\/"},"uagb_comment_info":0,"uagb_excerpt":"Analyse du tableau : &#8220;Explorer&#8221; de l&#8217;artiste ESENJ Explorer, ESENJ Dans cette \u0153uvre captivante intitul\u00e9e \u00abExplorer\u00bb, l\u2019artiste ESENJ nous transporte dans un r\u00e9cit visuel qui c\u00e9l\u00e8bre le pouvoir de l\u2019exploration, de la connaissance et du partage d\u2019informations. \u00c0 gauche du tableau, l\u2019avant d\u2019un navire sombre \u00e9voque un esth\u00e9tique r\u00e9tro-futuriste, avec des rouages m\u00e9talliques qui sugg\u00e8rent&hellip;&nbsp;Read&hellip;","_links":{"self":[{"href":"https:\/\/atelierkhanrenew.ch\/en\/wp-json\/wp\/v2\/pages\/32785","targetHints":{"allow":["GET"]}}],"collection":[{"href":"https:\/\/atelierkhanrenew.ch\/en\/wp-json\/wp\/v2\/pages"}],"about":[{"href":"https:\/\/atelierkhanrenew.ch\/en\/wp-json\/wp\/v2\/types\/page"}],"author":[{"embeddable":true,"href":"https:\/\/atelierkhanrenew.ch\/en\/wp-json\/wp\/v2\/users\/1"}],"replies":[{"embeddable":true,"href":"https:\/\/atelierkhanrenew.ch\/en\/wp-json\/wp\/v2\/comments?post=32785"}],"version-history":[{"count":22,"href":"https:\/\/atelierkhanrenew.ch\/en\/wp-json\/wp\/v2\/pages\/32785\/revisions"}],"predecessor-version":[{"id":33248,"href":"https:\/\/atelierkhanrenew.ch\/en\/wp-json\/wp\/v2\/pages\/32785\/revisions\/33248"}],"wp:attachment":[{"href":"https:\/\/atelierkhanrenew.ch\/en\/wp-json\/wp\/v2\/media?parent=32785"}],"curies":[{"name":"wp","href":"https:\/\/api.w.org\/{rel}","templated":true}]}}