{"id":32715,"date":"2024-02-05T11:49:31","date_gmt":"2024-02-05T10:49:31","guid":{"rendered":"https:\/\/atelierkhanrenew.ch\/?page_id=32715"},"modified":"2024-04-06T18:17:04","modified_gmt":"2024-04-06T16:17:04","slug":"verres","status":"publish","type":"page","link":"https:\/\/atelierkhanrenew.ch\/en\/verres\/","title":{"rendered":"verre"},"content":{"rendered":"<div data-elementor-type=\"wp-page\" data-elementor-id=\"32715\" class=\"elementor elementor-32715\">\n\t\t\t\t\t\t\t\t\t<section class=\"elementor-section elementor-top-section elementor-element elementor-element-9a7976d elementor-section-boxed elementor-section-height-default elementor-section-height-default\" data-id=\"9a7976d\" data-element_type=\"section\">\n\t\t\t\t\t\t<div class=\"elementor-container elementor-column-gap-default\">\n\t\t\t\t\t<div class=\"elementor-column elementor-col-100 elementor-top-column elementor-element elementor-element-ee118c6\" data-id=\"ee118c6\" data-element_type=\"column\">\n\t\t\t<div class=\"elementor-widget-wrap elementor-element-populated\">\n\t\t\t\t\t\t\t\t<div class=\"elementor-element elementor-element-a71f356 elementor-widget elementor-widget-heading\" data-id=\"a71f356\" data-element_type=\"widget\" data-widget_type=\"heading.default\">\n\t\t\t\t<div class=\"elementor-widget-container\">\n\t\t\t<h6 class=\"elementor-heading-title elementor-size-xl\">What are the trends for 2024? \n(4\/5)<\/h6>\t\t<\/div>\n\t\t\t\t<\/div>\n\t\t\t\t\t<\/div>\n\t\t<\/div>\n\t\t\t\t\t\t\t<\/div>\n\t\t<\/section>\n\t\t\t\t<section class=\"elementor-section elementor-top-section elementor-element elementor-element-8d16e4e elementor-section-boxed elementor-section-height-default elementor-section-height-default\" data-id=\"8d16e4e\" data-element_type=\"section\">\n\t\t\t\t\t\t<div class=\"elementor-container elementor-column-gap-default\">\n\t\t\t\t\t<div class=\"elementor-column elementor-col-100 elementor-top-column elementor-element elementor-element-a3d4ba7\" data-id=\"a3d4ba7\" data-element_type=\"column\">\n\t\t\t<div class=\"elementor-widget-wrap elementor-element-populated\">\n\t\t\t\t\t\t\t\t<div class=\"elementor-element elementor-element-0d99f99 elementor-widget elementor-widget-heading\" data-id=\"0d99f99\" data-element_type=\"widget\" data-widget_type=\"heading.default\">\n\t\t\t\t<div class=\"elementor-widget-container\">\n\t\t\t<h2 class=\"elementor-heading-title elementor-size-default\"><span style=\"background-color: var(--nv-site-bg); color: var( --e-global-color-primary ); font-family: var( --e-global-typography-primary-font-family ), Sans-serif; font-size: var(--h2fontsize); font-weight: var( --e-global-typography-primary-font-weight );\">Transparency: Glass in all its variations!<\/span><\/h2>\t\t<\/div>\n\t\t\t\t<\/div>\n\t\t\t\t\t<\/div>\n\t\t<\/div>\n\t\t\t\t\t\t\t<\/div>\n\t\t<\/section>\n\t\t\t\t<section class=\"elementor-section elementor-top-section elementor-element elementor-element-e59d36a elementor-section-boxed elementor-section-height-default elementor-section-height-default\" data-id=\"e59d36a\" data-element_type=\"section\">\n\t\t\t\t\t\t<div class=\"elementor-container elementor-column-gap-default\">\n\t\t\t\t\t<div class=\"elementor-column elementor-col-100 elementor-top-column elementor-element elementor-element-c91b31c\" data-id=\"c91b31c\" data-element_type=\"column\">\n\t\t\t<div class=\"elementor-widget-wrap elementor-element-populated\">\n\t\t\t\t\t\t\t\t<div class=\"elementor-element elementor-element-e3743f7 elementor-widget-divider--view-line elementor-widget elementor-widget-divider\" data-id=\"e3743f7\" data-element_type=\"widget\" data-widget_type=\"divider.default\">\n\t\t\t\t<div class=\"elementor-widget-container\">\n\t\t\t\t\t<div class=\"elementor-divider\">\n\t\t\t<span class=\"elementor-divider-separator\">\n\t\t\t\t\t\t<\/span>\n\t\t<\/div>\n\t\t\t\t<\/div>\n\t\t\t\t<\/div>\n\t\t\t\t\t<\/div>\n\t\t<\/div>\n\t\t\t\t\t\t\t<\/div>\n\t\t<\/section>\n\t\t\t\t<section class=\"elementor-section elementor-top-section elementor-element elementor-element-dba085b elementor-section-boxed elementor-section-height-default elementor-section-height-default\" data-id=\"dba085b\" data-element_type=\"section\">\n\t\t\t\t\t\t<div class=\"elementor-container elementor-column-gap-default\">\n\t\t\t\t\t<div class=\"elementor-column elementor-col-100 elementor-top-column elementor-element elementor-element-027ba8d\" data-id=\"027ba8d\" data-element_type=\"column\">\n\t\t\t<div class=\"elementor-widget-wrap elementor-element-populated\">\n\t\t\t\t\t\t\t\t<div class=\"elementor-element elementor-element-b4f5ae9 elementor-widget elementor-widget-text-editor\" data-id=\"b4f5ae9\" data-element_type=\"widget\" data-widget_type=\"text-editor.default\">\n\t\t\t\t<div class=\"elementor-widget-container\">\n\t\t\t\t\t\t\t<p class=\" translation-block\">In the relentless pursuit of brightness in our interior spaces, glass undergoes a multitude of variations to meet our ever-changing demands.<\/p><p class=\" translation-block\">If one aspires to enjoy light while preserving privacy, especially in a bathroom, the ideal option lies among a variety of choices. Without hesitation, opt for a glass partition in colored glass, textured glass, or even opaque glass.\"<\/p><p class=\" translation-block\">If you desire an option that allows you to adjust the glass opacity according to the situation, choose this transparent glass capable of transforming into an opaque surface on demand, with just a simple click.<\/p><p class=\" translation-block\">Colored glass brings a playful dimension, infusing a touch of cheerfulness into your interior.<\/p><p class=\" translation-block\">Textured glass finds versatile use as partitions, glass walls, windows, or shower enclosures. It provides a clever solution to maintain privacy while allowing natural light to filter through. Among the numerous available options, various patterns such as glass bricks, striped glass, geometric motifs, and many others can be found.\n\nChoosing a specific pattern enables the creation of a unique and personalized decorative atmosphere based on aesthetic preferences. For example, glass doors with striped patterns for a display case offer an authentic and vintage ambiance, transporting your space into the charm of the past.\n\nWhether you seek a modern, vintage, or contemporary look, textured glass offers versatility that adapts to all trends.<\/p>\t\t\t\t\t\t<\/div>\n\t\t\t\t<\/div>\n\t\t\t\t\t<\/div>\n\t\t<\/div>\n\t\t\t\t\t\t\t<\/div>\n\t\t<\/section>\n\t\t\t\t<section class=\"elementor-section elementor-top-section elementor-element elementor-element-1c16a06 elementor-section-boxed elementor-section-height-default elementor-section-height-default\" data-id=\"1c16a06\" data-element_type=\"section\">\n\t\t\t\t\t\t<div class=\"elementor-container elementor-column-gap-default\">\n\t\t\t\t\t<div class=\"elementor-column elementor-col-100 elementor-top-column elementor-element elementor-element-6460fe4\" data-id=\"6460fe4\" data-element_type=\"column\">\n\t\t\t<div class=\"elementor-widget-wrap elementor-element-populated\">\n\t\t\t\t\t\t\t\t<div class=\"elementor-element elementor-element-b735cd6 elementor-widget elementor-widget-heading\" data-id=\"b735cd6\" data-element_type=\"widget\" data-widget_type=\"heading.default\">\n\t\t\t\t<div class=\"elementor-widget-container\">\n\t\t\t<h5 class=\"elementor-heading-title elementor-size-medium translation-block\">To better grasp the theme of transparency, dive below into the universe of this decorative board for a living room, imbued with Art Deco!<\/h5>\t\t<\/div>\n\t\t\t\t<\/div>\n\t\t\t\t\t<\/div>\n\t\t<\/div>\n\t\t\t\t\t\t\t<\/div>\n\t\t<\/section>\n\t\t\t\t<section class=\"elementor-section elementor-top-section elementor-element elementor-element-c141f41 elementor-section-boxed elementor-section-height-default elementor-section-height-default\" data-id=\"c141f41\" data-element_type=\"section\">\n\t\t\t\t\t\t<div class=\"elementor-container elementor-column-gap-default\">\n\t\t\t\t\t<div class=\"elementor-column elementor-col-100 elementor-top-column elementor-element elementor-element-98484d7\" data-id=\"98484d7\" data-element_type=\"column\">\n\t\t\t<div class=\"elementor-widget-wrap elementor-element-populated\">\n\t\t\t\t\t\t\t\t<div class=\"elementor-element elementor-element-6cdb60b elementor-widget elementor-widget-image\" data-id=\"6cdb60b\" data-element_type=\"widget\" data-widget_type=\"image.default\">\n\t\t\t\t<div class=\"elementor-widget-container\">\n\t\t\t\t\t\t\t\t\t\t\t\t<figure class=\"wp-caption\">\n\t\t\t\t\t\t\t\t\t\t<img decoding=\"async\" src=\"https:\/\/atelierkhanrenew.ch\/wp-content\/uploads\/2024\/03\/planche-tendance-finale-.png\" title=\"\" alt=\"\" loading=\"lazy\" \/>\t\t\t\t\t\t\t\t\t\t\t<figcaption class=\"widget-image-caption wp-caption-text\">Transparency Mood Board for the Living Room<\/figcaption>\n\t\t\t\t\t\t\t\t\t\t<\/figure>\n\t\t\t\t\t\t\t\t\t<\/div>\n\t\t\t\t<\/div>\n\t\t\t\t\t<\/div>\n\t\t<\/div>\n\t\t\t\t\t\t\t<\/div>\n\t\t<\/section>\n\t\t\t\t<section class=\"elementor-section elementor-top-section elementor-element elementor-element-03e8492 elementor-section-boxed elementor-section-height-default elementor-section-height-default\" data-id=\"03e8492\" data-element_type=\"section\">\n\t\t\t\t\t\t<div class=\"elementor-container elementor-column-gap-default\">\n\t\t\t\t\t<div class=\"elementor-column elementor-col-100 elementor-top-column elementor-element elementor-element-57e27fd\" data-id=\"57e27fd\" data-element_type=\"column\">\n\t\t\t<div class=\"elementor-widget-wrap elementor-element-populated\">\n\t\t\t\t\t\t\t\t<div class=\"elementor-element elementor-element-a7fe66b elementor-widget elementor-widget-text-editor\" data-id=\"a7fe66b\" data-element_type=\"widget\" data-widget_type=\"text-editor.default\">\n\t\t\t\t<div class=\"elementor-widget-container\">\n\t\t\t\t\t\t\t<p><b>For this trend board, the choice leaned towards dark colors like green and brown to contrast with a transparent table.&nbsp;<\/b><\/p>\n<p><b>To add a majestic touch to this space, I chose the color empire green.<\/b> Cette teinte riche et profonde cr\u00e9e une atmosph\u00e8re majestueuse, rehaussant l&#8217;\u00e9l\u00e9gance du salon.<\/p>\n<p class=\" translation-block\">The walls are adorned with moldings inspired by Art Deco style, adding relief and providing a royal touch to the space.<\/p>\n<p class=\" translation-block\">Transparency is explored in various ways to bring lightness to the space. Mirrors with aged glass and golden tones illuminate, creating a play of light.<\/p>\n<p><b>A transparent glass table in an orange hue, along with a transparent crystal vase, completes the aesthetic.<\/b><\/p>\n<p class=\" translation-block\">The Murano crystal chandelier is the centerpiece of elegance. It adds a timeless and luminous touch to the space.<\/p>\n<p class=\" translation-block\">The choice of furniture and flooring adds an intriguing dynamic. A green Chesterfield-style sofa, a pair of brown armchairs, and a dark floor will create a contrast with the orange-tinted glass table.<\/p>\n<p class=\" translation-block\">In this setting, we've incorporated subtle touches of transparency, but according to preferences and desires, you can play with transparency more prominently. For example, you can use glass shelves on one wall. It is also possible to add a glass table and integrate additional mirrors.<\/p>\n<p><\/p>\t\t\t\t\t\t<\/div>\n\t\t\t\t<\/div>\n\t\t\t\t\t<\/div>\n\t\t<\/div>\n\t\t\t\t\t\t\t<\/div>\n\t\t<\/section>\n\t\t\t\t<section class=\"elementor-section elementor-top-section elementor-element elementor-element-f18d095 elementor-section-boxed elementor-section-height-default elementor-section-height-default\" data-id=\"f18d095\" data-element_type=\"section\">\n\t\t\t\t\t\t<div class=\"elementor-container elementor-column-gap-default\">\n\t\t\t\t\t<div class=\"elementor-column elementor-col-100 elementor-top-column elementor-element elementor-element-5c0844e\" data-id=\"5c0844e\" data-element_type=\"column\">\n\t\t\t<div class=\"elementor-widget-wrap elementor-element-populated\">\n\t\t\t\t\t\t\t\t<div class=\"elementor-element elementor-element-675aa78 elementor-align-center elementor-widget elementor-widget-button\" data-id=\"675aa78\" data-element_type=\"widget\" data-widget_type=\"button.default\">\n\t\t\t\t<div class=\"elementor-widget-container\">\n\t\t\t\t\t<div class=\"elementor-button-wrapper\">\n\t\t\t<a class=\"elementor-button elementor-button-link elementor-size-sm\" href=\"https:\/\/atelierkhanrenew.ch\/en\/courbes-ludiques\/\">\n\t\t\t\t\t\t<span class=\"elementor-button-content-wrapper\">\n\t\t\t\t\t\t<span class=\"elementor-button-text\">suite<\/span>\n\t\t<\/span>\n\t\t\t\t\t<\/a>\n\t\t<\/div>\n\t\t\t\t<\/div>\n\t\t\t\t<\/div>\n\t\t\t\t\t<\/div>\n\t\t<\/div>\n\t\t\t\t\t\t\t<\/div>\n\t\t<\/section>\n\t\t\t\t\t\t\t<\/div>","protected":false},"excerpt":{"rendered":"<p>Quels sont les tendances 2024? (4\/5) La Transparence: le Verre dans toutes ses d\u00e9clinaisons! \u00c0 la qu\u00eate incessante de luminosit\u00e9 dans nos espaces int\u00e9rieurs, le verre se renouvelle dans une multitude de variations pour r\u00e9pondre \u00e0 nos exigences changeantes. Si l&#8217;on aspire \u00e0 profiter de la lumi\u00e8re tout en pr\u00e9servant l&#8217;intimit\u00e9, notamment dans une salle&hellip;&nbsp;<a href=\"https:\/\/atelierkhanrenew.ch\/en\/verres\/\" class=\"\" rel=\"bookmark\">Read More &raquo;<span class=\"screen-reader-text\">verre<\/span><\/a><\/p>","protected":false},"author":1,"featured_media":0,"parent":0,"menu_order":0,"comment_status":"closed","ping_status":"closed","template":"page-templates\/template-pagebuilder-full-width.php","meta":{"_uag_custom_page_level_css":"","neve_meta_sidebar":"","neve_meta_container":"","neve_meta_enable_content_width":"","neve_meta_content_width":0,"neve_meta_title_alignment":"","neve_meta_author_avatar":"","neve_post_elements_order":"","neve_meta_disable_header":"","neve_meta_disable_footer":"","neve_meta_disable_title":"","ngg_post_thumbnail":0,"footnotes":""},"class_list":["post-32715","page","type-page","status-publish","hentry"],"yoast_head":"<!-- This site is optimized with the Yoast SEO plugin v21.8 - https:\/\/yoast.com\/wordpress\/plugins\/seo\/ -->\n<title>verre - Atelier Khan Renew<\/title>\n<meta name=\"robots\" content=\"index, follow, max-snippet:-1, max-image-preview:large, max-video-preview:-1\" \/>\n<link rel=\"canonical\" href=\"https:\/\/atelierkhanrenew.ch\/en\/verres\/\" \/>\n<meta property=\"og:locale\" content=\"en_US\" \/>\n<meta property=\"og:type\" content=\"article\" \/>\n<meta property=\"og:title\" content=\"verre - Atelier Khan Renew\" \/>\n<meta property=\"og:description\" content=\"Quels sont les tendances 2024? (4\/5) La Transparence: le Verre dans toutes ses d\u00e9clinaisons! \u00c0 la qu\u00eate incessante de luminosit\u00e9 dans nos espaces int\u00e9rieurs, le verre se renouvelle dans une multitude de variations pour r\u00e9pondre \u00e0 nos exigences changeantes. Si l&#8217;on aspire \u00e0 profiter de la lumi\u00e8re tout en pr\u00e9servant l&#8217;intimit\u00e9, notamment dans une salle&hellip;&nbsp;Read More &raquo;verre\" \/>\n<meta property=\"og:url\" content=\"https:\/\/atelierkhanrenew.ch\/en\/verres\/\" \/>\n<meta property=\"og:site_name\" content=\"Atelier Khan Renew\" \/>\n<meta property=\"article:publisher\" content=\"https:\/\/www.facebook.com\/atelierkhanrenew\" \/>\n<meta property=\"article:modified_time\" content=\"2024-04-06T16:17:04+00:00\" \/>\n<meta property=\"og:image\" content=\"https:\/\/atelierkhanrenew.ch\/wp-content\/uploads\/2024\/03\/planche-tendance-finale--1024x821.png\" \/>\n<meta name=\"twitter:card\" content=\"summary_large_image\" \/>\n<meta name=\"twitter:label1\" content=\"Est. reading time\" \/>\n\t<meta name=\"twitter:data1\" content=\"3 minutes\" \/>\n<script type=\"application\/ld+json\" class=\"yoast-schema-graph\">{\"@context\":\"https:\/\/schema.org\",\"@graph\":[{\"@type\":\"WebPage\",\"@id\":\"https:\/\/atelierkhanrenew.ch\/verres\/\",\"url\":\"https:\/\/atelierkhanrenew.ch\/verres\/\",\"name\":\"verre - Atelier Khan Renew\",\"isPartOf\":{\"@id\":\"https:\/\/atelierkhanrenew.ch\/#website\"},\"datePublished\":\"2024-02-05T10:49:31+00:00\",\"dateModified\":\"2024-04-06T16:17:04+00:00\",\"breadcrumb\":{\"@id\":\"https:\/\/atelierkhanrenew.ch\/verres\/#breadcrumb\"},\"inLanguage\":\"en-US\",\"potentialAction\":[{\"@type\":\"ReadAction\",\"target\":[\"https:\/\/atelierkhanrenew.ch\/verres\/\"]}]},{\"@type\":\"BreadcrumbList\",\"@id\":\"https:\/\/atelierkhanrenew.ch\/verres\/#breadcrumb\",\"itemListElement\":[{\"@type\":\"ListItem\",\"position\":1,\"name\":\"Accueil\",\"item\":\"https:\/\/atelierkhanrenew.ch\/\"},{\"@type\":\"ListItem\",\"position\":2,\"name\":\"verre\"}]},{\"@type\":\"WebSite\",\"@id\":\"https:\/\/atelierkhanrenew.ch\/#website\",\"url\":\"https:\/\/atelierkhanrenew.ch\/\",\"name\":\"Atelier Khan Renew\",\"description\":\"\",\"publisher\":{\"@id\":\"https:\/\/atelierkhanrenew.ch\/#organization\"},\"potentialAction\":[{\"@type\":\"SearchAction\",\"target\":{\"@type\":\"EntryPoint\",\"urlTemplate\":\"https:\/\/atelierkhanrenew.ch\/?s={search_term_string}\"},\"query-input\":\"required name=search_term_string\"}],\"inLanguage\":\"en-US\"},{\"@type\":\"Organization\",\"@id\":\"https:\/\/atelierkhanrenew.ch\/#organization\",\"name\":\"Atelier Khan Renew\",\"url\":\"https:\/\/atelierkhanrenew.ch\/\",\"logo\":{\"@type\":\"ImageObject\",\"inLanguage\":\"en-US\",\"@id\":\"https:\/\/atelierkhanrenew.ch\/#\/schema\/logo\/image\/\",\"url\":\"https:\/\/atelierkhanrenew.ch\/wp-content\/uploads\/2021\/03\/cropped-Logo-Akr-vectorise\u0301-png-1-e1619189313608.png\",\"contentUrl\":\"https:\/\/atelierkhanrenew.ch\/wp-content\/uploads\/2021\/03\/cropped-Logo-Akr-vectorise\u0301-png-1-e1619189313608.png\",\"width\":512,\"height\":479,\"caption\":\"Atelier Khan Renew\"},\"image\":{\"@id\":\"https:\/\/atelierkhanrenew.ch\/#\/schema\/logo\/image\/\"},\"sameAs\":[\"https:\/\/www.facebook.com\/atelierkhanrenew\",\"https:\/\/www.instagram.com\/akr_compteofficiel\/?hl=fr\",\"https:\/\/www.pinterest.fr\/Atelierkhanrenew\"]}]}<\/script>\n<!-- \/ Yoast SEO plugin. -->","yoast_head_json":{"title":"verre - Atelier Khan Renew","robots":{"index":"index","follow":"follow","max-snippet":"max-snippet:-1","max-image-preview":"max-image-preview:large","max-video-preview":"max-video-preview:-1"},"canonical":"https:\/\/atelierkhanrenew.ch\/en\/verres\/","og_locale":"en_US","og_type":"article","og_title":"verre - Atelier Khan Renew","og_description":"Quels sont les tendances 2024? (4\/5) La Transparence: le Verre dans toutes ses d\u00e9clinaisons! \u00c0 la qu\u00eate incessante de luminosit\u00e9 dans nos espaces int\u00e9rieurs, le verre se renouvelle dans une multitude de variations pour r\u00e9pondre \u00e0 nos exigences changeantes. Si l&#8217;on aspire \u00e0 profiter de la lumi\u00e8re tout en pr\u00e9servant l&#8217;intimit\u00e9, notamment dans une salle&hellip;&nbsp;Read More &raquo;verre","og_url":"https:\/\/atelierkhanrenew.ch\/en\/verres\/","og_site_name":"Atelier Khan Renew","article_publisher":"https:\/\/www.facebook.com\/atelierkhanrenew","article_modified_time":"2024-04-06T16:17:04+00:00","og_image":[{"url":"https:\/\/atelierkhanrenew.ch\/wp-content\/uploads\/2024\/03\/planche-tendance-finale--1024x821.png"}],"twitter_card":"summary_large_image","twitter_misc":{"Est. reading time":"3 minutes"},"schema":{"@context":"https:\/\/schema.org","@graph":[{"@type":"WebPage","@id":"https:\/\/atelierkhanrenew.ch\/verres\/","url":"https:\/\/atelierkhanrenew.ch\/verres\/","name":"verre - Atelier Khan Renew","isPartOf":{"@id":"https:\/\/atelierkhanrenew.ch\/#website"},"datePublished":"2024-02-05T10:49:31+00:00","dateModified":"2024-04-06T16:17:04+00:00","breadcrumb":{"@id":"https:\/\/atelierkhanrenew.ch\/verres\/#breadcrumb"},"inLanguage":"en-US","potentialAction":[{"@type":"ReadAction","target":["https:\/\/atelierkhanrenew.ch\/verres\/"]}]},{"@type":"BreadcrumbList","@id":"https:\/\/atelierkhanrenew.ch\/verres\/#breadcrumb","itemListElement":[{"@type":"ListItem","position":1,"name":"Accueil","item":"https:\/\/atelierkhanrenew.ch\/"},{"@type":"ListItem","position":2,"name":"verre"}]},{"@type":"WebSite","@id":"https:\/\/atelierkhanrenew.ch\/#website","url":"https:\/\/atelierkhanrenew.ch\/","name":"Atelier Khan Renew","description":"","publisher":{"@id":"https:\/\/atelierkhanrenew.ch\/#organization"},"potentialAction":[{"@type":"SearchAction","target":{"@type":"EntryPoint","urlTemplate":"https:\/\/atelierkhanrenew.ch\/?s={search_term_string}"},"query-input":"required name=search_term_string"}],"inLanguage":"en-US"},{"@type":"Organization","@id":"https:\/\/atelierkhanrenew.ch\/#organization","name":"Atelier Khan Renew","url":"https:\/\/atelierkhanrenew.ch\/","logo":{"@type":"ImageObject","inLanguage":"en-US","@id":"https:\/\/atelierkhanrenew.ch\/#\/schema\/logo\/image\/","url":"https:\/\/atelierkhanrenew.ch\/wp-content\/uploads\/2021\/03\/cropped-Logo-Akr-vectorise\u0301-png-1-e1619189313608.png","contentUrl":"https:\/\/atelierkhanrenew.ch\/wp-content\/uploads\/2021\/03\/cropped-Logo-Akr-vectorise\u0301-png-1-e1619189313608.png","width":512,"height":479,"caption":"Atelier Khan Renew"},"image":{"@id":"https:\/\/atelierkhanrenew.ch\/#\/schema\/logo\/image\/"},"sameAs":["https:\/\/www.facebook.com\/atelierkhanrenew","https:\/\/www.instagram.com\/akr_compteofficiel\/?hl=fr","https:\/\/www.pinterest.fr\/Atelierkhanrenew"]}]}},"uagb_featured_image_src":{"full":false,"thumbnail":false,"medium":false,"medium_large":false,"large":false,"1536x1536":false,"2048x2048":false,"trp-custom-language-flag":false,"neve-blog":false,"woocommerce_thumbnail":false,"woocommerce_single":false,"woocommerce_gallery_thumbnail":false},"uagb_author_info":{"display_name":"shaima.k888@gmail.com","author_link":"https:\/\/atelierkhanrenew.ch\/en\/author\/shaima-k888gmail-com\/"},"uagb_comment_info":0,"uagb_excerpt":"Quels sont les tendances 2024? (4\/5) La Transparence: le Verre dans toutes ses d\u00e9clinaisons! \u00c0 la qu\u00eate incessante de luminosit\u00e9 dans nos espaces int\u00e9rieurs, le verre se renouvelle dans une multitude de variations pour r\u00e9pondre \u00e0 nos exigences changeantes. Si l&#8217;on aspire \u00e0 profiter de la lumi\u00e8re tout en pr\u00e9servant l&#8217;intimit\u00e9, notamment dans une salle&hellip;&nbsp;Read&hellip;","_links":{"self":[{"href":"https:\/\/atelierkhanrenew.ch\/en\/wp-json\/wp\/v2\/pages\/32715","targetHints":{"allow":["GET"]}}],"collection":[{"href":"https:\/\/atelierkhanrenew.ch\/en\/wp-json\/wp\/v2\/pages"}],"about":[{"href":"https:\/\/atelierkhanrenew.ch\/en\/wp-json\/wp\/v2\/types\/page"}],"author":[{"embeddable":true,"href":"https:\/\/atelierkhanrenew.ch\/en\/wp-json\/wp\/v2\/users\/1"}],"replies":[{"embeddable":true,"href":"https:\/\/atelierkhanrenew.ch\/en\/wp-json\/wp\/v2\/comments?post=32715"}],"version-history":[{"count":212,"href":"https:\/\/atelierkhanrenew.ch\/en\/wp-json\/wp\/v2\/pages\/32715\/revisions"}],"predecessor-version":[{"id":33358,"href":"https:\/\/atelierkhanrenew.ch\/en\/wp-json\/wp\/v2\/pages\/32715\/revisions\/33358"}],"wp:attachment":[{"href":"https:\/\/atelierkhanrenew.ch\/en\/wp-json\/wp\/v2\/media?parent=32715"}],"curies":[{"name":"wp","href":"https:\/\/api.w.org\/{rel}","templated":true}]}}