{"id":31846,"date":"2023-12-27T16:46:49","date_gmt":"2023-12-27T15:46:49","guid":{"rendered":"https:\/\/atelierkhanrenew.ch\/?page_id=31846"},"modified":"2024-01-11T20:04:14","modified_gmt":"2024-01-11T19:04:14","slug":"the-warrior-analyse","status":"publish","type":"page","link":"https:\/\/atelierkhanrenew.ch\/en\/the-warrior-analyse\/","title":{"rendered":"the warrior : analyse"},"content":{"rendered":"<div data-elementor-type=\"wp-page\" data-elementor-id=\"31846\" class=\"elementor elementor-31846\">\n\t\t\t\t\t\t\t\t\t<section class=\"elementor-section elementor-top-section elementor-element elementor-element-cde67bd elementor-section-boxed elementor-section-height-default elementor-section-height-default\" data-id=\"cde67bd\" data-element_type=\"section\">\n\t\t\t\t\t\t<div class=\"elementor-container elementor-column-gap-default\">\n\t\t\t\t\t<div class=\"elementor-column elementor-col-100 elementor-top-column elementor-element elementor-element-115e0fb\" data-id=\"115e0fb\" data-element_type=\"column\">\n\t\t\t<div class=\"elementor-widget-wrap elementor-element-populated\">\n\t\t\t\t\t\t\t\t<div class=\"elementor-element elementor-element-62be543 elementor-widget elementor-widget-heading\" data-id=\"62be543\" data-element_type=\"widget\" data-widget_type=\"heading.default\">\n\t\t\t\t<div class=\"elementor-widget-container\">\n\t\t\t<h1 class=\"elementor-heading-title elementor-size-default\"><i>Analysis of the painting \"The Warrior\" by the artist ESENJ <\/i><\/h1>\t\t<\/div>\n\t\t\t\t<\/div>\n\t\t\t\t\t<\/div>\n\t\t<\/div>\n\t\t\t\t\t\t\t<\/div>\n\t\t<\/section>\n\t\t\t\t<section class=\"elementor-section elementor-top-section elementor-element elementor-element-d12a23b elementor-section-boxed elementor-section-height-default elementor-section-height-default\" data-id=\"d12a23b\" data-element_type=\"section\">\n\t\t\t\t\t\t<div class=\"elementor-container elementor-column-gap-default\">\n\t\t\t\t\t<div class=\"elementor-column elementor-col-100 elementor-top-column elementor-element elementor-element-9b0d605\" data-id=\"9b0d605\" data-element_type=\"column\">\n\t\t\t<div class=\"elementor-widget-wrap elementor-element-populated\">\n\t\t\t\t\t\t\t\t<div class=\"elementor-element elementor-element-ed67a01 elementor-widget elementor-widget-image\" data-id=\"ed67a01\" data-element_type=\"widget\" data-widget_type=\"image.default\">\n\t\t\t\t<div class=\"elementor-widget-container\">\n\t\t\t\t\t\t\t\t\t\t\t\t<figure class=\"wp-caption\">\n\t\t\t\t\t\t\t\t\t\t<img fetchpriority=\"high\" decoding=\"async\" width=\"767\" height=\"1024\" src=\"https:\/\/atelierkhanrenew.ch\/wp-content\/uploads\/2023\/01\/LA-GUERRIE-767x1024.png\" class=\"attachment-large size-large wp-image-31124\" alt=\"\" srcset=\"https:\/\/atelierkhanrenew.ch\/wp-content\/uploads\/2023\/01\/LA-GUERRIE-767x1024.png 767w, https:\/\/atelierkhanrenew.ch\/wp-content\/uploads\/2023\/01\/LA-GUERRIE-600x802.png 600w, https:\/\/atelierkhanrenew.ch\/wp-content\/uploads\/2023\/01\/LA-GUERRIE-225x300.png 225w, https:\/\/atelierkhanrenew.ch\/wp-content\/uploads\/2023\/01\/LA-GUERRIE-768x1026.png 768w, https:\/\/atelierkhanrenew.ch\/wp-content\/uploads\/2023\/01\/LA-GUERRIE-1150x1536.png 1150w, https:\/\/atelierkhanrenew.ch\/wp-content\/uploads\/2023\/01\/LA-GUERRIE-1533x2048.png 1533w, https:\/\/atelierkhanrenew.ch\/wp-content\/uploads\/2023\/01\/LA-GUERRIE-9x12.png 9w\" sizes=\"(max-width: 767px) 100vw, 767px\" \/>\t\t\t\t\t\t\t\t\t\t\t<figcaption class=\"widget-image-caption wp-caption-text\">The Warrior, ESENJ<\/figcaption>\n\t\t\t\t\t\t\t\t\t\t<\/figure>\n\t\t\t\t\t\t\t\t\t<\/div>\n\t\t\t\t<\/div>\n\t\t\t\t\t<\/div>\n\t\t<\/div>\n\t\t\t\t\t\t\t<\/div>\n\t\t<\/section>\n\t\t\t\t<section class=\"elementor-section elementor-top-section elementor-element elementor-element-e66f089 elementor-section-boxed elementor-section-height-default elementor-section-height-default\" data-id=\"e66f089\" data-element_type=\"section\">\n\t\t\t\t\t\t<div class=\"elementor-container elementor-column-gap-default\">\n\t\t\t\t\t<div class=\"elementor-column elementor-col-100 elementor-top-column elementor-element elementor-element-ff23ac9\" data-id=\"ff23ac9\" data-element_type=\"column\">\n\t\t\t<div class=\"elementor-widget-wrap elementor-element-populated\">\n\t\t\t\t\t\t\t\t<div class=\"elementor-element elementor-element-fd6b2ad elementor-widget elementor-widget-text-editor\" data-id=\"fd6b2ad\" data-element_type=\"widget\" data-widget_type=\"text-editor.default\">\n\t\t\t\t<div class=\"elementor-widget-container\">\n\t\t\t\t\t\t\t<p style=\"margin: 0cm 0cm 12pt; color: #222222; text-align: justify; line-height: 18pt; font-size: 12pt; font-family: Calibri;\" class=\" translation-block\">\"The Warrior\" pays tribute to those remarkable women who stand up every day to defend their rights, fight for justice, combat inequality, claim their freedom, and protect their families. The painting forcefully captures the unshakeable determination of this warrior, ready to fight for her convictions.<\/p><p style=\"margin: 0cm 0cm 12pt; color: #222222; text-align: justify; line-height: 18pt; font-size: 12pt; font-family: Calibri;\"><span style=\"font-family: Arial; color: black;\">At the center of the canvas, the warrior stands proudly, carrying her sword with grace and assurance. She is an imposing figure, symbolizing her inner strength and resilience in the face of adversity. Her crown, magnificently adorned in bright, vibrant colors, rests majestically on her head, affirming her status as leader and protector.<\/span><\/p><p style=\"margin: 0cm 0cm 12pt; color: #222222; text-align: justify; line-height: 18pt; font-size: 12pt; font-family: Calibri;\"><span style=\"font-family: Arial; color: black;\">The warrior sparkles strikingly in the ambient darkness of the painting. Her luminous presence, radiant energy and glowing aura contrast strikingly with the dark urban landscape in the background. This background represents the often oppressive daily reality faced by these women, a world marked by adversity, injustice, and the challenges they courageously face.<\/span><\/p><p style=\"margin: 0cm 0cm 12pt; color: #222222; text-align: justify; line-height: 18pt; font-size: 12pt; font-family: Calibri;\"><span style=\"font-family: Arial; color: black;\">The use of bright and vibrant colors to represent the warrior creates a powerful contrast, symbolizing the hope, boldness and determination she embodies. Each vivid tone evokes the inner flame that drives this warrior, her passion for the cause she defends and her unwavering will to create positive change.<\/span><\/p><p style=\"margin: 0cm 0cm 12pt; color: #222222; text-align: justify; line-height: 18pt; font-size: 12pt; font-family: Calibri;\"><i><span style=\"font-family: Arial; color: black;\">&#8220;<b>\"The Warrior\"<\/b>\u00a0<\/span><\/i><span style=\"font-family: Arial; color: black;\">is a thought-provoking work that inspires admiration for these extraordinary women who fight tenaciously to shape a better future. The work invites us to follow the example of all these women who defend their convictions and work for a fairer, more egalitarian world.<\/span><\/p><p style=\"margin: 0cm 0cm 12pt; color: #222222; text-align: justify; line-height: 18pt; font-size: 12pt; font-family: Calibri;\"><span style=\"font-family: Arial; color: black;\">Respect and admiration to all these women. They are an example to us all.<\/span><\/p><p style=\"margin: 0cm 0cm 12pt; color: #222222; text-align: justify; line-height: 18pt; font-size: 12pt; font-family: Calibri;\"><span style=\"font-family: Arial; color: black;\">\u00a0 \u00a0 \u00a0 \u00a0 \u00a0 \u00a0 \u00a0 \u00a0 \u00a0 \u00a0 \u00a0 \u00a0 \u00a0 \u00a0 \u00a0 \u00a0 \u00a0 \u00a0 \u00a0 \u00a0 \u00a0 \u00a0 \u00a0 \u00a0 \u00a0 \u00a0 \u00a0\u00a0<b>AKR<\/b><\/span><\/p>\t\t\t\t\t\t<\/div>\n\t\t\t\t<\/div>\n\t\t\t\t\t<\/div>\n\t\t<\/div>\n\t\t\t\t\t\t\t<\/div>\n\t\t<\/section>\n\t\t\t\t<section class=\"elementor-section elementor-top-section elementor-element elementor-element-1882b4c elementor-section-boxed elementor-section-height-default elementor-section-height-default\" data-id=\"1882b4c\" data-element_type=\"section\">\n\t\t\t\t\t\t<div class=\"elementor-container elementor-column-gap-default\">\n\t\t\t\t\t<div class=\"elementor-column elementor-col-100 elementor-top-column elementor-element elementor-element-3833066\" data-id=\"3833066\" data-element_type=\"column\">\n\t\t\t<div class=\"elementor-widget-wrap elementor-element-populated\">\n\t\t\t\t\t\t\t\t<div class=\"elementor-element elementor-element-ec8a37e elementor-widget-divider--view-line elementor-widget elementor-widget-divider\" data-id=\"ec8a37e\" data-element_type=\"widget\" data-widget_type=\"divider.default\">\n\t\t\t\t<div class=\"elementor-widget-container\">\n\t\t\t\t\t<div class=\"elementor-divider\">\n\t\t\t<span class=\"elementor-divider-separator\">\n\t\t\t\t\t\t<\/span>\n\t\t<\/div>\n\t\t\t\t<\/div>\n\t\t\t\t<\/div>\n\t\t\t\t\t<\/div>\n\t\t<\/div>\n\t\t\t\t\t\t\t<\/div>\n\t\t<\/section>\n\t\t\t\t\t\t\t<\/div>","protected":false},"excerpt":{"rendered":"<p>Analyse du tableau &#8220;Warrior&#8221; de l&#8217;artiste ESENJ The Warrior, ESENJ &#8220;The Warrior&#8221;\u00a0rend hommage \u00e0 ces femmes remarquables qui se l\u00e8vent chaque jour pour d\u00e9fendre leurs droits, lutter pour la justice, combattre les in\u00e9galit\u00e9s, revendiquer leur libert\u00e9 et prot\u00e9ger leurs familles. L&#8217;\u0153uvre capte avec force la d\u00e9termination in\u00e9branlable de cette guerri\u00e8re, pr\u00eate \u00e0 se battre pour&hellip;&nbsp;<a href=\"https:\/\/atelierkhanrenew.ch\/en\/the-warrior-analyse\/\" class=\"\" rel=\"bookmark\">Read More &raquo;<span class=\"screen-reader-text\">the warrior : analyse<\/span><\/a><\/p>","protected":false},"author":1,"featured_media":0,"parent":0,"menu_order":0,"comment_status":"closed","ping_status":"closed","template":"page-templates\/template-pagebuilder-full-width.php","meta":{"_uag_custom_page_level_css":"","neve_meta_sidebar":"","neve_meta_container":"","neve_meta_enable_content_width":"","neve_meta_content_width":0,"neve_meta_title_alignment":"","neve_meta_author_avatar":"","neve_post_elements_order":"","neve_meta_disable_header":"","neve_meta_disable_footer":"","neve_meta_disable_title":"","ngg_post_thumbnail":0,"footnotes":""},"class_list":["post-31846","page","type-page","status-publish","hentry"],"yoast_head":"<!-- This site is optimized with the Yoast SEO plugin v21.8 - https:\/\/yoast.com\/wordpress\/plugins\/seo\/ -->\n<title>the warrior : analyse - Atelier Khan Renew<\/title>\n<meta name=\"robots\" content=\"index, follow, max-snippet:-1, max-image-preview:large, max-video-preview:-1\" \/>\n<link rel=\"canonical\" href=\"https:\/\/atelierkhanrenew.ch\/en\/the-warrior-analyse\/\" \/>\n<meta property=\"og:locale\" content=\"en_US\" \/>\n<meta property=\"og:type\" content=\"article\" \/>\n<meta property=\"og:title\" content=\"the warrior : analyse - Atelier Khan Renew\" \/>\n<meta property=\"og:description\" content=\"Analyse du tableau &#8220;Warrior&#8221; de l&#8217;artiste ESENJ The Warrior, ESENJ &#8220;The Warrior&#8221;\u00a0rend hommage \u00e0 ces femmes remarquables qui se l\u00e8vent chaque jour pour d\u00e9fendre leurs droits, lutter pour la justice, combattre les in\u00e9galit\u00e9s, revendiquer leur libert\u00e9 et prot\u00e9ger leurs familles. L&#8217;\u0153uvre capte avec force la d\u00e9termination in\u00e9branlable de cette guerri\u00e8re, pr\u00eate \u00e0 se battre pour&hellip;&nbsp;Read More &raquo;the warrior : analyse\" \/>\n<meta property=\"og:url\" content=\"https:\/\/atelierkhanrenew.ch\/en\/the-warrior-analyse\/\" \/>\n<meta property=\"og:site_name\" content=\"Atelier Khan Renew\" \/>\n<meta property=\"article:publisher\" content=\"https:\/\/www.facebook.com\/atelierkhanrenew\" \/>\n<meta property=\"article:modified_time\" content=\"2024-01-11T19:04:14+00:00\" \/>\n<meta property=\"og:image\" content=\"https:\/\/atelierkhanrenew.ch\/wp-content\/uploads\/2023\/01\/LA-GUERRIE-767x1024.png\" \/>\n<meta name=\"twitter:card\" content=\"summary_large_image\" \/>\n<meta name=\"twitter:label1\" content=\"Est. reading time\" \/>\n\t<meta name=\"twitter:data1\" content=\"2 minutes\" \/>\n<script type=\"application\/ld+json\" class=\"yoast-schema-graph\">{\"@context\":\"https:\/\/schema.org\",\"@graph\":[{\"@type\":\"WebPage\",\"@id\":\"https:\/\/atelierkhanrenew.ch\/the-warrior-analyse\/\",\"url\":\"https:\/\/atelierkhanrenew.ch\/the-warrior-analyse\/\",\"name\":\"the warrior : analyse - Atelier Khan Renew\",\"isPartOf\":{\"@id\":\"https:\/\/atelierkhanrenew.ch\/#website\"},\"datePublished\":\"2023-12-27T15:46:49+00:00\",\"dateModified\":\"2024-01-11T19:04:14+00:00\",\"breadcrumb\":{\"@id\":\"https:\/\/atelierkhanrenew.ch\/the-warrior-analyse\/#breadcrumb\"},\"inLanguage\":\"en-US\",\"potentialAction\":[{\"@type\":\"ReadAction\",\"target\":[\"https:\/\/atelierkhanrenew.ch\/the-warrior-analyse\/\"]}]},{\"@type\":\"BreadcrumbList\",\"@id\":\"https:\/\/atelierkhanrenew.ch\/the-warrior-analyse\/#breadcrumb\",\"itemListElement\":[{\"@type\":\"ListItem\",\"position\":1,\"name\":\"Accueil\",\"item\":\"https:\/\/atelierkhanrenew.ch\/\"},{\"@type\":\"ListItem\",\"position\":2,\"name\":\"the warrior : analyse\"}]},{\"@type\":\"WebSite\",\"@id\":\"https:\/\/atelierkhanrenew.ch\/#website\",\"url\":\"https:\/\/atelierkhanrenew.ch\/\",\"name\":\"Atelier Khan Renew\",\"description\":\"\",\"publisher\":{\"@id\":\"https:\/\/atelierkhanrenew.ch\/#organization\"},\"potentialAction\":[{\"@type\":\"SearchAction\",\"target\":{\"@type\":\"EntryPoint\",\"urlTemplate\":\"https:\/\/atelierkhanrenew.ch\/?s={search_term_string}\"},\"query-input\":\"required name=search_term_string\"}],\"inLanguage\":\"en-US\"},{\"@type\":\"Organization\",\"@id\":\"https:\/\/atelierkhanrenew.ch\/#organization\",\"name\":\"Atelier Khan Renew\",\"url\":\"https:\/\/atelierkhanrenew.ch\/\",\"logo\":{\"@type\":\"ImageObject\",\"inLanguage\":\"en-US\",\"@id\":\"https:\/\/atelierkhanrenew.ch\/#\/schema\/logo\/image\/\",\"url\":\"https:\/\/atelierkhanrenew.ch\/wp-content\/uploads\/2021\/03\/cropped-Logo-Akr-vectorise\u0301-png-1-e1619189313608.png\",\"contentUrl\":\"https:\/\/atelierkhanrenew.ch\/wp-content\/uploads\/2021\/03\/cropped-Logo-Akr-vectorise\u0301-png-1-e1619189313608.png\",\"width\":512,\"height\":479,\"caption\":\"Atelier Khan Renew\"},\"image\":{\"@id\":\"https:\/\/atelierkhanrenew.ch\/#\/schema\/logo\/image\/\"},\"sameAs\":[\"https:\/\/www.facebook.com\/atelierkhanrenew\",\"https:\/\/www.instagram.com\/akr_compteofficiel\/?hl=fr\",\"https:\/\/www.pinterest.fr\/Atelierkhanrenew\"]}]}<\/script>\n<!-- \/ Yoast SEO plugin. -->","yoast_head_json":{"title":"the warrior : analyse - Atelier Khan Renew","robots":{"index":"index","follow":"follow","max-snippet":"max-snippet:-1","max-image-preview":"max-image-preview:large","max-video-preview":"max-video-preview:-1"},"canonical":"https:\/\/atelierkhanrenew.ch\/en\/the-warrior-analyse\/","og_locale":"en_US","og_type":"article","og_title":"the warrior : analyse - Atelier Khan Renew","og_description":"Analyse du tableau &#8220;Warrior&#8221; de l&#8217;artiste ESENJ The Warrior, ESENJ &#8220;The Warrior&#8221;\u00a0rend hommage \u00e0 ces femmes remarquables qui se l\u00e8vent chaque jour pour d\u00e9fendre leurs droits, lutter pour la justice, combattre les in\u00e9galit\u00e9s, revendiquer leur libert\u00e9 et prot\u00e9ger leurs familles. L&#8217;\u0153uvre capte avec force la d\u00e9termination in\u00e9branlable de cette guerri\u00e8re, pr\u00eate \u00e0 se battre pour&hellip;&nbsp;Read More &raquo;the warrior : analyse","og_url":"https:\/\/atelierkhanrenew.ch\/en\/the-warrior-analyse\/","og_site_name":"Atelier Khan Renew","article_publisher":"https:\/\/www.facebook.com\/atelierkhanrenew","article_modified_time":"2024-01-11T19:04:14+00:00","og_image":[{"url":"https:\/\/atelierkhanrenew.ch\/wp-content\/uploads\/2023\/01\/LA-GUERRIE-767x1024.png"}],"twitter_card":"summary_large_image","twitter_misc":{"Est. reading time":"2 minutes"},"schema":{"@context":"https:\/\/schema.org","@graph":[{"@type":"WebPage","@id":"https:\/\/atelierkhanrenew.ch\/the-warrior-analyse\/","url":"https:\/\/atelierkhanrenew.ch\/the-warrior-analyse\/","name":"the warrior : analyse - Atelier Khan Renew","isPartOf":{"@id":"https:\/\/atelierkhanrenew.ch\/#website"},"datePublished":"2023-12-27T15:46:49+00:00","dateModified":"2024-01-11T19:04:14+00:00","breadcrumb":{"@id":"https:\/\/atelierkhanrenew.ch\/the-warrior-analyse\/#breadcrumb"},"inLanguage":"en-US","potentialAction":[{"@type":"ReadAction","target":["https:\/\/atelierkhanrenew.ch\/the-warrior-analyse\/"]}]},{"@type":"BreadcrumbList","@id":"https:\/\/atelierkhanrenew.ch\/the-warrior-analyse\/#breadcrumb","itemListElement":[{"@type":"ListItem","position":1,"name":"Accueil","item":"https:\/\/atelierkhanrenew.ch\/"},{"@type":"ListItem","position":2,"name":"the warrior : analyse"}]},{"@type":"WebSite","@id":"https:\/\/atelierkhanrenew.ch\/#website","url":"https:\/\/atelierkhanrenew.ch\/","name":"Atelier Khan Renew","description":"","publisher":{"@id":"https:\/\/atelierkhanrenew.ch\/#organization"},"potentialAction":[{"@type":"SearchAction","target":{"@type":"EntryPoint","urlTemplate":"https:\/\/atelierkhanrenew.ch\/?s={search_term_string}"},"query-input":"required name=search_term_string"}],"inLanguage":"en-US"},{"@type":"Organization","@id":"https:\/\/atelierkhanrenew.ch\/#organization","name":"Atelier Khan Renew","url":"https:\/\/atelierkhanrenew.ch\/","logo":{"@type":"ImageObject","inLanguage":"en-US","@id":"https:\/\/atelierkhanrenew.ch\/#\/schema\/logo\/image\/","url":"https:\/\/atelierkhanrenew.ch\/wp-content\/uploads\/2021\/03\/cropped-Logo-Akr-vectorise\u0301-png-1-e1619189313608.png","contentUrl":"https:\/\/atelierkhanrenew.ch\/wp-content\/uploads\/2021\/03\/cropped-Logo-Akr-vectorise\u0301-png-1-e1619189313608.png","width":512,"height":479,"caption":"Atelier Khan Renew"},"image":{"@id":"https:\/\/atelierkhanrenew.ch\/#\/schema\/logo\/image\/"},"sameAs":["https:\/\/www.facebook.com\/atelierkhanrenew","https:\/\/www.instagram.com\/akr_compteofficiel\/?hl=fr","https:\/\/www.pinterest.fr\/Atelierkhanrenew"]}]}},"uagb_featured_image_src":{"full":false,"thumbnail":false,"medium":false,"medium_large":false,"large":false,"1536x1536":false,"2048x2048":false,"trp-custom-language-flag":false,"neve-blog":false,"woocommerce_thumbnail":false,"woocommerce_single":false,"woocommerce_gallery_thumbnail":false},"uagb_author_info":{"display_name":"shaima.k888@gmail.com","author_link":"https:\/\/atelierkhanrenew.ch\/en\/author\/shaima-k888gmail-com\/"},"uagb_comment_info":0,"uagb_excerpt":"Analyse du tableau &#8220;Warrior&#8221; de l&#8217;artiste ESENJ The Warrior, ESENJ &#8220;The Warrior&#8221;\u00a0rend hommage \u00e0 ces femmes remarquables qui se l\u00e8vent chaque jour pour d\u00e9fendre leurs droits, lutter pour la justice, combattre les in\u00e9galit\u00e9s, revendiquer leur libert\u00e9 et prot\u00e9ger leurs familles. L&#8217;\u0153uvre capte avec force la d\u00e9termination in\u00e9branlable de cette guerri\u00e8re, pr\u00eate \u00e0 se battre pour&hellip;&nbsp;Read&hellip;","_links":{"self":[{"href":"https:\/\/atelierkhanrenew.ch\/en\/wp-json\/wp\/v2\/pages\/31846","targetHints":{"allow":["GET"]}}],"collection":[{"href":"https:\/\/atelierkhanrenew.ch\/en\/wp-json\/wp\/v2\/pages"}],"about":[{"href":"https:\/\/atelierkhanrenew.ch\/en\/wp-json\/wp\/v2\/types\/page"}],"author":[{"embeddable":true,"href":"https:\/\/atelierkhanrenew.ch\/en\/wp-json\/wp\/v2\/users\/1"}],"replies":[{"embeddable":true,"href":"https:\/\/atelierkhanrenew.ch\/en\/wp-json\/wp\/v2\/comments?post=31846"}],"version-history":[{"count":16,"href":"https:\/\/atelierkhanrenew.ch\/en\/wp-json\/wp\/v2\/pages\/31846\/revisions"}],"predecessor-version":[{"id":32329,"href":"https:\/\/atelierkhanrenew.ch\/en\/wp-json\/wp\/v2\/pages\/31846\/revisions\/32329"}],"wp:attachment":[{"href":"https:\/\/atelierkhanrenew.ch\/en\/wp-json\/wp\/v2\/media?parent=31846"}],"curies":[{"name":"wp","href":"https:\/\/api.w.org\/{rel}","templated":true}]}}