{"id":31746,"date":"2023-12-11T16:57:45","date_gmt":"2023-12-11T15:57:45","guid":{"rendered":"https:\/\/atelierkhanrenew.ch\/?page_id=31746"},"modified":"2024-01-11T20:03:57","modified_gmt":"2024-01-11T19:03:57","slug":"the-spectactors","status":"publish","type":"page","link":"https:\/\/atelierkhanrenew.ch\/en\/the-spectactors\/","title":{"rendered":"The Spectactors"},"content":{"rendered":"<div data-elementor-type=\"wp-page\" data-elementor-id=\"31746\" class=\"elementor elementor-31746\">\n\t\t\t\t\t\t\t\t\t<section class=\"elementor-section elementor-top-section elementor-element elementor-element-3893caa elementor-section-boxed elementor-section-height-default elementor-section-height-default\" data-id=\"3893caa\" data-element_type=\"section\">\n\t\t\t\t\t\t<div class=\"elementor-container elementor-column-gap-default\">\n\t\t\t\t\t<div class=\"elementor-column elementor-col-100 elementor-top-column elementor-element elementor-element-77dee96\" data-id=\"77dee96\" data-element_type=\"column\">\n\t\t\t<div class=\"elementor-widget-wrap elementor-element-populated\">\n\t\t\t\t\t\t\t\t<div class=\"elementor-element elementor-element-1dd7361 elementor-widget elementor-widget-heading\" data-id=\"1dd7361\" data-element_type=\"widget\" data-widget_type=\"heading.default\">\n\t\t\t\t<div class=\"elementor-widget-container\">\n\t\t\t<h1 class=\"elementor-heading-title elementor-size-default\"><i>The Spectactors<\/i><\/h1>\t\t<\/div>\n\t\t\t\t<\/div>\n\t\t\t\t\t<\/div>\n\t\t<\/div>\n\t\t\t\t\t\t\t<\/div>\n\t\t<\/section>\n\t\t\t\t<section class=\"elementor-section elementor-top-section elementor-element elementor-element-9ef32eb elementor-section-boxed elementor-section-height-default elementor-section-height-default\" data-id=\"9ef32eb\" data-element_type=\"section\">\n\t\t\t\t\t\t<div class=\"elementor-container elementor-column-gap-default\">\n\t\t\t\t\t<div class=\"elementor-column elementor-col-100 elementor-top-column elementor-element elementor-element-5bb1abb\" data-id=\"5bb1abb\" data-element_type=\"column\">\n\t\t\t<div class=\"elementor-widget-wrap elementor-element-populated\">\n\t\t\t\t\t\t\t\t<div class=\"elementor-element elementor-element-1e2b6f5 elementor-widget elementor-widget-image\" data-id=\"1e2b6f5\" data-element_type=\"widget\" data-widget_type=\"image.default\">\n\t\t\t\t<div class=\"elementor-widget-container\">\n\t\t\t\t\t\t\t\t\t\t\t\t<figure class=\"wp-caption\">\n\t\t\t\t\t\t\t\t\t\t<img fetchpriority=\"high\" decoding=\"async\" width=\"1024\" height=\"773\" src=\"https:\/\/atelierkhanrenew.ch\/wp-content\/uploads\/2023\/01\/SPECT-1024x773.jpg\" class=\"attachment-large size-large wp-image-31136\" alt=\"\" srcset=\"https:\/\/atelierkhanrenew.ch\/wp-content\/uploads\/2023\/01\/SPECT-1024x773.jpg 1024w, https:\/\/atelierkhanrenew.ch\/wp-content\/uploads\/2023\/01\/SPECT-scaled-600x453.jpg 600w, https:\/\/atelierkhanrenew.ch\/wp-content\/uploads\/2023\/01\/SPECT-300x226.jpg 300w, https:\/\/atelierkhanrenew.ch\/wp-content\/uploads\/2023\/01\/SPECT-768x580.jpg 768w, https:\/\/atelierkhanrenew.ch\/wp-content\/uploads\/2023\/01\/SPECT-1536x1159.jpg 1536w, https:\/\/atelierkhanrenew.ch\/wp-content\/uploads\/2023\/01\/SPECT-2048x1546.jpg 2048w, https:\/\/atelierkhanrenew.ch\/wp-content\/uploads\/2023\/01\/SPECT-16x12.jpg 16w\" sizes=\"(max-width: 1024px) 100vw, 1024px\" \/>\t\t\t\t\t\t\t\t\t\t\t<figcaption class=\"widget-image-caption wp-caption-text\">The Spectactors, ESENJ<\/figcaption>\n\t\t\t\t\t\t\t\t\t\t<\/figure>\n\t\t\t\t\t\t\t\t\t<\/div>\n\t\t\t\t<\/div>\n\t\t\t\t\t<\/div>\n\t\t<\/div>\n\t\t\t\t\t\t\t<\/div>\n\t\t<\/section>\n\t\t\t\t<section class=\"elementor-section elementor-top-section elementor-element elementor-element-0c01dc6 elementor-section-boxed elementor-section-height-default elementor-section-height-default\" data-id=\"0c01dc6\" data-element_type=\"section\">\n\t\t\t\t\t\t<div class=\"elementor-container elementor-column-gap-default\">\n\t\t\t\t\t<div class=\"elementor-column elementor-col-100 elementor-top-column elementor-element elementor-element-16ce306\" data-id=\"16ce306\" data-element_type=\"column\">\n\t\t\t<div class=\"elementor-widget-wrap elementor-element-populated\">\n\t\t\t\t\t\t\t\t<div class=\"elementor-element elementor-element-362542d elementor-widget elementor-widget-text-editor\" data-id=\"362542d\" data-element_type=\"widget\" data-widget_type=\"text-editor.default\">\n\t\t\t\t<div class=\"elementor-widget-container\">\n\t\t\t\t\t\t\t<p style=\"margin: 0cm 0cm 0.0001pt; font-size: 12pt; font-family: Calibri; font-weight: 400;\"><span style=\"font-family: Arial;\">Today, our hearts clench at the extent of the passivity that seems to be gripping our society. We are content to observe, silent spectators, instead of acting in the face of the horrors unfolding around us. This collective passivity, this reluctance to intervene in the face of tragic events, plunges us into a dark complicity with the injustices that befall our fellow human beings.<\/span><\/p>\n<p style=\"margin: 0cm 0cm 0.0001pt; font-size: 12pt; font-family: Calibri; font-weight: 400;\"><span style=\"font-family: Arial;\">&nbsp;<\/span><\/p>\n<p style=\"margin: 0cm 0cm 0.0001pt; font-size: 12pt; font-family: Calibri; font-weight: 400;\"><span style=\"font-family: Arial;\">It is this complicity that sometimes leads us to feel a boiling hatred, a revolt that rumbles deep within our being, and a despair that darkens our horizon. It seems that the world has lost its compassion, that humanity is gradually being replaced by indifference. The rights of the oppressed are trampled underfoot, the exploited remain defenseless, the persecuted and harassed cry out in silence, and all too often, we look away.<\/span><\/p>\n<p style=\"margin: 0cm 0cm 0.0001pt; font-size: 12pt; font-family: Calibri; font-weight: 400;\"><span style=\"font-family: Arial;\">&nbsp;<\/span><\/p>\n<p style=\"margin: 0cm 0cm 0.0001pt; font-size: 12pt; font-family: Calibri; font-weight: 400;\"><span style=\"font-family: Arial;\">But we must never forget our duty to humanity. We must work together, hand in hand, for justice, peace and equality. It is imperative that we stand up to protect every being, whatever their rank, ethnicity, religion or differences. We can no longer afford to turn a blind eye to the atrocities unfolding before our very eyes.<\/span><\/p>\n<p style=\"margin: 0cm 0cm 0.0001pt; font-size: 12pt; font-family: Calibri; font-weight: 400;\"><span style=\"font-family: Arial;\">&nbsp;<\/span><\/p>\n<p style=\"margin: 0cm 0cm 0.0001pt; font-size: 12pt; font-family: Calibri; font-weight: 400;\"><span style=\"font-family: Arial;\">Let's remember that inaction, the mere act of being a spectator, is tantamount to tacit complicity. Our watchword must be the preservation of our humanity, ensuring that it triumphs above all else. Humanity must be our beacon in this sometimes dark world, our moral compass guiding us towards a future of compassion and solidarity. It is by acting, by refusing to remain spectators, that we can change the course of things and bring hope back to a world that so desperately needs it.<\/span><i style=\"font-family: Arial; font-size: 12pt; color: var( --e-global-color-primary ); font-weight: var( --e-global-typography-primary-font-weight ); background-color: var(--nv-site-bg);\">&nbsp; &nbsp; &nbsp; &nbsp; &nbsp; &nbsp; &nbsp; &nbsp; &nbsp; &nbsp; &nbsp; &nbsp; &nbsp; &nbsp; &nbsp; &nbsp; &nbsp; &nbsp; &nbsp; &nbsp; &nbsp; &nbsp; &nbsp; &nbsp; &nbsp; &nbsp; &nbsp; &nbsp; &nbsp; &nbsp; &nbsp; &nbsp; &nbsp; &nbsp; &nbsp; &nbsp; &nbsp; &nbsp; &nbsp; &nbsp; &nbsp; &nbsp; &nbsp; &nbsp; &nbsp; &nbsp; &nbsp; &nbsp; &nbsp; &nbsp; &nbsp; &nbsp; &nbsp; &nbsp; &nbsp; &nbsp; &nbsp; &nbsp; &nbsp; &nbsp; &nbsp; &nbsp; &nbsp; &nbsp; &nbsp;<\/i><\/p>\n<p style=\"margin: 0cm 0cm 0.0001pt; font-size: 12pt; font-family: Calibri; font-weight: 400;\"><i style=\"font-family: Arial; font-size: 12pt; color: var( --e-global-color-primary ); font-weight: var( --e-global-typography-primary-font-weight ); background-color: var(--nv-site-bg);\">&nbsp; &nbsp; &nbsp; &nbsp; &nbsp; &nbsp; &nbsp; &nbsp; &nbsp; &nbsp; &nbsp; &nbsp; &nbsp; &nbsp; &nbsp; &nbsp; &nbsp; &nbsp; &nbsp; &nbsp; &nbsp; &nbsp; &nbsp; &nbsp; &nbsp; &nbsp; &nbsp; &nbsp; &nbsp; &nbsp; &nbsp; &nbsp; &nbsp; &nbsp; &nbsp; &nbsp; &nbsp; &nbsp; &nbsp; &nbsp; &nbsp; &nbsp; &nbsp; &nbsp; &nbsp; &nbsp; &nbsp; &nbsp; &nbsp; &nbsp; &nbsp; &nbsp; &nbsp; &nbsp; &nbsp; &nbsp; &nbsp; &nbsp; &nbsp; &nbsp; &nbsp; &nbsp; &nbsp; &nbsp; &nbsp; &nbsp; &nbsp; &nbsp; &nbsp; &nbsp; &nbsp; &nbsp; &nbsp; &nbsp; &nbsp; &nbsp; &nbsp; &nbsp; &nbsp; &nbsp; &nbsp; &nbsp; &nbsp; &nbsp; &nbsp; &nbsp; &nbsp; &nbsp; &nbsp; &nbsp; &nbsp; ESENJ<\/i><\/p>\t\t\t\t\t\t<\/div>\n\t\t\t\t<\/div>\n\t\t\t\t\t<\/div>\n\t\t<\/div>\n\t\t\t\t\t\t\t<\/div>\n\t\t<\/section>\n\t\t\t\t<section class=\"elementor-section elementor-top-section elementor-element elementor-element-76e7bbe elementor-section-boxed elementor-section-height-default elementor-section-height-default\" data-id=\"76e7bbe\" data-element_type=\"section\">\n\t\t\t\t\t\t<div class=\"elementor-container elementor-column-gap-default\">\n\t\t\t\t\t<div class=\"elementor-column elementor-col-100 elementor-top-column elementor-element elementor-element-f49d256\" data-id=\"f49d256\" data-element_type=\"column\">\n\t\t\t<div class=\"elementor-widget-wrap elementor-element-populated\">\n\t\t\t\t\t\t\t\t<div class=\"elementor-element elementor-element-7909e46 elementor-widget-divider--view-line elementor-widget elementor-widget-divider\" data-id=\"7909e46\" data-element_type=\"widget\" data-widget_type=\"divider.default\">\n\t\t\t\t<div class=\"elementor-widget-container\">\n\t\t\t\t\t<div class=\"elementor-divider\">\n\t\t\t<span class=\"elementor-divider-separator\">\n\t\t\t\t\t\t<\/span>\n\t\t<\/div>\n\t\t\t\t<\/div>\n\t\t\t\t<\/div>\n\t\t\t\t\t<\/div>\n\t\t<\/div>\n\t\t\t\t\t\t\t<\/div>\n\t\t<\/section>\n\t\t\t\t\t\t\t<\/div>","protected":false},"excerpt":{"rendered":"<p>The Spectactors The Spectactors, ESENJ Aujourd&#8217;hui, nos c\u0153urs se serrent devant l&#8217;ampleur de la passivit\u00e9 qui semble s&#8217;emparer de notre soci\u00e9t\u00e9. Nous nous contentons d&#8217;observer, spectateurs silencieux, au lieu d&#8217;agir face aux horreurs qui se d\u00e9roulent autour de nous. Cette passivit\u00e9 collective, cette r\u00e9ticence \u00e0 intervenir envers des \u00e9v\u00e9nements tragiques, nous plongent dans une sombre&hellip;&nbsp;<a href=\"https:\/\/atelierkhanrenew.ch\/en\/the-spectactors\/\" class=\"\" rel=\"bookmark\">Read More &raquo;<span class=\"screen-reader-text\">The Spectactors<\/span><\/a><\/p>","protected":false},"author":1,"featured_media":0,"parent":0,"menu_order":0,"comment_status":"closed","ping_status":"closed","template":"page-templates\/template-pagebuilder-full-width.php","meta":{"_uag_custom_page_level_css":"","neve_meta_sidebar":"full-width","neve_meta_container":"","neve_meta_enable_content_width":"on","neve_meta_content_width":100,"neve_meta_title_alignment":"","neve_meta_author_avatar":"","neve_post_elements_order":"","neve_meta_disable_header":"","neve_meta_disable_footer":"","neve_meta_disable_title":"","ngg_post_thumbnail":0,"footnotes":""},"class_list":["post-31746","page","type-page","status-publish","hentry"],"yoast_head":"<!-- This site is optimized with the Yoast SEO plugin v21.8 - https:\/\/yoast.com\/wordpress\/plugins\/seo\/ -->\n<title>The Spectactors - Atelier Khan Renew<\/title>\n<meta name=\"robots\" content=\"index, follow, max-snippet:-1, max-image-preview:large, max-video-preview:-1\" \/>\n<link rel=\"canonical\" href=\"https:\/\/atelierkhanrenew.ch\/en\/the-spectactors\/\" \/>\n<meta property=\"og:locale\" content=\"en_US\" \/>\n<meta property=\"og:type\" content=\"article\" \/>\n<meta property=\"og:title\" content=\"The Spectactors - Atelier Khan Renew\" \/>\n<meta property=\"og:description\" content=\"The Spectactors The Spectactors, ESENJ Aujourd&#8217;hui, nos c\u0153urs se serrent devant l&#8217;ampleur de la passivit\u00e9 qui semble s&#8217;emparer de notre soci\u00e9t\u00e9. Nous nous contentons d&#8217;observer, spectateurs silencieux, au lieu d&#8217;agir face aux horreurs qui se d\u00e9roulent autour de nous. Cette passivit\u00e9 collective, cette r\u00e9ticence \u00e0 intervenir envers des \u00e9v\u00e9nements tragiques, nous plongent dans une sombre&hellip;&nbsp;Read More &raquo;The Spectactors\" \/>\n<meta property=\"og:url\" content=\"https:\/\/atelierkhanrenew.ch\/en\/the-spectactors\/\" \/>\n<meta property=\"og:site_name\" content=\"Atelier Khan Renew\" \/>\n<meta property=\"article:publisher\" content=\"https:\/\/www.facebook.com\/atelierkhanrenew\" \/>\n<meta property=\"article:modified_time\" content=\"2024-01-11T19:03:57+00:00\" \/>\n<meta property=\"og:image\" content=\"https:\/\/atelierkhanrenew.ch\/wp-content\/uploads\/2023\/01\/SPECT-1024x773.jpg\" \/>\n<meta name=\"twitter:card\" content=\"summary_large_image\" \/>\n<meta name=\"twitter:label1\" content=\"Est. reading time\" \/>\n\t<meta name=\"twitter:data1\" content=\"2 minutes\" \/>\n<script type=\"application\/ld+json\" class=\"yoast-schema-graph\">{\"@context\":\"https:\/\/schema.org\",\"@graph\":[{\"@type\":\"WebPage\",\"@id\":\"https:\/\/atelierkhanrenew.ch\/the-spectactors\/\",\"url\":\"https:\/\/atelierkhanrenew.ch\/the-spectactors\/\",\"name\":\"The Spectactors - Atelier Khan Renew\",\"isPartOf\":{\"@id\":\"https:\/\/atelierkhanrenew.ch\/#website\"},\"datePublished\":\"2023-12-11T15:57:45+00:00\",\"dateModified\":\"2024-01-11T19:03:57+00:00\",\"breadcrumb\":{\"@id\":\"https:\/\/atelierkhanrenew.ch\/the-spectactors\/#breadcrumb\"},\"inLanguage\":\"en-US\",\"potentialAction\":[{\"@type\":\"ReadAction\",\"target\":[\"https:\/\/atelierkhanrenew.ch\/the-spectactors\/\"]}]},{\"@type\":\"BreadcrumbList\",\"@id\":\"https:\/\/atelierkhanrenew.ch\/the-spectactors\/#breadcrumb\",\"itemListElement\":[{\"@type\":\"ListItem\",\"position\":1,\"name\":\"Accueil\",\"item\":\"https:\/\/atelierkhanrenew.ch\/\"},{\"@type\":\"ListItem\",\"position\":2,\"name\":\"The Spectactors\"}]},{\"@type\":\"WebSite\",\"@id\":\"https:\/\/atelierkhanrenew.ch\/#website\",\"url\":\"https:\/\/atelierkhanrenew.ch\/\",\"name\":\"Atelier Khan Renew\",\"description\":\"\",\"publisher\":{\"@id\":\"https:\/\/atelierkhanrenew.ch\/#organization\"},\"potentialAction\":[{\"@type\":\"SearchAction\",\"target\":{\"@type\":\"EntryPoint\",\"urlTemplate\":\"https:\/\/atelierkhanrenew.ch\/?s={search_term_string}\"},\"query-input\":\"required name=search_term_string\"}],\"inLanguage\":\"en-US\"},{\"@type\":\"Organization\",\"@id\":\"https:\/\/atelierkhanrenew.ch\/#organization\",\"name\":\"Atelier Khan Renew\",\"url\":\"https:\/\/atelierkhanrenew.ch\/\",\"logo\":{\"@type\":\"ImageObject\",\"inLanguage\":\"en-US\",\"@id\":\"https:\/\/atelierkhanrenew.ch\/#\/schema\/logo\/image\/\",\"url\":\"https:\/\/atelierkhanrenew.ch\/wp-content\/uploads\/2021\/03\/cropped-Logo-Akr-vectorise\u0301-png-1-e1619189313608.png\",\"contentUrl\":\"https:\/\/atelierkhanrenew.ch\/wp-content\/uploads\/2021\/03\/cropped-Logo-Akr-vectorise\u0301-png-1-e1619189313608.png\",\"width\":512,\"height\":479,\"caption\":\"Atelier Khan Renew\"},\"image\":{\"@id\":\"https:\/\/atelierkhanrenew.ch\/#\/schema\/logo\/image\/\"},\"sameAs\":[\"https:\/\/www.facebook.com\/atelierkhanrenew\",\"https:\/\/www.instagram.com\/akr_compteofficiel\/?hl=fr\",\"https:\/\/www.pinterest.fr\/Atelierkhanrenew\"]}]}<\/script>\n<!-- \/ Yoast SEO plugin. -->","yoast_head_json":{"title":"The Spectactors - Atelier Khan Renew","robots":{"index":"index","follow":"follow","max-snippet":"max-snippet:-1","max-image-preview":"max-image-preview:large","max-video-preview":"max-video-preview:-1"},"canonical":"https:\/\/atelierkhanrenew.ch\/en\/the-spectactors\/","og_locale":"en_US","og_type":"article","og_title":"The Spectactors - Atelier Khan Renew","og_description":"The Spectactors The Spectactors, ESENJ Aujourd&#8217;hui, nos c\u0153urs se serrent devant l&#8217;ampleur de la passivit\u00e9 qui semble s&#8217;emparer de notre soci\u00e9t\u00e9. Nous nous contentons d&#8217;observer, spectateurs silencieux, au lieu d&#8217;agir face aux horreurs qui se d\u00e9roulent autour de nous. Cette passivit\u00e9 collective, cette r\u00e9ticence \u00e0 intervenir envers des \u00e9v\u00e9nements tragiques, nous plongent dans une sombre&hellip;&nbsp;Read More &raquo;The Spectactors","og_url":"https:\/\/atelierkhanrenew.ch\/en\/the-spectactors\/","og_site_name":"Atelier Khan Renew","article_publisher":"https:\/\/www.facebook.com\/atelierkhanrenew","article_modified_time":"2024-01-11T19:03:57+00:00","og_image":[{"url":"https:\/\/atelierkhanrenew.ch\/wp-content\/uploads\/2023\/01\/SPECT-1024x773.jpg"}],"twitter_card":"summary_large_image","twitter_misc":{"Est. reading time":"2 minutes"},"schema":{"@context":"https:\/\/schema.org","@graph":[{"@type":"WebPage","@id":"https:\/\/atelierkhanrenew.ch\/the-spectactors\/","url":"https:\/\/atelierkhanrenew.ch\/the-spectactors\/","name":"The Spectactors - Atelier Khan Renew","isPartOf":{"@id":"https:\/\/atelierkhanrenew.ch\/#website"},"datePublished":"2023-12-11T15:57:45+00:00","dateModified":"2024-01-11T19:03:57+00:00","breadcrumb":{"@id":"https:\/\/atelierkhanrenew.ch\/the-spectactors\/#breadcrumb"},"inLanguage":"en-US","potentialAction":[{"@type":"ReadAction","target":["https:\/\/atelierkhanrenew.ch\/the-spectactors\/"]}]},{"@type":"BreadcrumbList","@id":"https:\/\/atelierkhanrenew.ch\/the-spectactors\/#breadcrumb","itemListElement":[{"@type":"ListItem","position":1,"name":"Accueil","item":"https:\/\/atelierkhanrenew.ch\/"},{"@type":"ListItem","position":2,"name":"The Spectactors"}]},{"@type":"WebSite","@id":"https:\/\/atelierkhanrenew.ch\/#website","url":"https:\/\/atelierkhanrenew.ch\/","name":"Atelier Khan Renew","description":"","publisher":{"@id":"https:\/\/atelierkhanrenew.ch\/#organization"},"potentialAction":[{"@type":"SearchAction","target":{"@type":"EntryPoint","urlTemplate":"https:\/\/atelierkhanrenew.ch\/?s={search_term_string}"},"query-input":"required name=search_term_string"}],"inLanguage":"en-US"},{"@type":"Organization","@id":"https:\/\/atelierkhanrenew.ch\/#organization","name":"Atelier Khan Renew","url":"https:\/\/atelierkhanrenew.ch\/","logo":{"@type":"ImageObject","inLanguage":"en-US","@id":"https:\/\/atelierkhanrenew.ch\/#\/schema\/logo\/image\/","url":"https:\/\/atelierkhanrenew.ch\/wp-content\/uploads\/2021\/03\/cropped-Logo-Akr-vectorise\u0301-png-1-e1619189313608.png","contentUrl":"https:\/\/atelierkhanrenew.ch\/wp-content\/uploads\/2021\/03\/cropped-Logo-Akr-vectorise\u0301-png-1-e1619189313608.png","width":512,"height":479,"caption":"Atelier Khan Renew"},"image":{"@id":"https:\/\/atelierkhanrenew.ch\/#\/schema\/logo\/image\/"},"sameAs":["https:\/\/www.facebook.com\/atelierkhanrenew","https:\/\/www.instagram.com\/akr_compteofficiel\/?hl=fr","https:\/\/www.pinterest.fr\/Atelierkhanrenew"]}]}},"uagb_featured_image_src":{"full":false,"thumbnail":false,"medium":false,"medium_large":false,"large":false,"1536x1536":false,"2048x2048":false,"trp-custom-language-flag":false,"neve-blog":false,"woocommerce_thumbnail":false,"woocommerce_single":false,"woocommerce_gallery_thumbnail":false},"uagb_author_info":{"display_name":"shaima.k888@gmail.com","author_link":"https:\/\/atelierkhanrenew.ch\/en\/author\/shaima-k888gmail-com\/"},"uagb_comment_info":0,"uagb_excerpt":"The Spectactors The Spectactors, ESENJ Aujourd&#8217;hui, nos c\u0153urs se serrent devant l&#8217;ampleur de la passivit\u00e9 qui semble s&#8217;emparer de notre soci\u00e9t\u00e9. Nous nous contentons d&#8217;observer, spectateurs silencieux, au lieu d&#8217;agir face aux horreurs qui se d\u00e9roulent autour de nous. Cette passivit\u00e9 collective, cette r\u00e9ticence \u00e0 intervenir envers des \u00e9v\u00e9nements tragiques, nous plongent dans une sombre&hellip;&nbsp;Read&hellip;","_links":{"self":[{"href":"https:\/\/atelierkhanrenew.ch\/en\/wp-json\/wp\/v2\/pages\/31746","targetHints":{"allow":["GET"]}}],"collection":[{"href":"https:\/\/atelierkhanrenew.ch\/en\/wp-json\/wp\/v2\/pages"}],"about":[{"href":"https:\/\/atelierkhanrenew.ch\/en\/wp-json\/wp\/v2\/types\/page"}],"author":[{"embeddable":true,"href":"https:\/\/atelierkhanrenew.ch\/en\/wp-json\/wp\/v2\/users\/1"}],"replies":[{"embeddable":true,"href":"https:\/\/atelierkhanrenew.ch\/en\/wp-json\/wp\/v2\/comments?post=31746"}],"version-history":[{"count":49,"href":"https:\/\/atelierkhanrenew.ch\/en\/wp-json\/wp\/v2\/pages\/31746\/revisions"}],"predecessor-version":[{"id":32326,"href":"https:\/\/atelierkhanrenew.ch\/en\/wp-json\/wp\/v2\/pages\/31746\/revisions\/32326"}],"wp:attachment":[{"href":"https:\/\/atelierkhanrenew.ch\/en\/wp-json\/wp\/v2\/media?parent=31746"}],"curies":[{"name":"wp","href":"https:\/\/api.w.org\/{rel}","templated":true}]}}