{"id":31699,"date":"2023-12-06T17:24:06","date_gmt":"2023-12-06T16:24:06","guid":{"rendered":"https:\/\/atelierkhanrenew.ch\/?page_id=31699"},"modified":"2024-02-11T16:47:27","modified_gmt":"2024-02-11T15:47:27","slug":"the-view","status":"publish","type":"page","link":"https:\/\/atelierkhanrenew.ch\/en\/the-view\/","title":{"rendered":"the view : analyse"},"content":{"rendered":"<div data-elementor-type=\"wp-page\" data-elementor-id=\"31699\" class=\"elementor elementor-31699\">\n\t\t\t\t\t\t\t\t\t<section class=\"elementor-section elementor-top-section elementor-element elementor-element-c1dc0cb elementor-section-boxed elementor-section-height-default elementor-section-height-default\" data-id=\"c1dc0cb\" data-element_type=\"section\">\n\t\t\t\t\t\t<div class=\"elementor-container elementor-column-gap-default\">\n\t\t\t\t\t<div class=\"elementor-column elementor-col-100 elementor-top-column elementor-element elementor-element-8d0c81b\" data-id=\"8d0c81b\" data-element_type=\"column\">\n\t\t\t<div class=\"elementor-widget-wrap elementor-element-populated\">\n\t\t\t\t\t\t\t\t<div class=\"elementor-element elementor-element-0559152 elementor-widget elementor-widget-heading\" data-id=\"0559152\" data-element_type=\"widget\" data-widget_type=\"heading.default\">\n\t\t\t\t<div class=\"elementor-widget-container\">\n\t\t\t<h1 class=\"elementor-heading-title elementor-size-default\">Analysis of the painting \"The View\" by artist ESENJ<\/h1>\t\t<\/div>\n\t\t\t\t<\/div>\n\t\t\t\t\t<\/div>\n\t\t<\/div>\n\t\t\t\t\t\t\t<\/div>\n\t\t<\/section>\n\t\t\t\t<section class=\"elementor-section elementor-top-section elementor-element elementor-element-03e3562 elementor-section-boxed elementor-section-height-default elementor-section-height-default\" data-id=\"03e3562\" data-element_type=\"section\">\n\t\t\t\t\t\t<div class=\"elementor-container elementor-column-gap-default\">\n\t\t\t\t\t<div class=\"elementor-column elementor-col-100 elementor-top-column elementor-element elementor-element-2ef3624\" data-id=\"2ef3624\" data-element_type=\"column\">\n\t\t\t<div class=\"elementor-widget-wrap elementor-element-populated\">\n\t\t\t\t\t\t\t\t<div class=\"elementor-element elementor-element-f148e0a elementor-widget elementor-widget-image\" data-id=\"f148e0a\" data-element_type=\"widget\" data-widget_type=\"image.default\">\n\t\t\t\t<div class=\"elementor-widget-container\">\n\t\t\t\t\t\t\t\t\t\t\t\t<figure class=\"wp-caption\">\n\t\t\t\t\t\t\t\t\t\t<img fetchpriority=\"high\" decoding=\"async\" width=\"727\" height=\"1024\" src=\"https:\/\/atelierkhanrenew.ch\/wp-content\/uploads\/2023\/03\/view_s-727x1024.jpg\" class=\"attachment-large size-large wp-image-31245\" alt=\"\" srcset=\"https:\/\/atelierkhanrenew.ch\/wp-content\/uploads\/2023\/03\/view_s-727x1024.jpg 727w, https:\/\/atelierkhanrenew.ch\/wp-content\/uploads\/2023\/03\/view_s-scaled-600x845.jpg 600w, https:\/\/atelierkhanrenew.ch\/wp-content\/uploads\/2023\/03\/view_s-213x300.jpg 213w, https:\/\/atelierkhanrenew.ch\/wp-content\/uploads\/2023\/03\/view_s-768x1081.jpg 768w, https:\/\/atelierkhanrenew.ch\/wp-content\/uploads\/2023\/03\/view_s-1091x1536.jpg 1091w, https:\/\/atelierkhanrenew.ch\/wp-content\/uploads\/2023\/03\/view_s-1455x2048.jpg 1455w, https:\/\/atelierkhanrenew.ch\/wp-content\/uploads\/2023\/03\/view_s-9x12.jpg 9w, https:\/\/atelierkhanrenew.ch\/wp-content\/uploads\/2023\/03\/view_s-scaled.jpg 1818w\" sizes=\"(max-width: 727px) 100vw, 727px\" \/>\t\t\t\t\t\t\t\t\t\t\t<figcaption class=\"widget-image-caption wp-caption-text\">The View, ESENJ<\/figcaption>\n\t\t\t\t\t\t\t\t\t\t<\/figure>\n\t\t\t\t\t\t\t\t\t<\/div>\n\t\t\t\t<\/div>\n\t\t\t\t\t<\/div>\n\t\t<\/div>\n\t\t\t\t\t\t\t<\/div>\n\t\t<\/section>\n\t\t\t\t<section class=\"elementor-section elementor-top-section elementor-element elementor-element-36a8222 elementor-section-boxed elementor-section-height-default elementor-section-height-default\" data-id=\"36a8222\" data-element_type=\"section\">\n\t\t\t\t\t\t<div class=\"elementor-container elementor-column-gap-default\">\n\t\t\t\t\t<div class=\"elementor-column elementor-col-100 elementor-top-column elementor-element elementor-element-be26117\" data-id=\"be26117\" data-element_type=\"column\">\n\t\t\t<div class=\"elementor-widget-wrap elementor-element-populated\">\n\t\t\t\t\t\t\t\t<div class=\"elementor-element elementor-element-f6283fa elementor-widget elementor-widget-text-editor\" data-id=\"f6283fa\" data-element_type=\"widget\" data-widget_type=\"text-editor.default\">\n\t\t\t\t<div class=\"elementor-widget-container\">\n\t\t\t\t\t\t\t<p class=\" translation-block\">In this spellbinding painting, entitled \u201cThe View\u201d, the artist plunges us into a scene that is both poetic and enigmatic. At the center of the composition sits a white skeleton, in profile, contemplating the left side of the canvas. His fixed gaze seems to turn to the distant past, perhaps to what he has left behind.<\/p>\n<p style=\"margin: 0cm 0cm 0.0001pt; font-size: 12pt; font-family: Calibri; color: #000000; text-align: justify;\"><span lang=\"FR-CH\" style=\"font-family: Arial;\">&nbsp;<\/span><span style=\"font-family: Arial; font-size: 12pt; font-weight: var( --e-global-typography-text-font-weight ); background-color: var(--nv-site-bg);\">At the very top, a sunset illuminates the sky in shades of orange, yellow, dark purple... This celestial vision seems to symbolize the farewell to a fading day and the welcome of a new adventure.<\/span><\/p>\n<p style=\"margin: 0cm 0cm 0.0001pt; font-size: 12pt; font-family: Calibri; color: #000000; text-align: justify;\"><span lang=\"FR-CH\" style=\"font-family: Arial;\">&nbsp;<\/span><\/p>\n<p style=\"margin: 0cm 0cm 0.0001pt; font-size: 12pt; font-family: Calibri; color: #000000; text-align: justify;\"><span lang=\"FR-CH\" style=\"font-family: Arial;\">In the background, a slightly choppy, midnight-blue sea takes shape. The waves, in symphony with the movement of the colored sailboats on the right, depict a journey that is about to begin. These sailboats seem to represent freedom and escape into the unknown.<\/span><\/p>\n<p style=\"margin: 0cm 0cm 0.0001pt; font-size: 12pt; font-family: Calibri; color: #000000; text-align: justify;\"><span lang=\"FR-CH\" style=\"font-family: Arial;\">&nbsp;<\/span><\/p>\n<p style=\"margin: 0cm 0cm 0.0001pt; font-size: 12pt; font-family: Calibri; color: #000000; text-align: justify;\"><span lang=\"FR-CH\" style=\"font-family: Arial;\">However, the most intriguing part of the painting lies in the skeleton\u2019s backbone. On the right side, part of the spine seems to have disappeared, giving way to delicate white filaments that connect to the sailboats. This metaphor evokes the idea that, despite our divergent paths, we always remain linked to our past, to our roots.<\/span><\/p>\n<p style=\"margin: 0cm 0cm 0.0001pt; font-size: 12pt; font-family: Calibri; color: #000000; text-align: justify;\"><span lang=\"FR-CH\" style=\"font-family: Arial;\">&nbsp;<\/span><\/p>\n<p style=\"margin: 0cm 0cm 0.0001pt; font-size: 12pt; font-family: Calibri; color: #000000; text-align: justify;\"><span lang=\"FR-CH\" style=\"font-family: Arial;\">The skeleton looks to the left, suggesting a gaze turned towards the earth, towards what has been left behind. Leaving for new adventures is not without melancholy, and distancing oneself from the past can be fraught with complex emotions.<\/span><\/p>\n<p style=\"margin: 0cm 0cm 0.0001pt; font-size: 12pt; font-family: Calibri; color: #000000; text-align: justify;\"><span lang=\"FR-CH\" style=\"font-family: Arial; color: #00b050;\">&nbsp;<\/span><\/p>\n<p style=\"margin: 0cm 0cm 0.0001pt; font-size: 12pt; font-family: Calibri; color: #000000; text-align: justify;\" class=\" translation-block\">\"The View\" takes us to the moment of departure. Sometimes, life forces us to leave places dear to our hearts, people we love. It's not a choice, but rather a painful and inevitable farewell. This separation is akin to heartbreak. Giving up everything we hold dear is not an easy act; it leaves deep imprints on our mental well-being. We take with us a single piece of luggage, loaded with memories, a treasure that is all we have left. As we move further away from the starting point, the fear grows that we will lose this precious treasure over time.<\/p>\n<p style=\"margin: 0cm 0cm 0.0001pt; font-size: 12pt; font-family: Calibri; color: #000000; text-align: justify;\"><span lang=\"FR-CH\" style=\"font-family: Arial;\"><span style=\"font-weight: bold;\"><i>&nbsp; &nbsp; &nbsp; &nbsp; &nbsp; &nbsp; &nbsp; &nbsp; &nbsp; &nbsp; &nbsp; &nbsp; &nbsp; &nbsp; &nbsp; &nbsp; &nbsp; &nbsp; &nbsp; &nbsp; &nbsp; &nbsp; &nbsp; &nbsp; &nbsp; &nbsp; &nbsp; &nbsp; &nbsp; &nbsp; &nbsp; &nbsp; &nbsp; &nbsp; &nbsp; &nbsp; &nbsp; &nbsp; &nbsp; &nbsp; &nbsp; &nbsp; &nbsp; &nbsp; &nbsp; &nbsp; &nbsp; &nbsp; &nbsp; &nbsp; &nbsp; &nbsp; &nbsp; &nbsp; &nbsp; &nbsp; &nbsp; &nbsp; &nbsp; &nbsp; &nbsp; &nbsp; &nbsp; &nbsp; &nbsp; &nbsp; &nbsp;&nbsp;<\/i><\/span><\/span><i style=\"color: var( --e-global-color-primary ); background-color: var(--nv-site-bg); font-family: Arial; font-weight: bold;\">AKR<\/i><i style=\"font-weight: bold; font-family: Arial; font-size: 12pt; background-color: var(--nv-site-bg);\">&nbsp; &nbsp; &nbsp; &nbsp; &nbsp; &nbsp; &nbsp; &nbsp; &nbsp; &nbsp; &nbsp; &nbsp; &nbsp; &nbsp; &nbsp; &nbsp; &nbsp; &nbsp; &nbsp; &nbsp; &nbsp; &nbsp; &nbsp; &nbsp; &nbsp; &nbsp; &nbsp; &nbsp; &nbsp; &nbsp; &nbsp; &nbsp; &nbsp;<\/i><\/p>\t\t\t\t\t\t<\/div>\n\t\t\t\t<\/div>\n\t\t\t\t\t<\/div>\n\t\t<\/div>\n\t\t\t\t\t\t\t<\/div>\n\t\t<\/section>\n\t\t\t\t<section class=\"elementor-section elementor-top-section elementor-element elementor-element-ee555e5 elementor-section-boxed elementor-section-height-default elementor-section-height-default\" data-id=\"ee555e5\" data-element_type=\"section\">\n\t\t\t\t\t\t<div class=\"elementor-container elementor-column-gap-default\">\n\t\t\t\t\t<div class=\"elementor-column elementor-col-100 elementor-top-column elementor-element elementor-element-829b297\" data-id=\"829b297\" data-element_type=\"column\">\n\t\t\t<div class=\"elementor-widget-wrap elementor-element-populated\">\n\t\t\t\t\t\t\t\t<div class=\"elementor-element elementor-element-dadfaa8 elementor-widget-divider--view-line elementor-widget elementor-widget-divider\" data-id=\"dadfaa8\" data-element_type=\"widget\" data-widget_type=\"divider.default\">\n\t\t\t\t<div class=\"elementor-widget-container\">\n\t\t\t\t\t<div class=\"elementor-divider\">\n\t\t\t<span class=\"elementor-divider-separator\">\n\t\t\t\t\t\t<\/span>\n\t\t<\/div>\n\t\t\t\t<\/div>\n\t\t\t\t<\/div>\n\t\t\t\t\t<\/div>\n\t\t<\/div>\n\t\t\t\t\t\t\t<\/div>\n\t\t<\/section>\n\t\t\t\t\t\t\t<\/div>","protected":false},"excerpt":{"rendered":"<p>Analyse du tableau &#8220;The View&#8221; de l&#8217;artiste ESENJ The View, ESENJ Dans ce tableau envo\u00fbtant, intitul\u00e9 &#8220;The View&#8221;, l&#8217;artiste nous plonge dans une sc\u00e8ne \u00e0 la fois po\u00e9tique et \u00e9nigmatique. Au centre de la composition tr\u00f4ne un squelette de couleur blanche, de profil, contemplant le c\u00f4t\u00e9 gauche de la toile. Son regard fixe semble se&hellip;&nbsp;<a href=\"https:\/\/atelierkhanrenew.ch\/en\/the-view\/\" class=\"\" rel=\"bookmark\">Read More &raquo;<span class=\"screen-reader-text\">the view : analyse<\/span><\/a><\/p>","protected":false},"author":1,"featured_media":0,"parent":0,"menu_order":0,"comment_status":"closed","ping_status":"closed","template":"page-templates\/template-pagebuilder-full-width.php","meta":{"_uag_custom_page_level_css":"","neve_meta_sidebar":"full-width","neve_meta_container":"","neve_meta_enable_content_width":"on","neve_meta_content_width":100,"neve_meta_title_alignment":"","neve_meta_author_avatar":"","neve_post_elements_order":"","neve_meta_disable_header":"","neve_meta_disable_footer":"","neve_meta_disable_title":"","ngg_post_thumbnail":0,"footnotes":""},"class_list":["post-31699","page","type-page","status-publish","hentry"],"yoast_head":"<!-- This site is optimized with the Yoast SEO plugin v21.8 - https:\/\/yoast.com\/wordpress\/plugins\/seo\/ -->\n<title>the view : analyse - Atelier Khan Renew<\/title>\n<meta name=\"robots\" content=\"index, follow, max-snippet:-1, max-image-preview:large, max-video-preview:-1\" \/>\n<link rel=\"canonical\" href=\"https:\/\/atelierkhanrenew.ch\/en\/the-view\/\" \/>\n<meta property=\"og:locale\" content=\"en_US\" \/>\n<meta property=\"og:type\" content=\"article\" \/>\n<meta property=\"og:title\" content=\"the view : analyse - Atelier Khan Renew\" \/>\n<meta property=\"og:description\" content=\"Analyse du tableau &#8220;The View&#8221; de l&#8217;artiste ESENJ The View, ESENJ Dans ce tableau envo\u00fbtant, intitul\u00e9 &#8220;The View&#8221;, l&#8217;artiste nous plonge dans une sc\u00e8ne \u00e0 la fois po\u00e9tique et \u00e9nigmatique. Au centre de la composition tr\u00f4ne un squelette de couleur blanche, de profil, contemplant le c\u00f4t\u00e9 gauche de la toile. Son regard fixe semble se&hellip;&nbsp;Read More &raquo;the view : analyse\" \/>\n<meta property=\"og:url\" content=\"https:\/\/atelierkhanrenew.ch\/en\/the-view\/\" \/>\n<meta property=\"og:site_name\" content=\"Atelier Khan Renew\" \/>\n<meta property=\"article:publisher\" content=\"https:\/\/www.facebook.com\/atelierkhanrenew\" \/>\n<meta property=\"article:modified_time\" content=\"2024-02-11T15:47:27+00:00\" \/>\n<meta property=\"og:image\" content=\"https:\/\/atelierkhanrenew.ch\/wp-content\/uploads\/2023\/03\/view_s-727x1024.jpg\" \/>\n<meta name=\"twitter:card\" content=\"summary_large_image\" \/>\n<meta name=\"twitter:label1\" content=\"Est. reading time\" \/>\n\t<meta name=\"twitter:data1\" content=\"2 minutes\" \/>\n<script type=\"application\/ld+json\" class=\"yoast-schema-graph\">{\"@context\":\"https:\/\/schema.org\",\"@graph\":[{\"@type\":\"WebPage\",\"@id\":\"https:\/\/atelierkhanrenew.ch\/the-view\/\",\"url\":\"https:\/\/atelierkhanrenew.ch\/the-view\/\",\"name\":\"the view : analyse - Atelier Khan Renew\",\"isPartOf\":{\"@id\":\"https:\/\/atelierkhanrenew.ch\/#website\"},\"datePublished\":\"2023-12-06T16:24:06+00:00\",\"dateModified\":\"2024-02-11T15:47:27+00:00\",\"breadcrumb\":{\"@id\":\"https:\/\/atelierkhanrenew.ch\/the-view\/#breadcrumb\"},\"inLanguage\":\"en-US\",\"potentialAction\":[{\"@type\":\"ReadAction\",\"target\":[\"https:\/\/atelierkhanrenew.ch\/the-view\/\"]}]},{\"@type\":\"BreadcrumbList\",\"@id\":\"https:\/\/atelierkhanrenew.ch\/the-view\/#breadcrumb\",\"itemListElement\":[{\"@type\":\"ListItem\",\"position\":1,\"name\":\"Accueil\",\"item\":\"https:\/\/atelierkhanrenew.ch\/\"},{\"@type\":\"ListItem\",\"position\":2,\"name\":\"the view : analyse\"}]},{\"@type\":\"WebSite\",\"@id\":\"https:\/\/atelierkhanrenew.ch\/#website\",\"url\":\"https:\/\/atelierkhanrenew.ch\/\",\"name\":\"Atelier Khan Renew\",\"description\":\"\",\"publisher\":{\"@id\":\"https:\/\/atelierkhanrenew.ch\/#organization\"},\"potentialAction\":[{\"@type\":\"SearchAction\",\"target\":{\"@type\":\"EntryPoint\",\"urlTemplate\":\"https:\/\/atelierkhanrenew.ch\/?s={search_term_string}\"},\"query-input\":\"required name=search_term_string\"}],\"inLanguage\":\"en-US\"},{\"@type\":\"Organization\",\"@id\":\"https:\/\/atelierkhanrenew.ch\/#organization\",\"name\":\"Atelier Khan Renew\",\"url\":\"https:\/\/atelierkhanrenew.ch\/\",\"logo\":{\"@type\":\"ImageObject\",\"inLanguage\":\"en-US\",\"@id\":\"https:\/\/atelierkhanrenew.ch\/#\/schema\/logo\/image\/\",\"url\":\"https:\/\/atelierkhanrenew.ch\/wp-content\/uploads\/2021\/03\/cropped-Logo-Akr-vectorise\u0301-png-1-e1619189313608.png\",\"contentUrl\":\"https:\/\/atelierkhanrenew.ch\/wp-content\/uploads\/2021\/03\/cropped-Logo-Akr-vectorise\u0301-png-1-e1619189313608.png\",\"width\":512,\"height\":479,\"caption\":\"Atelier Khan Renew\"},\"image\":{\"@id\":\"https:\/\/atelierkhanrenew.ch\/#\/schema\/logo\/image\/\"},\"sameAs\":[\"https:\/\/www.facebook.com\/atelierkhanrenew\",\"https:\/\/www.instagram.com\/akr_compteofficiel\/?hl=fr\",\"https:\/\/www.pinterest.fr\/Atelierkhanrenew\"]}]}<\/script>\n<!-- \/ Yoast SEO plugin. -->","yoast_head_json":{"title":"the view : analyse - Atelier Khan Renew","robots":{"index":"index","follow":"follow","max-snippet":"max-snippet:-1","max-image-preview":"max-image-preview:large","max-video-preview":"max-video-preview:-1"},"canonical":"https:\/\/atelierkhanrenew.ch\/en\/the-view\/","og_locale":"en_US","og_type":"article","og_title":"the view : analyse - Atelier Khan Renew","og_description":"Analyse du tableau &#8220;The View&#8221; de l&#8217;artiste ESENJ The View, ESENJ Dans ce tableau envo\u00fbtant, intitul\u00e9 &#8220;The View&#8221;, l&#8217;artiste nous plonge dans une sc\u00e8ne \u00e0 la fois po\u00e9tique et \u00e9nigmatique. Au centre de la composition tr\u00f4ne un squelette de couleur blanche, de profil, contemplant le c\u00f4t\u00e9 gauche de la toile. Son regard fixe semble se&hellip;&nbsp;Read More &raquo;the view : analyse","og_url":"https:\/\/atelierkhanrenew.ch\/en\/the-view\/","og_site_name":"Atelier Khan Renew","article_publisher":"https:\/\/www.facebook.com\/atelierkhanrenew","article_modified_time":"2024-02-11T15:47:27+00:00","og_image":[{"url":"https:\/\/atelierkhanrenew.ch\/wp-content\/uploads\/2023\/03\/view_s-727x1024.jpg"}],"twitter_card":"summary_large_image","twitter_misc":{"Est. reading time":"2 minutes"},"schema":{"@context":"https:\/\/schema.org","@graph":[{"@type":"WebPage","@id":"https:\/\/atelierkhanrenew.ch\/the-view\/","url":"https:\/\/atelierkhanrenew.ch\/the-view\/","name":"the view : analyse - Atelier Khan Renew","isPartOf":{"@id":"https:\/\/atelierkhanrenew.ch\/#website"},"datePublished":"2023-12-06T16:24:06+00:00","dateModified":"2024-02-11T15:47:27+00:00","breadcrumb":{"@id":"https:\/\/atelierkhanrenew.ch\/the-view\/#breadcrumb"},"inLanguage":"en-US","potentialAction":[{"@type":"ReadAction","target":["https:\/\/atelierkhanrenew.ch\/the-view\/"]}]},{"@type":"BreadcrumbList","@id":"https:\/\/atelierkhanrenew.ch\/the-view\/#breadcrumb","itemListElement":[{"@type":"ListItem","position":1,"name":"Accueil","item":"https:\/\/atelierkhanrenew.ch\/"},{"@type":"ListItem","position":2,"name":"the view : analyse"}]},{"@type":"WebSite","@id":"https:\/\/atelierkhanrenew.ch\/#website","url":"https:\/\/atelierkhanrenew.ch\/","name":"Atelier Khan Renew","description":"","publisher":{"@id":"https:\/\/atelierkhanrenew.ch\/#organization"},"potentialAction":[{"@type":"SearchAction","target":{"@type":"EntryPoint","urlTemplate":"https:\/\/atelierkhanrenew.ch\/?s={search_term_string}"},"query-input":"required name=search_term_string"}],"inLanguage":"en-US"},{"@type":"Organization","@id":"https:\/\/atelierkhanrenew.ch\/#organization","name":"Atelier Khan Renew","url":"https:\/\/atelierkhanrenew.ch\/","logo":{"@type":"ImageObject","inLanguage":"en-US","@id":"https:\/\/atelierkhanrenew.ch\/#\/schema\/logo\/image\/","url":"https:\/\/atelierkhanrenew.ch\/wp-content\/uploads\/2021\/03\/cropped-Logo-Akr-vectorise\u0301-png-1-e1619189313608.png","contentUrl":"https:\/\/atelierkhanrenew.ch\/wp-content\/uploads\/2021\/03\/cropped-Logo-Akr-vectorise\u0301-png-1-e1619189313608.png","width":512,"height":479,"caption":"Atelier Khan Renew"},"image":{"@id":"https:\/\/atelierkhanrenew.ch\/#\/schema\/logo\/image\/"},"sameAs":["https:\/\/www.facebook.com\/atelierkhanrenew","https:\/\/www.instagram.com\/akr_compteofficiel\/?hl=fr","https:\/\/www.pinterest.fr\/Atelierkhanrenew"]}]}},"uagb_featured_image_src":{"full":false,"thumbnail":false,"medium":false,"medium_large":false,"large":false,"1536x1536":false,"2048x2048":false,"trp-custom-language-flag":false,"neve-blog":false,"woocommerce_thumbnail":false,"woocommerce_single":false,"woocommerce_gallery_thumbnail":false},"uagb_author_info":{"display_name":"shaima.k888@gmail.com","author_link":"https:\/\/atelierkhanrenew.ch\/en\/author\/shaima-k888gmail-com\/"},"uagb_comment_info":0,"uagb_excerpt":"Analyse du tableau &#8220;The View&#8221; de l&#8217;artiste ESENJ The View, ESENJ Dans ce tableau envo\u00fbtant, intitul\u00e9 &#8220;The View&#8221;, l&#8217;artiste nous plonge dans une sc\u00e8ne \u00e0 la fois po\u00e9tique et \u00e9nigmatique. Au centre de la composition tr\u00f4ne un squelette de couleur blanche, de profil, contemplant le c\u00f4t\u00e9 gauche de la toile. Son regard fixe semble se&hellip;&nbsp;Read&hellip;","_links":{"self":[{"href":"https:\/\/atelierkhanrenew.ch\/en\/wp-json\/wp\/v2\/pages\/31699","targetHints":{"allow":["GET"]}}],"collection":[{"href":"https:\/\/atelierkhanrenew.ch\/en\/wp-json\/wp\/v2\/pages"}],"about":[{"href":"https:\/\/atelierkhanrenew.ch\/en\/wp-json\/wp\/v2\/types\/page"}],"author":[{"embeddable":true,"href":"https:\/\/atelierkhanrenew.ch\/en\/wp-json\/wp\/v2\/users\/1"}],"replies":[{"embeddable":true,"href":"https:\/\/atelierkhanrenew.ch\/en\/wp-json\/wp\/v2\/comments?post=31699"}],"version-history":[{"count":43,"href":"https:\/\/atelierkhanrenew.ch\/en\/wp-json\/wp\/v2\/pages\/31699\/revisions"}],"predecessor-version":[{"id":32789,"href":"https:\/\/atelierkhanrenew.ch\/en\/wp-json\/wp\/v2\/pages\/31699\/revisions\/32789"}],"wp:attachment":[{"href":"https:\/\/atelierkhanrenew.ch\/en\/wp-json\/wp\/v2\/media?parent=31699"}],"curies":[{"name":"wp","href":"https:\/\/api.w.org\/{rel}","templated":true}]}}