{"id":31350,"date":"2023-04-06T13:54:51","date_gmt":"2023-04-06T11:54:51","guid":{"rendered":"https:\/\/atelierkhanrenew.ch\/?page_id=31350"},"modified":"2024-01-11T20:04:58","modified_gmt":"2024-01-11T19:04:58","slug":"the-associates","status":"publish","type":"page","link":"https:\/\/atelierkhanrenew.ch\/en\/the-associates\/","title":{"rendered":"business is business"},"content":{"rendered":"<div data-elementor-type=\"wp-page\" data-elementor-id=\"31350\" class=\"elementor elementor-31350\">\n\t\t\t\t\t\t\t\t\t<section class=\"elementor-section elementor-top-section elementor-element elementor-element-ce997f3 elementor-section-boxed elementor-section-height-default elementor-section-height-default\" data-id=\"ce997f3\" data-element_type=\"section\">\n\t\t\t\t\t\t<div class=\"elementor-container elementor-column-gap-default\">\n\t\t\t\t\t<div class=\"elementor-column elementor-col-50 elementor-top-column elementor-element elementor-element-90fae0c\" data-id=\"90fae0c\" data-element_type=\"column\">\n\t\t\t<div class=\"elementor-widget-wrap elementor-element-populated\">\n\t\t\t\t\t\t\t\t<div class=\"elementor-element elementor-element-4ae8321 elementor-widget elementor-widget-heading\" data-id=\"4ae8321\" data-element_type=\"widget\" data-widget_type=\"heading.default\">\n\t\t\t\t<div class=\"elementor-widget-container\">\n\t\t\t<h2 class=\"elementor-heading-title elementor-size-default\"><i>BUSINESS IS BUSINESS<\/i><\/h2>\t\t<\/div>\n\t\t\t\t<\/div>\n\t\t\t\t<div class=\"elementor-element elementor-element-8de0ec3 elementor-widget elementor-widget-text-editor\" data-id=\"8de0ec3\" data-element_type=\"widget\" data-widget_type=\"text-editor.default\">\n\t\t\t\t<div class=\"elementor-widget-container\">\n\t\t\t\t\t\t\t<p class=\" translation-block\">The folly of grandeur, the oversized ego and the love of money make the human full of themselves, devoid of generosity, kindness, integrity and humility.<\/p>\n<p>This perfect (un)human egoist, arrogant and ungrateful does not hesitate to destroy everything that stands in their way to satisfy their thirst for money and power.<\/p>\n<p>Nothing is big enough for them. Deceitful and manipulative, they present themselves to their victims as a kind and trustworthy savior. Once they gets what they want from you, they crush you so that you are no longer in their way. This is how they show their true colors.&nbsp;<\/p>\n<p>They put you in the dark by turning off all the lights around you. No one is allowed to shine next to them.<\/p>\n<p>&nbsp; &nbsp; &nbsp; &nbsp; &nbsp; &nbsp; &nbsp; &nbsp; &nbsp; &nbsp; &nbsp; &nbsp; &nbsp; &nbsp; &nbsp; &nbsp; &nbsp; &nbsp; &nbsp; &nbsp; &nbsp; &nbsp; &nbsp; &nbsp; &nbsp; &nbsp; &nbsp; &nbsp; &nbsp; &nbsp; &nbsp; &nbsp; &nbsp; &nbsp; &nbsp; &nbsp; &nbsp; &nbsp; &nbsp; &nbsp; &nbsp; &nbsp; &nbsp; <b><i>ESENJ<\/i><\/b><\/p>\t\t\t\t\t\t<\/div>\n\t\t\t\t<\/div>\n\t\t\t\t\t<\/div>\n\t\t<\/div>\n\t\t\t\t<div class=\"elementor-column elementor-col-50 elementor-top-column elementor-element elementor-element-73c83da\" data-id=\"73c83da\" data-element_type=\"column\">\n\t\t\t<div class=\"elementor-widget-wrap elementor-element-populated\">\n\t\t\t\t\t\t\t\t<div class=\"elementor-element elementor-element-acb4fd0 elementor-widget elementor-widget-image\" data-id=\"acb4fd0\" data-element_type=\"widget\" data-widget_type=\"image.default\">\n\t\t\t\t<div class=\"elementor-widget-container\">\n\t\t\t\t\t\t\t\t\t\t\t\t<figure class=\"wp-caption\">\n\t\t\t\t\t\t\t\t\t\t<img fetchpriority=\"high\" decoding=\"async\" width=\"787\" height=\"1024\" src=\"https:\/\/atelierkhanrenew.ch\/wp-content\/uploads\/2023\/03\/business-787x1024.jpg\" class=\"attachment-large size-large wp-image-31244\" alt=\"\" srcset=\"https:\/\/atelierkhanrenew.ch\/wp-content\/uploads\/2023\/03\/business-787x1024.jpg 787w, https:\/\/atelierkhanrenew.ch\/wp-content\/uploads\/2023\/03\/business-scaled-600x780.jpg 600w, https:\/\/atelierkhanrenew.ch\/wp-content\/uploads\/2023\/03\/business-231x300.jpg 231w, https:\/\/atelierkhanrenew.ch\/wp-content\/uploads\/2023\/03\/business-768x999.jpg 768w, https:\/\/atelierkhanrenew.ch\/wp-content\/uploads\/2023\/03\/business-1181x1536.jpg 1181w, https:\/\/atelierkhanrenew.ch\/wp-content\/uploads\/2023\/03\/business-1574x2048.jpg 1574w, https:\/\/atelierkhanrenew.ch\/wp-content\/uploads\/2023\/03\/business-9x12.jpg 9w, https:\/\/atelierkhanrenew.ch\/wp-content\/uploads\/2023\/03\/business-scaled.jpg 1968w\" sizes=\"(max-width: 787px) 100vw, 787px\" \/>\t\t\t\t\t\t\t\t\t\t\t<figcaption class=\"widget-image-caption wp-caption-text\">The Associates, ESENJ<\/figcaption>\n\t\t\t\t\t\t\t\t\t\t<\/figure>\n\t\t\t\t\t\t\t\t\t<\/div>\n\t\t\t\t<\/div>\n\t\t\t\t\t<\/div>\n\t\t<\/div>\n\t\t\t\t\t\t\t<\/div>\n\t\t<\/section>\n\t\t\t\t<section class=\"elementor-section elementor-top-section elementor-element elementor-element-a204b4f elementor-section-boxed elementor-section-height-default elementor-section-height-default\" data-id=\"a204b4f\" data-element_type=\"section\">\n\t\t\t\t\t\t<div class=\"elementor-container elementor-column-gap-default\">\n\t\t\t\t\t<div class=\"elementor-column elementor-col-100 elementor-top-column elementor-element elementor-element-c56e0b8\" data-id=\"c56e0b8\" data-element_type=\"column\">\n\t\t\t<div class=\"elementor-widget-wrap elementor-element-populated\">\n\t\t\t\t\t\t\t\t<div class=\"elementor-element elementor-element-5669d62 elementor-widget-divider--view-line elementor-widget elementor-widget-divider\" data-id=\"5669d62\" data-element_type=\"widget\" data-widget_type=\"divider.default\">\n\t\t\t\t<div class=\"elementor-widget-container\">\n\t\t\t\t\t<div class=\"elementor-divider\">\n\t\t\t<span class=\"elementor-divider-separator\">\n\t\t\t\t\t\t<\/span>\n\t\t<\/div>\n\t\t\t\t<\/div>\n\t\t\t\t<\/div>\n\t\t\t\t\t<\/div>\n\t\t<\/div>\n\t\t\t\t\t\t\t<\/div>\n\t\t<\/section>\n\t\t\t\t\t\t\t<\/div>","protected":false},"excerpt":{"rendered":"<p>BUSINESS IS BUSINESS La folie des grandeurs, l&#8217;\u00e9go surdimensionn\u00e9 et l&#8217;amour de l&#8217;argent rend l&#8217;Homme imbu de sa personne, d\u00e9pourvu de g\u00e9n\u00e9rosit\u00e9, de bont\u00e9,&nbsp;d&#8217;int\u00e9grit\u00e9 et d&#8217;humilit\u00e9. Ce parfait \u00e9go\u00efste (in)humain, arrogant et ingrat n&#8217;h\u00e9site pas \u00e0 d\u00e9truire tout ce qui se trouve sur son chemin pour assouvir sa soif d&#8217;argent et de pouvoir. Rien n&#8217;est&hellip;&nbsp;<a href=\"https:\/\/atelierkhanrenew.ch\/en\/the-associates\/\" class=\"\" rel=\"bookmark\">Read More &raquo;<span class=\"screen-reader-text\">business is business<\/span><\/a><\/p>","protected":false},"author":1,"featured_media":0,"parent":0,"menu_order":0,"comment_status":"closed","ping_status":"closed","template":"page-templates\/template-pagebuilder-full-width.php","meta":{"_uag_custom_page_level_css":"","neve_meta_sidebar":"full-width","neve_meta_container":"","neve_meta_enable_content_width":"on","neve_meta_content_width":100,"neve_meta_title_alignment":"","neve_meta_author_avatar":"","neve_post_elements_order":"","neve_meta_disable_header":"","neve_meta_disable_footer":"","neve_meta_disable_title":"","ngg_post_thumbnail":0,"footnotes":""},"class_list":["post-31350","page","type-page","status-publish","hentry"],"yoast_head":"<!-- This site is optimized with the Yoast SEO plugin v21.8 - https:\/\/yoast.com\/wordpress\/plugins\/seo\/ -->\n<title>business is business - Atelier Khan Renew<\/title>\n<meta name=\"robots\" content=\"index, follow, max-snippet:-1, max-image-preview:large, max-video-preview:-1\" \/>\n<link rel=\"canonical\" href=\"https:\/\/atelierkhanrenew.ch\/en\/the-associates\/\" \/>\n<meta property=\"og:locale\" content=\"en_US\" \/>\n<meta property=\"og:type\" content=\"article\" \/>\n<meta property=\"og:title\" content=\"business is business - Atelier Khan Renew\" \/>\n<meta property=\"og:description\" content=\"BUSINESS IS BUSINESS La folie des grandeurs, l&#8217;\u00e9go surdimensionn\u00e9 et l&#8217;amour de l&#8217;argent rend l&#8217;Homme imbu de sa personne, d\u00e9pourvu de g\u00e9n\u00e9rosit\u00e9, de bont\u00e9,&nbsp;d&#8217;int\u00e9grit\u00e9 et d&#8217;humilit\u00e9. Ce parfait \u00e9go\u00efste (in)humain, arrogant et ingrat n&#8217;h\u00e9site pas \u00e0 d\u00e9truire tout ce qui se trouve sur son chemin pour assouvir sa soif d&#8217;argent et de pouvoir. Rien n&#8217;est&hellip;&nbsp;Read More &raquo;business is business\" \/>\n<meta property=\"og:url\" content=\"https:\/\/atelierkhanrenew.ch\/en\/the-associates\/\" \/>\n<meta property=\"og:site_name\" content=\"Atelier Khan Renew\" \/>\n<meta property=\"article:publisher\" content=\"https:\/\/www.facebook.com\/atelierkhanrenew\" \/>\n<meta property=\"article:modified_time\" content=\"2024-01-11T19:04:58+00:00\" \/>\n<meta property=\"og:image\" content=\"https:\/\/atelierkhanrenew.ch\/wp-content\/uploads\/2023\/03\/business-787x1024.jpg\" \/>\n<meta name=\"twitter:card\" content=\"summary_large_image\" \/>\n<meta name=\"twitter:label1\" content=\"Est. reading time\" \/>\n\t<meta name=\"twitter:data1\" content=\"1 minute\" \/>\n<script type=\"application\/ld+json\" class=\"yoast-schema-graph\">{\"@context\":\"https:\/\/schema.org\",\"@graph\":[{\"@type\":\"WebPage\",\"@id\":\"https:\/\/atelierkhanrenew.ch\/the-associates\/\",\"url\":\"https:\/\/atelierkhanrenew.ch\/the-associates\/\",\"name\":\"business is business - Atelier Khan Renew\",\"isPartOf\":{\"@id\":\"https:\/\/atelierkhanrenew.ch\/#website\"},\"datePublished\":\"2023-04-06T11:54:51+00:00\",\"dateModified\":\"2024-01-11T19:04:58+00:00\",\"breadcrumb\":{\"@id\":\"https:\/\/atelierkhanrenew.ch\/the-associates\/#breadcrumb\"},\"inLanguage\":\"en-US\",\"potentialAction\":[{\"@type\":\"ReadAction\",\"target\":[\"https:\/\/atelierkhanrenew.ch\/the-associates\/\"]}]},{\"@type\":\"BreadcrumbList\",\"@id\":\"https:\/\/atelierkhanrenew.ch\/the-associates\/#breadcrumb\",\"itemListElement\":[{\"@type\":\"ListItem\",\"position\":1,\"name\":\"Accueil\",\"item\":\"https:\/\/atelierkhanrenew.ch\/\"},{\"@type\":\"ListItem\",\"position\":2,\"name\":\"business is business\"}]},{\"@type\":\"WebSite\",\"@id\":\"https:\/\/atelierkhanrenew.ch\/#website\",\"url\":\"https:\/\/atelierkhanrenew.ch\/\",\"name\":\"Atelier Khan Renew\",\"description\":\"\",\"publisher\":{\"@id\":\"https:\/\/atelierkhanrenew.ch\/#organization\"},\"potentialAction\":[{\"@type\":\"SearchAction\",\"target\":{\"@type\":\"EntryPoint\",\"urlTemplate\":\"https:\/\/atelierkhanrenew.ch\/?s={search_term_string}\"},\"query-input\":\"required name=search_term_string\"}],\"inLanguage\":\"en-US\"},{\"@type\":\"Organization\",\"@id\":\"https:\/\/atelierkhanrenew.ch\/#organization\",\"name\":\"Atelier Khan Renew\",\"url\":\"https:\/\/atelierkhanrenew.ch\/\",\"logo\":{\"@type\":\"ImageObject\",\"inLanguage\":\"en-US\",\"@id\":\"https:\/\/atelierkhanrenew.ch\/#\/schema\/logo\/image\/\",\"url\":\"https:\/\/atelierkhanrenew.ch\/wp-content\/uploads\/2021\/03\/cropped-Logo-Akr-vectorise\u0301-png-1-e1619189313608.png\",\"contentUrl\":\"https:\/\/atelierkhanrenew.ch\/wp-content\/uploads\/2021\/03\/cropped-Logo-Akr-vectorise\u0301-png-1-e1619189313608.png\",\"width\":512,\"height\":479,\"caption\":\"Atelier Khan Renew\"},\"image\":{\"@id\":\"https:\/\/atelierkhanrenew.ch\/#\/schema\/logo\/image\/\"},\"sameAs\":[\"https:\/\/www.facebook.com\/atelierkhanrenew\",\"https:\/\/www.instagram.com\/akr_compteofficiel\/?hl=fr\",\"https:\/\/www.pinterest.fr\/Atelierkhanrenew\"]}]}<\/script>\n<!-- \/ Yoast SEO plugin. -->","yoast_head_json":{"title":"business is business - Atelier Khan Renew","robots":{"index":"index","follow":"follow","max-snippet":"max-snippet:-1","max-image-preview":"max-image-preview:large","max-video-preview":"max-video-preview:-1"},"canonical":"https:\/\/atelierkhanrenew.ch\/en\/the-associates\/","og_locale":"en_US","og_type":"article","og_title":"business is business - Atelier Khan Renew","og_description":"BUSINESS IS BUSINESS La folie des grandeurs, l&#8217;\u00e9go surdimensionn\u00e9 et l&#8217;amour de l&#8217;argent rend l&#8217;Homme imbu de sa personne, d\u00e9pourvu de g\u00e9n\u00e9rosit\u00e9, de bont\u00e9,&nbsp;d&#8217;int\u00e9grit\u00e9 et d&#8217;humilit\u00e9. Ce parfait \u00e9go\u00efste (in)humain, arrogant et ingrat n&#8217;h\u00e9site pas \u00e0 d\u00e9truire tout ce qui se trouve sur son chemin pour assouvir sa soif d&#8217;argent et de pouvoir. Rien n&#8217;est&hellip;&nbsp;Read More &raquo;business is business","og_url":"https:\/\/atelierkhanrenew.ch\/en\/the-associates\/","og_site_name":"Atelier Khan Renew","article_publisher":"https:\/\/www.facebook.com\/atelierkhanrenew","article_modified_time":"2024-01-11T19:04:58+00:00","og_image":[{"url":"https:\/\/atelierkhanrenew.ch\/wp-content\/uploads\/2023\/03\/business-787x1024.jpg"}],"twitter_card":"summary_large_image","twitter_misc":{"Est. reading time":"1 minute"},"schema":{"@context":"https:\/\/schema.org","@graph":[{"@type":"WebPage","@id":"https:\/\/atelierkhanrenew.ch\/the-associates\/","url":"https:\/\/atelierkhanrenew.ch\/the-associates\/","name":"business is business - Atelier Khan Renew","isPartOf":{"@id":"https:\/\/atelierkhanrenew.ch\/#website"},"datePublished":"2023-04-06T11:54:51+00:00","dateModified":"2024-01-11T19:04:58+00:00","breadcrumb":{"@id":"https:\/\/atelierkhanrenew.ch\/the-associates\/#breadcrumb"},"inLanguage":"en-US","potentialAction":[{"@type":"ReadAction","target":["https:\/\/atelierkhanrenew.ch\/the-associates\/"]}]},{"@type":"BreadcrumbList","@id":"https:\/\/atelierkhanrenew.ch\/the-associates\/#breadcrumb","itemListElement":[{"@type":"ListItem","position":1,"name":"Accueil","item":"https:\/\/atelierkhanrenew.ch\/"},{"@type":"ListItem","position":2,"name":"business is business"}]},{"@type":"WebSite","@id":"https:\/\/atelierkhanrenew.ch\/#website","url":"https:\/\/atelierkhanrenew.ch\/","name":"Atelier Khan Renew","description":"","publisher":{"@id":"https:\/\/atelierkhanrenew.ch\/#organization"},"potentialAction":[{"@type":"SearchAction","target":{"@type":"EntryPoint","urlTemplate":"https:\/\/atelierkhanrenew.ch\/?s={search_term_string}"},"query-input":"required name=search_term_string"}],"inLanguage":"en-US"},{"@type":"Organization","@id":"https:\/\/atelierkhanrenew.ch\/#organization","name":"Atelier Khan Renew","url":"https:\/\/atelierkhanrenew.ch\/","logo":{"@type":"ImageObject","inLanguage":"en-US","@id":"https:\/\/atelierkhanrenew.ch\/#\/schema\/logo\/image\/","url":"https:\/\/atelierkhanrenew.ch\/wp-content\/uploads\/2021\/03\/cropped-Logo-Akr-vectorise\u0301-png-1-e1619189313608.png","contentUrl":"https:\/\/atelierkhanrenew.ch\/wp-content\/uploads\/2021\/03\/cropped-Logo-Akr-vectorise\u0301-png-1-e1619189313608.png","width":512,"height":479,"caption":"Atelier Khan Renew"},"image":{"@id":"https:\/\/atelierkhanrenew.ch\/#\/schema\/logo\/image\/"},"sameAs":["https:\/\/www.facebook.com\/atelierkhanrenew","https:\/\/www.instagram.com\/akr_compteofficiel\/?hl=fr","https:\/\/www.pinterest.fr\/Atelierkhanrenew"]}]}},"uagb_featured_image_src":{"full":false,"thumbnail":false,"medium":false,"medium_large":false,"large":false,"1536x1536":false,"2048x2048":false,"trp-custom-language-flag":false,"neve-blog":false,"woocommerce_thumbnail":false,"woocommerce_single":false,"woocommerce_gallery_thumbnail":false},"uagb_author_info":{"display_name":"shaima.k888@gmail.com","author_link":"https:\/\/atelierkhanrenew.ch\/en\/author\/shaima-k888gmail-com\/"},"uagb_comment_info":0,"uagb_excerpt":"BUSINESS IS BUSINESS La folie des grandeurs, l&#8217;\u00e9go surdimensionn\u00e9 et l&#8217;amour de l&#8217;argent rend l&#8217;Homme imbu de sa personne, d\u00e9pourvu de g\u00e9n\u00e9rosit\u00e9, de bont\u00e9,&nbsp;d&#8217;int\u00e9grit\u00e9 et d&#8217;humilit\u00e9. Ce parfait \u00e9go\u00efste (in)humain, arrogant et ingrat n&#8217;h\u00e9site pas \u00e0 d\u00e9truire tout ce qui se trouve sur son chemin pour assouvir sa soif d&#8217;argent et de pouvoir. Rien n&#8217;est&hellip;&nbsp;Read&hellip;","_links":{"self":[{"href":"https:\/\/atelierkhanrenew.ch\/en\/wp-json\/wp\/v2\/pages\/31350","targetHints":{"allow":["GET"]}}],"collection":[{"href":"https:\/\/atelierkhanrenew.ch\/en\/wp-json\/wp\/v2\/pages"}],"about":[{"href":"https:\/\/atelierkhanrenew.ch\/en\/wp-json\/wp\/v2\/types\/page"}],"author":[{"embeddable":true,"href":"https:\/\/atelierkhanrenew.ch\/en\/wp-json\/wp\/v2\/users\/1"}],"replies":[{"embeddable":true,"href":"https:\/\/atelierkhanrenew.ch\/en\/wp-json\/wp\/v2\/comments?post=31350"}],"version-history":[{"count":49,"href":"https:\/\/atelierkhanrenew.ch\/en\/wp-json\/wp\/v2\/pages\/31350\/revisions"}],"predecessor-version":[{"id":32332,"href":"https:\/\/atelierkhanrenew.ch\/en\/wp-json\/wp\/v2\/pages\/31350\/revisions\/32332"}],"wp:attachment":[{"href":"https:\/\/atelierkhanrenew.ch\/en\/wp-json\/wp\/v2\/media?parent=31350"}],"curies":[{"name":"wp","href":"https:\/\/api.w.org\/{rel}","templated":true}]}}