{"id":28901,"date":"2021-02-22T19:08:21","date_gmt":"2021-02-22T18:08:21","guid":{"rendered":"http:\/\/atelierkhanrenew.ch\/?page_id=28901"},"modified":"2024-11-01T20:59:18","modified_gmt":"2024-11-01T19:59:18","slug":"la-team-2","status":"publish","type":"page","link":"https:\/\/atelierkhanrenew.ch\/en\/la-team-2\/","title":{"rendered":"team"},"content":{"rendered":"<div data-elementor-type=\"wp-page\" data-elementor-id=\"28901\" class=\"elementor elementor-28901\">\n\t\t\t\t\t\t\t\t\t<section class=\"elementor-section elementor-top-section elementor-element elementor-element-18dd3ce elementor-section-boxed elementor-section-height-default elementor-section-height-default\" data-id=\"18dd3ce\" data-element_type=\"section\">\n\t\t\t\t\t\t<div class=\"elementor-container elementor-column-gap-default\">\n\t\t\t\t\t<div class=\"elementor-column elementor-col-50 elementor-top-column elementor-element elementor-element-4c1750f\" data-id=\"4c1750f\" data-element_type=\"column\">\n\t\t\t<div class=\"elementor-widget-wrap elementor-element-populated\">\n\t\t\t\t\t\t\t\t<div class=\"elementor-element elementor-element-95c19d0 elementor-widget elementor-widget-image\" data-id=\"95c19d0\" data-element_type=\"widget\" data-widget_type=\"image.default\">\n\t\t\t\t<div class=\"elementor-widget-container\">\n\t\t\t\t\t\t\t\t\t\t\t\t\t\t\t<img fetchpriority=\"high\" decoding=\"async\" width=\"768\" height=\"768\" src=\"https:\/\/atelierkhanrenew.ch\/wp-content\/uploads\/2021\/04\/picture-1.jpeg\" class=\"attachment-large size-large wp-image-29719\" alt=\"\" srcset=\"https:\/\/atelierkhanrenew.ch\/wp-content\/uploads\/2021\/04\/picture-1.jpeg 768w, https:\/\/atelierkhanrenew.ch\/wp-content\/uploads\/2021\/04\/picture-1-300x300.jpeg 300w, https:\/\/atelierkhanrenew.ch\/wp-content\/uploads\/2021\/04\/picture-1-100x100.jpeg 100w, https:\/\/atelierkhanrenew.ch\/wp-content\/uploads\/2021\/04\/picture-1-600x600.jpeg 600w, https:\/\/atelierkhanrenew.ch\/wp-content\/uploads\/2021\/04\/picture-1-150x150.jpeg 150w\" sizes=\"(max-width: 768px) 100vw, 768px\" \/>\t\t\t\t\t\t\t\t\t\t\t\t\t\t\t<\/div>\n\t\t\t\t<\/div>\n\t\t\t\t\t<\/div>\n\t\t<\/div>\n\t\t\t\t<div class=\"elementor-column elementor-col-50 elementor-top-column elementor-element elementor-element-c5e38b2\" data-id=\"c5e38b2\" data-element_type=\"column\">\n\t\t\t<div class=\"elementor-widget-wrap elementor-element-populated\">\n\t\t\t\t\t\t\t\t<div class=\"elementor-element elementor-element-5268f76 elementor-widget elementor-widget-heading\" data-id=\"5268f76\" data-element_type=\"widget\" data-widget_type=\"heading.default\">\n\t\t\t\t<div class=\"elementor-widget-container\">\n\t\t\t<h2 class=\"elementor-heading-title elementor-size-default\">Sha\u00efma Khan <\/h2>\t\t<\/div>\n\t\t\t\t<\/div>\n\t\t\t\t<div class=\"elementor-element elementor-element-74b98eb elementor-widget elementor-widget-text-editor\" data-id=\"74b98eb\" data-element_type=\"widget\" data-widget_type=\"text-editor.default\">\n\t\t\t\t<div class=\"elementor-widget-container\">\n\t\t\t\t\t\t\t<h3 class=\" translation-block\"><i style=\"font-family: Roboto, sans-serif; font-size: 16px;\">Membre et co-fondatrice<\/i><i style=\"font-family: Roboto, sans-serif; font-size: 16px;\"> d\u2019Atelier Khan Renew<\/i><\/h3><div><i style=\"font-family: Roboto, sans-serif; font-size: 16px;\"><b>The artist ESENJ's agent<\/b><\/i><br \/><i style=\"font-family: Roboto, sans-serif; font-size: 16px;\"><br \/><\/i><\/div><p class=\" translation-block\">Interior designer graduated with a bachelor's degree with honors on the rehabilitation of an industrial building into student housing in Geneva.<\/p><p class=\" translation-block\">Followed by a master's degree in interior architecture on the ecological renovation of the Heritage in Lausanne.<\/p><p><span style=\"color: var( --e-global-color-primary ); font-family: var( --e-global-typography-text-font-family ), Sans-serif; background-color: var(--nv-site-bg);\"><i><b>Objects design<\/b>\u00a0\u00a0<\/i><\/span><\/p><p><span style=\"color: var( --e-global-color-primary ); font-family: var( --e-global-typography-text-font-family ), Sans-serif; background-color: var(--nv-site-bg);\"><i><b>decoration tips\u00a0<\/b><\/i><\/span><\/p><p><span style=\"color: var( --e-global-color-primary ); font-family: var( --e-global-typography-text-font-family ), Sans-serif; background-color: var(--nv-site-bg);\"><i><b>Customize furniture<\/b><\/i><\/span><\/p><p>\u00a0<\/p>\t\t\t\t\t\t<\/div>\n\t\t\t\t<\/div>\n\t\t\t\t\t<\/div>\n\t\t<\/div>\n\t\t\t\t\t\t\t<\/div>\n\t\t<\/section>\n\t\t\t\t<section class=\"elementor-section elementor-top-section elementor-element elementor-element-4bdab01 elementor-section-boxed elementor-section-height-default elementor-section-height-default\" data-id=\"4bdab01\" data-element_type=\"section\">\n\t\t\t\t\t\t<div class=\"elementor-container elementor-column-gap-default\">\n\t\t\t\t\t<div class=\"elementor-column elementor-col-50 elementor-top-column elementor-element elementor-element-8f76aa4\" data-id=\"8f76aa4\" data-element_type=\"column\">\n\t\t\t<div class=\"elementor-widget-wrap elementor-element-populated\">\n\t\t\t\t\t\t\t\t<div class=\"elementor-element elementor-element-b715cb6 elementor-widget elementor-widget-image\" data-id=\"b715cb6\" data-element_type=\"widget\" data-widget_type=\"image.default\">\n\t\t\t\t<div class=\"elementor-widget-container\">\n\t\t\t\t\t\t\t\t\t\t\t\t\t\t\t<img decoding=\"async\" width=\"364\" height=\"537\" src=\"https:\/\/atelierkhanrenew.ch\/wp-content\/uploads\/2021\/10\/nadia-1.jpeg\" class=\"attachment-large size-large wp-image-30525\" alt=\"\" srcset=\"https:\/\/atelierkhanrenew.ch\/wp-content\/uploads\/2021\/10\/nadia-1.jpeg 364w, https:\/\/atelierkhanrenew.ch\/wp-content\/uploads\/2021\/10\/nadia-1-203x300.jpeg 203w\" sizes=\"(max-width: 364px) 100vw, 364px\" \/>\t\t\t\t\t\t\t\t\t\t\t\t\t\t\t<\/div>\n\t\t\t\t<\/div>\n\t\t\t\t\t<\/div>\n\t\t<\/div>\n\t\t\t\t<div class=\"elementor-column elementor-col-50 elementor-top-column elementor-element elementor-element-e59b404\" data-id=\"e59b404\" data-element_type=\"column\">\n\t\t\t<div class=\"elementor-widget-wrap elementor-element-populated\">\n\t\t\t\t\t\t\t\t<div class=\"elementor-element elementor-element-009fcc6 elementor-widget elementor-widget-heading\" data-id=\"009fcc6\" data-element_type=\"widget\" data-widget_type=\"heading.default\">\n\t\t\t\t<div class=\"elementor-widget-container\">\n\t\t\t<h2 class=\"elementor-heading-title elementor-size-default\">Nadia Jane<\/h2>\t\t<\/div>\n\t\t\t\t<\/div>\n\t\t\t\t<div class=\"elementor-element elementor-element-80a16f8 elementor-widget elementor-widget-text-editor\" data-id=\"80a16f8\" data-element_type=\"widget\" data-widget_type=\"text-editor.default\">\n\t\t\t\t<div class=\"elementor-widget-container\">\n\t\t\t\t\t\t\t<p><i><b>Member and co-founder of Atelier Khan Renew<\/b><\/i><span style=\"background-color: var(--nv-site-bg); color: var( --e-global-color-text ); font-family: var( --e-global-typography-text-font-family ), Sans-serif; font-weight: var( --e-global-typography-text-font-weight );\"><br><\/span><\/p>\n<p><i><span style=\"font-weight: 700;\">The artist ESENJ's agent<\/span><\/i><i><b><br><\/b><\/i><\/p>\n<p><i><b>Public relations and purchasing and sales manager<\/b><\/i><span style=\"background-color: var(--nv-site-bg); color: var( --e-global-color-text ); font-family: var( --e-global-typography-text-font-family ), Sans-serif; font-weight: var( --e-global-typography-text-font-weight );\"><br><\/span><\/p>\n<p><i><b>decoration tips&nbsp;<\/b><\/i><\/p>\n<p><i><b>Creations&nbsp;<\/b><\/i><\/p>\n<p><i><b>Customize furniture&nbsp;<\/b><\/i><\/p>\t\t\t\t\t\t<\/div>\n\t\t\t\t<\/div>\n\t\t\t\t\t<\/div>\n\t\t<\/div>\n\t\t\t\t\t\t\t<\/div>\n\t\t<\/section>\n\t\t\t\t<section class=\"elementor-section elementor-top-section elementor-element elementor-element-be86f3c elementor-section-boxed elementor-section-height-default elementor-section-height-default\" data-id=\"be86f3c\" data-element_type=\"section\">\n\t\t\t\t\t\t<div class=\"elementor-container elementor-column-gap-default\">\n\t\t\t\t\t<div class=\"elementor-column elementor-col-50 elementor-top-column elementor-element elementor-element-dd9b324\" data-id=\"dd9b324\" data-element_type=\"column\">\n\t\t\t<div class=\"elementor-widget-wrap elementor-element-populated\">\n\t\t\t\t\t\t\t\t<div class=\"elementor-element elementor-element-9d266c1 elementor-widget elementor-widget-image\" data-id=\"9d266c1\" data-element_type=\"widget\" data-widget_type=\"image.default\">\n\t\t\t\t<div class=\"elementor-widget-container\">\n\t\t\t\t\t\t\t\t\t\t\t\t\t\t\t<img decoding=\"async\" width=\"750\" height=\"750\" src=\"https:\/\/atelierkhanrenew.ch\/wp-content\/uploads\/2021\/04\/sap.jpeg\" class=\"attachment-large size-large wp-image-29721\" alt=\"\" srcset=\"https:\/\/atelierkhanrenew.ch\/wp-content\/uploads\/2021\/04\/sap.jpeg 750w, https:\/\/atelierkhanrenew.ch\/wp-content\/uploads\/2021\/04\/sap-300x300.jpeg 300w, https:\/\/atelierkhanrenew.ch\/wp-content\/uploads\/2021\/04\/sap-100x100.jpeg 100w, https:\/\/atelierkhanrenew.ch\/wp-content\/uploads\/2021\/04\/sap-600x600.jpeg 600w, https:\/\/atelierkhanrenew.ch\/wp-content\/uploads\/2021\/04\/sap-150x150.jpeg 150w\" sizes=\"(max-width: 750px) 100vw, 750px\" \/>\t\t\t\t\t\t\t\t\t\t\t\t\t\t\t<\/div>\n\t\t\t\t<\/div>\n\t\t\t\t\t<\/div>\n\t\t<\/div>\n\t\t\t\t<div class=\"elementor-column elementor-col-50 elementor-top-column elementor-element elementor-element-51f04a6\" data-id=\"51f04a6\" data-element_type=\"column\">\n\t\t\t<div class=\"elementor-widget-wrap elementor-element-populated\">\n\t\t\t\t\t\t\t\t<div class=\"elementor-element elementor-element-58d8680 elementor-widget elementor-widget-heading\" data-id=\"58d8680\" data-element_type=\"widget\" data-widget_type=\"heading.default\">\n\t\t\t\t<div class=\"elementor-widget-container\">\n\t\t\t<h4 class=\"elementor-heading-title elementor-size-default\"><span style=\"color: var( --e-global-color-primary ); font-family: var( --e-global-typography-primary-font-family ), Sans-serif; font-size: 1.75em; font-weight: var( --e-global-typography-primary-font-weight ); background-color: var(--nv-site-bg);\">Saphir Khan <\/span><\/h4>\t\t<\/div>\n\t\t\t\t<\/div>\n\t\t\t\t<div class=\"elementor-element elementor-element-ec52bf2 elementor-widget elementor-widget-text-editor\" data-id=\"ec52bf2\" data-element_type=\"widget\" data-widget_type=\"text-editor.default\">\n\t\t\t\t<div class=\"elementor-widget-container\">\n\t\t\t\t\t\t\t<h2 style=\"font-weight: var( --e-global-typography-primary-font-weight ); letter-spacing: normal; font-family: var( --e-global-typography-primary-font-family ), Sans-serif; color: var( --e-global-color-primary );\" data-elementor-setting-key=\"title\" data-pen-placeholder=\"\u00c9crivez ici...\"><i style=\"color: var( --e-global-color-primary ); font-weight: var( --e-global-typography-primary-font-weight ); text-align: justify; background-color: var(--nv-site-bg); font-family: Roboto, sans-serif; font-size: 16px;\">Member <\/i><i style=\"color: var( --e-global-color-primary ); font-weight: var( --e-global-typography-primary-font-weight ); text-align: justify; background-color: var(--nv-site-bg); font-family: Roboto, sans-serif; font-size: 16px;\">&nbsp;d&#8217;Atelier Khan Renew<\/i><\/h2>\n<div>\n<p style=\"color: #000000; text-align: justify;\" class=\" translation-block\">Interior designer with a bachelor degree<\/p><p style=\"color: #000000; text-align: justify;\"><i><b>Graphic designer<\/b><\/i><\/p>\n<p style=\"color: #000000; text-align: justify;\"><b><i>3D Modeller&nbsp;<\/i><\/b><\/p>\n<p style=\"color: #000000; text-align: justify;\"><b><i>3D Computer Graphics Designer<\/i><\/b><\/p>\n<p style=\"color: #000000; text-align: justify;\"><span style=\"color: var( --e-global-color-primary ); font-family: var( --e-global-typography-text-font-family ), Sans-serif; background-color: var(--nv-site-bg);\"><i><span style=\"font-weight: bold;\">Objects design<\/span><\/i><\/span><\/p>\n<p style=\"color: #000000; text-align: justify;\"><b><i>Retail design&nbsp;<\/i><\/b><\/p>\n<\/div>\t\t\t\t\t\t<\/div>\n\t\t\t\t<\/div>\n\t\t\t\t\t<\/div>\n\t\t<\/div>\n\t\t\t\t\t\t\t<\/div>\n\t\t<\/section>\n\t\t\t\t\t\t\t<\/div>","protected":false},"excerpt":{"rendered":"<p>Sha\u00efma Khan Membre et co-fondatrice d&#8217;Atelier Khan Renew Repr\u00e9sentante de l&#8217;artiste ESENJ. Architecte d&#8217;int\u00e9rieur\u00a0dipl\u00f4m\u00e9e d&#8217;un bachelor avec les f\u00e9licitations du Jury sur\u00a0 la\u00a0r\u00e9habilitation d&#8217;un b\u00e2timent industriel en un logement \u00e9tudiant\u00a0\u00e0 Gen\u00e8ve.\u00a0 Suivi d&#8217;un\u00a0master d&#8217;architecture d&#8217;int\u00e9rieur sur la r\u00e9novation \u00e9cologique du Patrimoine \u00e0 Lausanne. Design d&#8217;objets\u00a0\u00a0 Conseils d\u00e9co\u00a0 Costumise mobiliers \u00a0 Nadia Jane Membre&nbsp; et co-fondatrice&nbsp;de&hellip;&nbsp;<a href=\"https:\/\/atelierkhanrenew.ch\/en\/la-team-2\/\" class=\"\" rel=\"bookmark\">Read More &raquo;<span class=\"screen-reader-text\">team<\/span><\/a><\/p>","protected":false},"author":1,"featured_media":0,"parent":0,"menu_order":0,"comment_status":"closed","ping_status":"closed","template":"page-templates\/template-pagebuilder-full-width.php","meta":{"_uag_custom_page_level_css":"","neve_meta_sidebar":"","neve_meta_container":"","neve_meta_enable_content_width":"","neve_meta_content_width":0,"neve_meta_title_alignment":"","neve_meta_author_avatar":"","neve_post_elements_order":"","neve_meta_disable_header":"","neve_meta_disable_footer":"","neve_meta_disable_title":"","ngg_post_thumbnail":0,"footnotes":""},"class_list":["post-28901","page","type-page","status-publish","hentry"],"yoast_head":"<!-- This site is optimized with the Yoast SEO plugin v21.8 - https:\/\/yoast.com\/wordpress\/plugins\/seo\/ -->\n<title>la team - Atelier Khan Renew<\/title>\n<meta name=\"robots\" content=\"index, follow, max-snippet:-1, max-image-preview:large, max-video-preview:-1\" \/>\n<link rel=\"canonical\" href=\"https:\/\/atelierkhanrenew.ch\/en\/la-team-2\/\" \/>\n<meta property=\"og:locale\" content=\"en_US\" \/>\n<meta property=\"og:type\" content=\"article\" \/>\n<meta property=\"og:title\" content=\"la team - Atelier Khan Renew\" \/>\n<meta property=\"og:description\" content=\"Sha\u00efma Khan Membre et co-fondatrice d&#8217;Atelier Khan Renew Repr\u00e9sentante de l&#8217;artiste ESENJ. Architecte d&#8217;int\u00e9rieur\u00a0dipl\u00f4m\u00e9e d&#8217;un bachelor avec les f\u00e9licitations du Jury sur\u00a0 la\u00a0r\u00e9habilitation d&#8217;un b\u00e2timent industriel en un logement \u00e9tudiant\u00a0\u00e0 Gen\u00e8ve.\u00a0 Suivi d&#8217;un\u00a0master d&#8217;architecture d&#8217;int\u00e9rieur sur la r\u00e9novation \u00e9cologique du Patrimoine \u00e0 Lausanne. Design d&#8217;objets\u00a0\u00a0 Conseils d\u00e9co\u00a0 Costumise mobiliers \u00a0 Nadia Jane Membre&nbsp; et co-fondatrice&nbsp;de&hellip;&nbsp;Read More &raquo;la team\" \/>\n<meta property=\"og:url\" content=\"https:\/\/atelierkhanrenew.ch\/en\/la-team-2\/\" \/>\n<meta property=\"og:site_name\" content=\"Atelier Khan Renew\" \/>\n<meta property=\"article:publisher\" content=\"https:\/\/www.facebook.com\/atelierkhanrenew\" \/>\n<meta property=\"article:modified_time\" content=\"2024-11-01T19:59:18+00:00\" \/>\n<meta property=\"og:image\" content=\"https:\/\/atelierkhanrenew.ch\/wp-content\/uploads\/2021\/04\/picture-1.jpeg\" \/>\n<meta name=\"twitter:card\" content=\"summary_large_image\" \/>\n<meta name=\"twitter:label1\" content=\"Est. reading time\" \/>\n\t<meta name=\"twitter:data1\" content=\"1 minute\" \/>\n<script type=\"application\/ld+json\" class=\"yoast-schema-graph\">{\"@context\":\"https:\/\/schema.org\",\"@graph\":[{\"@type\":\"WebPage\",\"@id\":\"https:\/\/atelierkhanrenew.ch\/la-team-2\/\",\"url\":\"https:\/\/atelierkhanrenew.ch\/la-team-2\/\",\"name\":\"la team - Atelier Khan Renew\",\"isPartOf\":{\"@id\":\"https:\/\/atelierkhanrenew.ch\/#website\"},\"datePublished\":\"2021-02-22T18:08:21+00:00\",\"dateModified\":\"2024-11-01T19:59:18+00:00\",\"breadcrumb\":{\"@id\":\"https:\/\/atelierkhanrenew.ch\/la-team-2\/#breadcrumb\"},\"inLanguage\":\"en-US\",\"potentialAction\":[{\"@type\":\"ReadAction\",\"target\":[\"https:\/\/atelierkhanrenew.ch\/la-team-2\/\"]}]},{\"@type\":\"BreadcrumbList\",\"@id\":\"https:\/\/atelierkhanrenew.ch\/la-team-2\/#breadcrumb\",\"itemListElement\":[{\"@type\":\"ListItem\",\"position\":1,\"name\":\"Accueil\",\"item\":\"https:\/\/atelierkhanrenew.ch\/\"},{\"@type\":\"ListItem\",\"position\":2,\"name\":\"la team\"}]},{\"@type\":\"WebSite\",\"@id\":\"https:\/\/atelierkhanrenew.ch\/#website\",\"url\":\"https:\/\/atelierkhanrenew.ch\/\",\"name\":\"Atelier Khan Renew\",\"description\":\"\",\"publisher\":{\"@id\":\"https:\/\/atelierkhanrenew.ch\/#organization\"},\"potentialAction\":[{\"@type\":\"SearchAction\",\"target\":{\"@type\":\"EntryPoint\",\"urlTemplate\":\"https:\/\/atelierkhanrenew.ch\/?s={search_term_string}\"},\"query-input\":\"required name=search_term_string\"}],\"inLanguage\":\"en-US\"},{\"@type\":\"Organization\",\"@id\":\"https:\/\/atelierkhanrenew.ch\/#organization\",\"name\":\"Atelier Khan Renew\",\"url\":\"https:\/\/atelierkhanrenew.ch\/\",\"logo\":{\"@type\":\"ImageObject\",\"inLanguage\":\"en-US\",\"@id\":\"https:\/\/atelierkhanrenew.ch\/#\/schema\/logo\/image\/\",\"url\":\"https:\/\/atelierkhanrenew.ch\/wp-content\/uploads\/2021\/03\/cropped-Logo-Akr-vectorise\u0301-png-1-e1619189313608.png\",\"contentUrl\":\"https:\/\/atelierkhanrenew.ch\/wp-content\/uploads\/2021\/03\/cropped-Logo-Akr-vectorise\u0301-png-1-e1619189313608.png\",\"width\":512,\"height\":479,\"caption\":\"Atelier Khan Renew\"},\"image\":{\"@id\":\"https:\/\/atelierkhanrenew.ch\/#\/schema\/logo\/image\/\"},\"sameAs\":[\"https:\/\/www.facebook.com\/atelierkhanrenew\",\"https:\/\/www.instagram.com\/akr_compteofficiel\/?hl=fr\",\"https:\/\/www.pinterest.fr\/Atelierkhanrenew\"]}]}<\/script>\n<!-- \/ Yoast SEO plugin. -->","yoast_head_json":{"title":"la team - Atelier Khan Renew","robots":{"index":"index","follow":"follow","max-snippet":"max-snippet:-1","max-image-preview":"max-image-preview:large","max-video-preview":"max-video-preview:-1"},"canonical":"https:\/\/atelierkhanrenew.ch\/en\/la-team-2\/","og_locale":"en_US","og_type":"article","og_title":"la team - Atelier Khan Renew","og_description":"Sha\u00efma Khan Membre et co-fondatrice d&#8217;Atelier Khan Renew Repr\u00e9sentante de l&#8217;artiste ESENJ. Architecte d&#8217;int\u00e9rieur\u00a0dipl\u00f4m\u00e9e d&#8217;un bachelor avec les f\u00e9licitations du Jury sur\u00a0 la\u00a0r\u00e9habilitation d&#8217;un b\u00e2timent industriel en un logement \u00e9tudiant\u00a0\u00e0 Gen\u00e8ve.\u00a0 Suivi d&#8217;un\u00a0master d&#8217;architecture d&#8217;int\u00e9rieur sur la r\u00e9novation \u00e9cologique du Patrimoine \u00e0 Lausanne. Design d&#8217;objets\u00a0\u00a0 Conseils d\u00e9co\u00a0 Costumise mobiliers \u00a0 Nadia Jane Membre&nbsp; et co-fondatrice&nbsp;de&hellip;&nbsp;Read More &raquo;la team","og_url":"https:\/\/atelierkhanrenew.ch\/en\/la-team-2\/","og_site_name":"Atelier Khan Renew","article_publisher":"https:\/\/www.facebook.com\/atelierkhanrenew","article_modified_time":"2024-11-01T19:59:18+00:00","og_image":[{"url":"https:\/\/atelierkhanrenew.ch\/wp-content\/uploads\/2021\/04\/picture-1.jpeg"}],"twitter_card":"summary_large_image","twitter_misc":{"Est. reading time":"1 minute"},"schema":{"@context":"https:\/\/schema.org","@graph":[{"@type":"WebPage","@id":"https:\/\/atelierkhanrenew.ch\/la-team-2\/","url":"https:\/\/atelierkhanrenew.ch\/la-team-2\/","name":"la team - Atelier Khan Renew","isPartOf":{"@id":"https:\/\/atelierkhanrenew.ch\/#website"},"datePublished":"2021-02-22T18:08:21+00:00","dateModified":"2024-11-01T19:59:18+00:00","breadcrumb":{"@id":"https:\/\/atelierkhanrenew.ch\/la-team-2\/#breadcrumb"},"inLanguage":"en-US","potentialAction":[{"@type":"ReadAction","target":["https:\/\/atelierkhanrenew.ch\/la-team-2\/"]}]},{"@type":"BreadcrumbList","@id":"https:\/\/atelierkhanrenew.ch\/la-team-2\/#breadcrumb","itemListElement":[{"@type":"ListItem","position":1,"name":"Accueil","item":"https:\/\/atelierkhanrenew.ch\/"},{"@type":"ListItem","position":2,"name":"la team"}]},{"@type":"WebSite","@id":"https:\/\/atelierkhanrenew.ch\/#website","url":"https:\/\/atelierkhanrenew.ch\/","name":"Atelier Khan Renew","description":"","publisher":{"@id":"https:\/\/atelierkhanrenew.ch\/#organization"},"potentialAction":[{"@type":"SearchAction","target":{"@type":"EntryPoint","urlTemplate":"https:\/\/atelierkhanrenew.ch\/?s={search_term_string}"},"query-input":"required name=search_term_string"}],"inLanguage":"en-US"},{"@type":"Organization","@id":"https:\/\/atelierkhanrenew.ch\/#organization","name":"Atelier Khan Renew","url":"https:\/\/atelierkhanrenew.ch\/","logo":{"@type":"ImageObject","inLanguage":"en-US","@id":"https:\/\/atelierkhanrenew.ch\/#\/schema\/logo\/image\/","url":"https:\/\/atelierkhanrenew.ch\/wp-content\/uploads\/2021\/03\/cropped-Logo-Akr-vectorise\u0301-png-1-e1619189313608.png","contentUrl":"https:\/\/atelierkhanrenew.ch\/wp-content\/uploads\/2021\/03\/cropped-Logo-Akr-vectorise\u0301-png-1-e1619189313608.png","width":512,"height":479,"caption":"Atelier Khan Renew"},"image":{"@id":"https:\/\/atelierkhanrenew.ch\/#\/schema\/logo\/image\/"},"sameAs":["https:\/\/www.facebook.com\/atelierkhanrenew","https:\/\/www.instagram.com\/akr_compteofficiel\/?hl=fr","https:\/\/www.pinterest.fr\/Atelierkhanrenew"]}]}},"uagb_featured_image_src":{"full":false,"thumbnail":false,"medium":false,"medium_large":false,"large":false,"1536x1536":false,"2048x2048":false,"trp-custom-language-flag":false,"neve-blog":false,"woocommerce_thumbnail":false,"woocommerce_single":false,"woocommerce_gallery_thumbnail":false},"uagb_author_info":{"display_name":"shaima.k888@gmail.com","author_link":"https:\/\/atelierkhanrenew.ch\/en\/author\/shaima-k888gmail-com\/"},"uagb_comment_info":0,"uagb_excerpt":"Sha\u00efma Khan Membre et co-fondatrice d&#8217;Atelier Khan Renew Repr\u00e9sentante de l&#8217;artiste ESENJ. Architecte d&#8217;int\u00e9rieur\u00a0dipl\u00f4m\u00e9e d&#8217;un bachelor avec les f\u00e9licitations du Jury sur\u00a0 la\u00a0r\u00e9habilitation d&#8217;un b\u00e2timent industriel en un logement \u00e9tudiant\u00a0\u00e0 Gen\u00e8ve.\u00a0 Suivi d&#8217;un\u00a0master d&#8217;architecture d&#8217;int\u00e9rieur sur la r\u00e9novation \u00e9cologique du Patrimoine \u00e0 Lausanne. Design d&#8217;objets\u00a0\u00a0 Conseils d\u00e9co\u00a0 Costumise mobiliers \u00a0 Nadia Jane Membre&nbsp; et co-fondatrice&nbsp;de&hellip;&nbsp;Read&hellip;","_links":{"self":[{"href":"https:\/\/atelierkhanrenew.ch\/en\/wp-json\/wp\/v2\/pages\/28901","targetHints":{"allow":["GET"]}}],"collection":[{"href":"https:\/\/atelierkhanrenew.ch\/en\/wp-json\/wp\/v2\/pages"}],"about":[{"href":"https:\/\/atelierkhanrenew.ch\/en\/wp-json\/wp\/v2\/types\/page"}],"author":[{"embeddable":true,"href":"https:\/\/atelierkhanrenew.ch\/en\/wp-json\/wp\/v2\/users\/1"}],"replies":[{"embeddable":true,"href":"https:\/\/atelierkhanrenew.ch\/en\/wp-json\/wp\/v2\/comments?post=28901"}],"version-history":[{"count":142,"href":"https:\/\/atelierkhanrenew.ch\/en\/wp-json\/wp\/v2\/pages\/28901\/revisions"}],"predecessor-version":[{"id":33401,"href":"https:\/\/atelierkhanrenew.ch\/en\/wp-json\/wp\/v2\/pages\/28901\/revisions\/33401"}],"wp:attachment":[{"href":"https:\/\/atelierkhanrenew.ch\/en\/wp-json\/wp\/v2\/media?parent=28901"}],"curies":[{"name":"wp","href":"https:\/\/api.w.org\/{rel}","templated":true}]}}